{"id":83432,"date":"2024-10-28T23:10:31","date_gmt":"2024-10-29T04:10:31","guid":{"rendered":"https:\/\/shoply.com\/?post_type=product&#038;p=83432"},"modified":"2025-01-28T21:13:34","modified_gmt":"2025-01-29T02:13:34","slug":"sapphire-gem-petite-de-fleur-collection-engagement-commitment-ring-modern-style-sculpture-one-piece","status":"publish","type":"product","link":"https:\/\/2024.shoply.com\/pt\/produto\/sapphire-gem-petite-de-fleur-collection-engagement-commitment-ring-modern-style-sculpture-one-piece\/","title":{"rendered":"Sapphire Gem &#8211; &#8216;Petite de fleur&#8217; Collection Engagement \/commitment Ring &#8211; Modern Style Sculpture one piece"},"content":{"rendered":"<p>Engagement\/ Dress Ring- 4 claw Solitaire<\/p>\n<h2 style=\"font-weight: 400\"><strong>Somos fabricantes de j\u00f3ias finas, criando pe\u00e7as que d\u00e3o poder e transformam.<\/strong><\/h2>\n<p style=\"font-weight: 400\">Acreditamos que s\u00f3 refor\u00e7ando a liga\u00e7\u00e3o \u00fanica que cada um de n\u00f3s tem com a natureza, com os outros e connosco pr\u00f3prios, podemos capacitar e transformar as pessoas na melhor vers\u00e3o de si mesmas.<\/p>\n<p style=\"font-weight: 400\">Aproveitar as qualidades e virtudes das pedras preciosas para se ligar a cada indiv\u00edduo, obtendo-as eticamente de todo o mundo e transformando-as em verdadeiros s\u00edmbolos que d\u00e3o poder e inspiram a transforma\u00e7\u00e3o.<\/p>\n<p style=\"font-weight: 400\">Inspirados por outras \u00e9pocas e lugares antigos, a nossa abordagem ao design de j\u00f3ias vai para al\u00e9m do simplesmente belo e acaba por se traduzir em pe\u00e7as modernas mas intemporais.<\/p>\n<h2 style=\"font-weight: 400\"><strong>Um verdadeiro compromisso com o abastecimento \u00e9tico: O cora\u00e7\u00e3o da Scott Rogers Design<\/strong><\/h2>\n<p style=\"font-weight: 400\">Na SR, acreditamos que o fornecimento respons\u00e1vel n\u00e3o \u00e9 apenas uma pr\u00e1tica comercial; \u00e9 um valor fundamental que orienta tudo o que fazemos. \u00c9 a PERGUNTA que fazemos: \"Onde est\u00e1 a integridade nisto?\" Scott \u00e9 apaixonado por expressar a sua criatividade e liga\u00e7\u00e3o \u00e0 natureza de uma forma \u00e9tica e ecol\u00f3gica. Tem sido uma viagem de 40 anos e continuamos a crescer, a evoluir e a acarinhar as pessoas que t\u00eam a coragem de fazer esta viagem de auto-aprimoramento connosco. Utilizamos ouro reciclado nas nossas cria\u00e7\u00f5es, reduzindo o nosso impacto ambiental.<\/p>\n<p style=\"font-weight: 400\">O nosso amor pelas pedras preciosas de cor \u00e9 profundo. Todas as nossas gemas prov\u00eam diretamente dos campos de gemas de cada pa\u00eds, apoiando as comunidades\/artes\u00e3os locais e garantindo a autenticidade das nossas pedras. As nossas colec\u00e7\u00f5es \u00fanicas e encomendas personalizadas tamb\u00e9m nos levam em aventuras globais para obter pedras preciosas raras e ex\u00f3ticas de todo o mundo.<\/p>\n<p style=\"font-weight: 400\">By choosing SR, you are supporting our brand and ecosystem that is committed to responsible sourcing, sustainable practices, and the creation of exquisite soul-infused &#8216;Talisman&#8217; jewellery. Located in the hinterland of Byron Bay Australia<\/p>\n<p style=\"font-weight: 400\">","protected":false},"excerpt":{"rendered":"<p><a href=\"https:\/\/shoply.com\/wp-content\/uploads\/2024\/12\/IMG_3608.mov\">V\u00cdDEO DO ANEL DE SAFIRA<\/a><\/p>\n<p><a href=\"https:\/\/shoply.com\/wp-content\/uploads\/2024\/12\/IMG_3610.mov\">VIDEO ON HAND OF SAPPHIRE RING<\/a><\/p>\n<p style=\"font-weight: 400\"><strong>Pe\u00e7as que transformam<\/strong><\/p>\n<p style=\"font-weight: 400\">Modern style Engagement ring &#8211; This one-of-a-kind-is a one piece sculpture and handcrafted in 18CT Yellow Gold set in a 4- claw style Oval Sapphire, sourced from country of origin in Sri Lanka \u00a0&#8211; specially cut by one of our gem cutters and designed to suit the &#8216;Petite de Fleur&#8217; shape of our collection. \u00a0This ring is unique and part of a contemporary look, ideal for a wearer seeking simplicity, a mix of traditional and modern statement of a special occasion .<\/p>\n<p>Handcrafted Modern\/ Contemporary Style- One-piece sculpture<\/p>\n<p>18ct Yellow Gold Setting in 4-claw<\/p>\n<p>BI- COLOR Chocolate brown\/blue Oval Unheated Sapphire -1.68 CT<\/p>\n<p>Origin of Stone &#8211; Sri-Lanka<\/p>\n<p>Size- K-1\/2 UK 5.5 US<\/p>\n<p>660 QV \/ 260 DB \/ 140 CV<\/p>","protected":false},"featured_media":77963,"template":"","meta":{"footnotes":""},"product_brand":[],"product_cat":[206],"product_tag":[267,306,288,397],"class_list":{"0":"post-83432","1":"product","2":"type-product","3":"status-publish","4":"has-post-thumbnail","6":"product_cat-jewelry-250-01-or-more","7":"product_tag-gifts","8":"product_tag-handcrafted","9":"product_tag-love","10":"product_tag-luxury","12":"first","13":"instock","14":"sold-individually","15":"taxable","16":"shipping-taxable","17":"purchasable","18":"product-type-simple"},"bundled_by":[],"bundle_stock_status":"instock","bundle_stock_quantity":null,"bundle_virtual":false,"bundle_layout":"","bundle_add_to_cart_form_location":"","bundle_editable_in_cart":false,"bundle_sold_individually_context":"","bundle_item_grouping":"","bundle_min_size":"","bundle_max_size":"","bundle_price":[],"bundled_items":[],"bundle_sell_ids":[],"group_of_quantity":0,"min_quantity":0,"max_quantity":"","exclude_order_quantity_value_rules":"no","exclude_category_quantity_rules":"no","combine_variations":"no","_links":{"self":[{"href":"https:\/\/2024.shoply.com\/pt\/wp-json\/wp\/v2\/product\/83432","targetHints":{"allow":["GET"]}}],"collection":[{"href":"https:\/\/2024.shoply.com\/pt\/wp-json\/wp\/v2\/product"}],"about":[{"href":"https:\/\/2024.shoply.com\/pt\/wp-json\/wp\/v2\/types\/product"}],"version-history":[{"count":1,"href":"https:\/\/2024.shoply.com\/pt\/wp-json\/wp\/v2\/product\/83432\/revisions"}],"predecessor-version":[{"id":126368,"href":"https:\/\/2024.shoply.com\/pt\/wp-json\/wp\/v2\/product\/83432\/revisions\/126368"}],"wp:featuredmedia":[{"embeddable":true,"href":"https:\/\/2024.shoply.com\/pt\/wp-json\/wp\/v2\/media\/77963"}],"wp:attachment":[{"href":"https:\/\/2024.shoply.com\/pt\/wp-json\/wp\/v2\/media?parent=83432"}],"wp:term":[{"taxonomy":"product_brand","embeddable":true,"href":"https:\/\/2024.shoply.com\/pt\/wp-json\/wp\/v2\/product_brand?post=83432"},{"taxonomy":"product_cat","embeddable":true,"href":"https:\/\/2024.shoply.com\/pt\/wp-json\/wp\/v2\/product_cat?post=83432"},{"taxonomy":"product_tag","embeddable":true,"href":"https:\/\/2024.shoply.com\/pt\/wp-json\/wp\/v2\/product_tag?post=83432"}],"curies":[{"name":"wp","href":"https:\/\/api.w.org\/{rel}","templated":true}]}}