{"id":88076,"date":"2024-11-07T20:17:04","date_gmt":"2024-11-08T01:17:04","guid":{"rendered":"https:\/\/shoply.com\/?post_type=product&#038;p=88076"},"modified":"2025-01-29T12:20:56","modified_gmt":"2025-01-29T17:20:56","slug":"auto-marine-car-boat-cleaner-refill-pack-always-be-ready-for-a-pristine-vehicle","status":"publish","type":"product","link":"https:\/\/2024.shoply.com\/pt\/produto\/auto-marine-car-boat-cleaner-refill-pack-always-be-ready-for-a-pristine-vehicle\/","title":{"rendered":"Auto &#038; Marine (Car &#038; Boat) Cleaner &#038; Refill Pack &#8211; Always Be Ready for a Pristine Vehicle"},"content":{"rendered":"<p><strong>Auto &amp; Marine Cleaner (Carro e Barco) - D\u00ea vida ao seu orgulho e alegria<\/strong><\/p>\n<p>Spray de 500 ml e embalagem de recarga de 5 litros<\/p>\n<p>Limpa o seu autom\u00f3vel por uma fra\u00e7\u00e3o do custo de outros m\u00e9todos e produtos de limpeza de ve\u00edculos sem \u00e1gua, ao mesmo tempo que obt\u00e9m um resultado profissional<\/p>\n<p>- Limpa, d\u00e1 brilho e protege a maioria das superf\u00edcies de autom\u00f3veis e marinhas, por dentro e por fora;<\/p>\n<p>- Lavagem de autom\u00f3veis sem \u00e1gua - Necessidade m\u00ednima ou nula de \u00e1gua, pelo que \u00e9 ideal para utilizar quando a \u00e1gua \u00e9 escassa ou existem restri\u00e7\u00f5es;<\/p>\n<p>- Mantenha o seu carro e barco limpos e brilhantes, utilizando apenas ingredientes naturais;<\/p>\n<p>- Apenas 2 ingredientes naturais e biol\u00f3gicos;<\/p>\n<p>- Ideal para a limpeza de carros, cami\u00f5es, caravanas ou barcos em movimento;<\/p>\n<p>- Apenas ingredientes org\u00e2nicos e naturais, sem produtos qu\u00edmicos agressivos;<\/p>\n<p>- Levanta magicamente a sujidade da superf\u00edcie para que possa simplesmente limpar a sujidade e a fuligem;-<\/p>\n<p>- Limpa facilmente os insectos irritantes dos seus ve\u00edculos;<\/p>\n<p>- Limpeza sem riscos e sem res\u00edduos;<\/p>\n<p>- N\u00e3o cont\u00e9m produtos qu\u00edmicos agressivos, pelo que o seu ve\u00edculo e a sua pele est\u00e3o seguros;<\/p>\n<p>- Apenas \u00e9 necess\u00e1rio meio balde de \u00e1gua para enxaguar intermitentemente a sua esponja ou pano, se utilizar materiais reutiliz\u00e1veis<\/p>\n<p><strong>Seguro na maioria das superf\u00edcies, incluindo:<\/strong><\/p>\n<ul>\n<li>Cromado<\/li>\n<li>Alum\u00ednio<\/li>\n<li>A\u00e7o inoxid\u00e1vel<\/li>\n<li>Pintura<\/li>\n<li>Pl\u00e1stico<\/li>\n<li>Vidro<\/li>\n<li>Couro<\/li>\n<li>Vinil<\/li>\n<li>Borracha<\/li>\n<li>Metal<\/li>\n<li>Tecido<\/li>\n<li>Alcatifa<\/li>\n<\/ul>\n<p>E uma infinidade de outras superf\u00edcies.<\/p>\n<p>- O excesso de pulveriza\u00e7\u00e3o n\u00e3o danifica as superf\u00edcies ou a pele;<\/p>\n<p>- Seguro para fossas s\u00e9pticas e \u00e1guas cinzentas - apenas 2 ingredientes naturais e n\u00e3o t\u00f3xicos que n\u00e3o prejudicam o ambiente<\/p>\n<p><em>** N\u00e3o \u00e9 eficaz em produtos derivados do petr\u00f3leo<\/em><\/p>\n<p><strong>Ingredientes:<\/strong><\/p>\n<ul>\n<li>Hidrossol de c\u00e2nfora<\/li>\n<li>H2O rica em minerais proveniente do interior de Byron Bay<\/li>\n<\/ul>\n<p><strong>100% De fabrico, propriedade e explora\u00e7\u00e3o australianos.<\/strong><\/p>","protected":false},"excerpt":{"rendered":"<h2>Um produto natural e \u00e0 base de plantas, <strong>sem \u00e1gua<\/strong> limpador para o seu carro, cami\u00e3o, bicicleta, caravana, barco ou avi\u00e3o da Wild Organic Ways<\/h2>\n<p>Limpa o interior e o exterior da forma mais impressionante e \u00e9 naturalmente antibacteriano e antif\u00fangico, com um agrad\u00e1vel aroma a ar livre.<\/p>\n<p>Fa\u00e7a com que o seu ve\u00edculo volte a ter um \u00f3timo aspeto por uma fra\u00e7\u00e3o do custo que est\u00e1 a gastar agora e obtenha uma limpeza e brilho superiores num s\u00f3.<\/p>\n<p>Limpa facilmente os insectos e a sujidade dif\u00edcil de remover da superf\u00edcie do ve\u00edculo.<\/p>\n<p>Faz o cromo brilhar nos seus ve\u00edculos antigos.<\/p>\n<p>Dependendo do tamanho do seu ve\u00edculo, \u00e9 prov\u00e1vel que consiga v\u00e1rias limpezas profundas com esta pr\u00e1tica embalagem de recarga.<\/p>\n<p>Liberte o poder not\u00e1vel do hidrossol de c\u00e2nfora e veja a sujidade a levantar magicamente da superf\u00edcie para que possa limp\u00e1-la facilmente.<\/p>\n<p>Seguro para a maioria das superf\u00edcies, incluindo a pele.<\/p>\n<p>Basta pulverizar e limpar.  Lustre com um pano macio e seco para um brilho extra.<\/p>\n<p>100% puro e natural - todos os produtos de limpeza \u00e0 base de plantas, altamente eficazes da Wild Organic Ways.<\/p>\n<ul>\n<li>Spray de 750 ml e recarga de 5 litros.<\/li>\n<\/ul>\n<p>Mais informa\u00e7\u00f5es em baixo<\/p>\n<p><img fetchpriority=\"high\" decoding=\"async\" class=\"aligncenter wp-image-121587 size-full\" src=\"https:\/\/shoply.com\/wp-content\/uploads\/2025\/01\/horiz-icons-white-out-of-black.webp\" alt=\"\" width=\"575\" height=\"89\" srcset=\"https:\/\/2024.shoply.com\/wp-content\/uploads\/2025\/01\/horiz-icons-white-out-of-black.webp 575w, https:\/\/2024.shoply.com\/wp-content\/uploads\/2025\/01\/horiz-icons-white-out-of-black-400x62.webp 400w, https:\/\/2024.shoply.com\/wp-content\/uploads\/2025\/01\/horiz-icons-white-out-of-black-18x3.webp 18w, https:\/\/2024.shoply.com\/wp-content\/uploads\/2025\/01\/horiz-icons-white-out-of-black-150x23.webp 150w, https:\/\/2024.shoply.com\/wp-content\/uploads\/2025\/01\/horiz-icons-white-out-of-black-220x34.webp 220w\" sizes=\"(max-width: 575px) 100vw, 575px\" \/><\/p>","protected":false},"featured_media":91648,"template":"","meta":{"footnotes":""},"product_brand":[],"product_cat":[191,470],"product_tag":[153,319,185,113],"class_list":{"0":"post-88076","1":"product","2":"type-product","3":"status-publish","4":"has-post-thumbnail","6":"product_cat-automotive","7":"product_cat-household-cleaning","8":"product_tag-cleanser","9":"product_tag-home","10":"product_tag-organic","11":"product_tag-vegan","12":"product_shipping_class-shipping-class-3","13":"has-subscription-plans","15":"first","16":"instock","17":"purchasable","18":"product-type-simple"},"bundled_by":[],"bundle_stock_status":"instock","bundle_stock_quantity":null,"bundle_virtual":false,"bundle_layout":"","bundle_add_to_cart_form_location":"","bundle_editable_in_cart":false,"bundle_sold_individually_context":"","bundle_item_grouping":"","bundle_min_size":"","bundle_max_size":"","bundle_price":[],"bundled_items":[],"bundle_sell_ids":[],"group_of_quantity":0,"min_quantity":0,"max_quantity":"","exclude_order_quantity_value_rules":"no","exclude_category_quantity_rules":"no","combine_variations":"no","_links":{"self":[{"href":"https:\/\/2024.shoply.com\/pt\/wp-json\/wp\/v2\/product\/88076","targetHints":{"allow":["GET"]}}],"collection":[{"href":"https:\/\/2024.shoply.com\/pt\/wp-json\/wp\/v2\/product"}],"about":[{"href":"https:\/\/2024.shoply.com\/pt\/wp-json\/wp\/v2\/types\/product"}],"version-history":[{"count":1,"href":"https:\/\/2024.shoply.com\/pt\/wp-json\/wp\/v2\/product\/88076\/revisions"}],"predecessor-version":[{"id":126465,"href":"https:\/\/2024.shoply.com\/pt\/wp-json\/wp\/v2\/product\/88076\/revisions\/126465"}],"wp:featuredmedia":[{"embeddable":true,"href":"https:\/\/2024.shoply.com\/pt\/wp-json\/wp\/v2\/media\/91648"}],"wp:attachment":[{"href":"https:\/\/2024.shoply.com\/pt\/wp-json\/wp\/v2\/media?parent=88076"}],"wp:term":[{"taxonomy":"product_brand","embeddable":true,"href":"https:\/\/2024.shoply.com\/pt\/wp-json\/wp\/v2\/product_brand?post=88076"},{"taxonomy":"product_cat","embeddable":true,"href":"https:\/\/2024.shoply.com\/pt\/wp-json\/wp\/v2\/product_cat?post=88076"},{"taxonomy":"product_tag","embeddable":true,"href":"https:\/\/2024.shoply.com\/pt\/wp-json\/wp\/v2\/product_tag?post=88076"}],"curies":[{"name":"wp","href":"https:\/\/api.w.org\/{rel}","templated":true}]}}