{"id":90263,"date":"2024-11-12T00:07:14","date_gmt":"2024-11-12T05:07:14","guid":{"rendered":"https:\/\/shoply.com\/?post_type=product&#038;p=90263"},"modified":"2025-01-31T14:21:38","modified_gmt":"2025-01-31T19:21:38","slug":"the-observer-audiobook","status":"publish","type":"product","link":"https:\/\/2024.shoply.com\/pt\/produto\/the-observer-audiobook\/","title":{"rendered":"O Observador Audiobook"},"content":{"rendered":"<p><span class=\"a-text-bold a-text-italic\">Livro mais vendido do Wall Street Journal<\/span><\/p>\n<p class=\"a-text-bold a-text-italic\"><span class=\"a-text-bold a-text-italic\">\"Uma obra poderosa com ideias que, uma vez aplicadas, o ajudar\u00e3o a elevar a sua vida a um n\u00edvel completamente novo.\"<br \/>\n-Robin Sharma, autor do bestseller #1\u00a0<\/span><span class=\"a-text-bold a-text-italic\">O Clube 5AM<\/span><span class=\"a-text-bold a-text-italic\">\u00a0e\u00a0<\/span><span class=\"a-text-bold a-text-italic\">O monge que vendeu o seu Ferrari<\/span><\/p>\n<p class=\"a-text-bold a-text-italic\"><span class=\"a-text-bold a-text-italic\">Kat tem tudo - dinheiro, sucesso, reconhecimento, influ\u00eancia - exceto a \u00fanica coisa que deseja desesperadamente: uma vida preenchida. Empres\u00e1ria na ind\u00fastria do vestu\u00e1rio desportivo de alta gama, Kat \u00e9 movida por uma busca incessante de um sucesso cada vez maior.<\/span><\/p>\n<p><span class=\"a-text-bold a-text-italic\">As duas \u00e2ncoras da vida fren\u00e9tica de Kat t\u00eam sido o seu pai, um famoso lan\u00e7ador de basebol que se tornou gestor de equipa, e o seu filho, que est\u00e1 a seguir as pisadas do av\u00f4. Quando ambas as \u00e2ncoras se tornam inst\u00e1veis, a vida de Kat desequilibra-se perigosamente. O mercado e as suas finan\u00e7as alteram-se e as rela\u00e7\u00f5es come\u00e7am a escapar-lhe por entre os dedos. Ansiosa por solu\u00e7\u00f5es, ela procura encontrar uma sabedoria extraordin\u00e1ria em lugares que nunca esperou.<\/span><\/p>\n<p class=\"a-text-bold a-text-italic\"><span class=\"a-text-bold a-text-italic\">O Observador<\/span><span class=\"a-text-bold a-text-italic\">\u00a0desvenda a ideia do pensamento de 180 graus, que muda tudo para Kat. Agora, objectivos aparentemente imposs\u00edveis tornam-se mais claros. \u00c0 medida que Kat se concentra nas coisas certas, o imposs\u00edvel torna-se a sua nova realidade.<\/span><\/p>\n<p class=\"a-text-bold a-text-italic\"><span class=\"a-text-bold a-text-italic\">Transmitido com verdade e sabedoria,\u00a0<\/span><span class=\"a-text-bold a-text-italic\">O Observador<\/span><span class=\"a-text-bold a-text-italic\">\u00a0\u00e9 um cl\u00e1ssico para descobrir o artista m\u00e1ximo dentro de si. Esta hist\u00f3ria intemporal de princ\u00edpios de sucesso \u00e9 mais importante hoje do que nunca, uma vez que a incerteza espreita ao virar da esquina.<\/span><\/p>","protected":false},"excerpt":{"rendered":"<p>Wall Street Journal Best Selling Book \u201cA powerful work with insights that, once applied, will help you lift your life<\/p>","protected":false},"featured_media":90271,"template":"","meta":{"footnotes":""},"product_brand":[],"product_cat":[87],"product_tag":[],"class_list":{"0":"post-90263","1":"product","2":"type-product","3":"status-publish","4":"has-post-thumbnail","6":"product_cat-elearning","8":"first","9":"instock","10":"sale","11":"virtual","12":"sold-individually","13":"taxable","14":"purchasable","15":"product-type-simple"},"bundled_by":[],"bundle_stock_status":"instock","bundle_stock_quantity":null,"bundle_virtual":false,"bundle_layout":"","bundle_add_to_cart_form_location":"","bundle_editable_in_cart":false,"bundle_sold_individually_context":"","bundle_item_grouping":"","bundle_min_size":"","bundle_max_size":"","bundle_price":[],"bundled_items":[],"bundle_sell_ids":[],"group_of_quantity":0,"min_quantity":0,"max_quantity":"","exclude_order_quantity_value_rules":"no","exclude_category_quantity_rules":"no","combine_variations":"no","_links":{"self":[{"href":"https:\/\/2024.shoply.com\/pt\/wp-json\/wp\/v2\/product\/90263","targetHints":{"allow":["GET"]}}],"collection":[{"href":"https:\/\/2024.shoply.com\/pt\/wp-json\/wp\/v2\/product"}],"about":[{"href":"https:\/\/2024.shoply.com\/pt\/wp-json\/wp\/v2\/types\/product"}],"version-history":[{"count":1,"href":"https:\/\/2024.shoply.com\/pt\/wp-json\/wp\/v2\/product\/90263\/revisions"}],"predecessor-version":[{"id":128896,"href":"https:\/\/2024.shoply.com\/pt\/wp-json\/wp\/v2\/product\/90263\/revisions\/128896"}],"wp:featuredmedia":[{"embeddable":true,"href":"https:\/\/2024.shoply.com\/pt\/wp-json\/wp\/v2\/media\/90271"}],"wp:attachment":[{"href":"https:\/\/2024.shoply.com\/pt\/wp-json\/wp\/v2\/media?parent=90263"}],"wp:term":[{"taxonomy":"product_brand","embeddable":true,"href":"https:\/\/2024.shoply.com\/pt\/wp-json\/wp\/v2\/product_brand?post=90263"},{"taxonomy":"product_cat","embeddable":true,"href":"https:\/\/2024.shoply.com\/pt\/wp-json\/wp\/v2\/product_cat?post=90263"},{"taxonomy":"product_tag","embeddable":true,"href":"https:\/\/2024.shoply.com\/pt\/wp-json\/wp\/v2\/product_tag?post=90263"}],"curies":[{"name":"wp","href":"https:\/\/api.w.org\/{rel}","templated":true}]}}