{"id":96455,"date":"2024-11-25T07:15:28","date_gmt":"2024-11-25T12:15:28","guid":{"rendered":"https:\/\/shoply.com\/?post_type=product&#038;p=96455"},"modified":"2025-02-27T12:36:01","modified_gmt":"2025-02-27T17:36:01","slug":"haltbarer-lippenstift-mit-perfekter-deckkraft-warm-red","status":"publish","type":"product","link":"https:\/\/2024.shoply.com\/ru\/product\/haltbarer-lippenstift-mit-perfekter-deckkraft-warm-red\/","title":{"rendered":"Haltbarer Lippenstift mit perfekter Deckkraft! Warm Red"},"content":{"rendered":"<div class=\"product-details__product-attributes\">\n<p>&nbsp;<\/p>\n<div class=\"details-product-attribute\"><span class=\"details-product-attribute__title\"><span style=\"vertical-align: inherit\"><span style=\"vertical-align: inherit\"><span style=\"vertical-align: inherit\"><span style=\"vertical-align: inherit\">\u041c\u0430\u0440\u043a\u0430:\u00a0 <\/span><\/span><\/span><\/span><\/span><span class=\"details-product-attribute__value\"><span style=\"vertical-align: inherit\"><span style=\"vertical-align: inherit\"><span style=\"vertical-align: inherit\"><span style=\"vertical-align: inherit\">Martina Otte Cosmetics\u00ae<\/span><\/span><\/span><\/span><\/span><\/div>\n<\/div>\n<div id=\"productDescription\" class=\"product-details__product-description\">\n<div><span style=\"vertical-align: inherit\"><span style=\"vertical-align: inherit\"><span style=\"vertical-align: inherit\"><span style=\"vertical-align: inherit\">Verleihen Sie Ihrem Alltag einen Hauch von Eleganz mit dem \u201eWarm Red\u201c Lippenstift aus der Heartbeat Collection von Martina Otte Cosmetics\u00ae. Dieser Lippenstift bietet nicht nur eine perfekte Deckkraft, sondern auch eine einzigartige Farbintensit\u00e4t, die Ihre nat\u00fcrliche Sch\u00f6nheit unterstreicht. Speziell f\u00fcr die selbstbewusste Frau entwickelt, kombiniert \u201eWarm Red\u201c sinnliche Verf\u00fchrung mit klassischer Eleganz. Die Besonderheit dieses Produkts liegt in seinem innovativen Spiegeldesign, das es Ihnen erm\u00f6glicht, den Lippenstift jederzeit m\u00fchelos aufzutragen und Ihr Make-up zu perfektionieren. Jeder Lippenstift ist ein Ausdruck von Stil und Funktionalit\u00e4t \u2013 ideal f\u00fcr die moderne Frau, die besonderen Wert auf Qualit\u00e4t und \u00c4sthetik legt. Ob im B\u00fcro oder bei einem Anlass, mit \u201eWarm Red\u201c hinterlassen Sie immer einen bleibenden Eindruck. Entdecken Sie die Sch\u00f6nheit eines Lippenstifts, der so vielseitig ist wie Sie selbst. Hohe Farbpigmente und Deckkraft zaubern wundersch\u00f6ne, gepflegte Lippen Clean Beauty auf Ihren Lippen mit Lippenstiften, die vegan, parabenfrei und ohne Tierversuche sind. Hohe Farbintensit\u00e4t \u00fcber Stunden und Pflege, die Lippenpliseef\u00e4ltchen verschwinden lassen. Vergr\u00f6\u00dfert Ihre Lippen optisch durch einen intensiven Farbbooster Haltbare Lippenstifte, die optisch gr\u00f6\u00dfere Lippen zaubern Sagen Sie Ihren Lippenf\u00e4ltchen bye bye durch die hochpigmentierten und pflegenden Lippenstifte von Martina Otte Cosmetics\u00ae<\/span><\/span><\/span><\/span><\/div>\n<\/div>\n<div>\n<p><span style=\"font-weight: 400\">\u0418\u043d\u0433\u0440\u0435\u0434\u0438\u0435\u043d\u0442\u044b: \u041e\u0437\u043e\u043a\u0435\u0440\u0438\u0442, \u041c\u0438\u043a\u0440\u043e\u043a\u0440\u0438\u0441\u0442\u0430\u043b\u043b\u0438\u0447\u0435\u0441\u043a\u0438\u0439 \u043b\u0438\u043d\u0435\u0439\u043d\u044b\u0439 \u0432\u043e\u0441\u043a, \u0421\u0438\u043d\u0442\u0435\u0442\u0438\u0447\u0435\u0441\u043a\u0438\u0439 \u043a\u0430\u043d\u0434\u0435\u043b\u0442\u043b\u043b\u0430, \u041f\u043e\u043b\u0438\u044d\u0442\u0438\u043b\u0435\u043d, \u041a\u0440\u0435\u043c\u043d\u0435\u0437\u0435\u043c, \u0410\u043b\u044e\u043c\u043e\u0434\u0438\u0438\u0437\u043e\u0441\u0442\u0435\u0430\u0440\u0438\u043b\u043e\u0432\u044b\u0439 \u043c\u0430\u043b\u0430\u0442, \u0411\u0438\u0441-\u0434\u0442\u043a\u043b \u0439\u0446\u0435\u0440\u0438\u0439, \u041f\u043e\u043b\u0438\u0438\u0437\u043e\u0431\u0443\u0442\u0435\u043d, \u042d\u0442\u0438\u043b\u0433\u0435\u043a\u0441\u0438\u043b \u043f\u0430\u0442\u043c\u0442\u0430\u0442, \u0418\u0437\u043e\u043d\u043e\u043d\u0438\u043b \u0426\u043e\u043d\u043e\u043d\u0430\u043d\u043e\u0430\u0442, \u0421\u043a\u0432\u0430\u043b\u0430\u043d, \u041a\u0430\u043f\u0440\u0438\u043b\u043e\u0432\u044b\u0439\/\u041a\u0430\u043f, \u0422\u0440\u0438\u0434\u0435\u0446\u0438\u043b \u0422\u0440\u0442\u043c\u0435\u043b\u043b\u0442\u0430\u0442, CI77492, CI 15850, CI 77510, CI 15985, CI 77891, \u0422\u043e\u043a\u043e\u0444\u0435\u0440\u043e\u043b, \u0410\u0440\u043e\u043c\u0430\u0442,\u00a0<\/span><\/p>\n<p><span style=\"font-weight: 400\">\u0431\u0435\u0437 \u0436\u0435\u0441\u0442\u043e\u043a\u043e\u0441\u0442\u0438, \u0431\u0435\u0437 \u043f\u0430\u0440\u0430\u0431\u0435\u043d\u043e\u0432, \u0432\u0435\u0433\u0430\u043d\u0441\u043a\u0438\u0439<\/span><\/p>\n<\/div>","protected":false},"excerpt":{"rendered":"<h3><b><span style=\"vertical-align: inherit\"><span style=\"vertical-align: inherit\"><span style=\"vertical-align: inherit\"><span style=\"vertical-align: inherit\">Ein Herzschlag f\u00fcr deine Lippen<\/span><\/span><\/span><\/span><\/b><\/h3>\n<p><span style=\"font-weight: 400\"><span style=\"vertical-align: inherit\"><span style=\"vertical-align: inherit\"><span style=\"vertical-align: inherit\"><span style=\"vertical-align: inherit\">\u201e <\/span><\/span><\/span><\/span><\/span><b><span style=\"vertical-align: inherit\"><span style=\"vertical-align: inherit\"><span style=\"vertical-align: inherit\"><span style=\"vertical-align: inherit\">Heartbeat Collection \u2013 Ein Puls f\u00fcr deine Sch\u00f6nheit.<\/span><\/span><\/span><\/span><\/b><\/p>\n<p><span style=\"font-weight: 400\"><span style=\"vertical-align: inherit\"><span style=\"vertical-align: inherit\"><span style=\"vertical-align: inherit\"><span style=\"vertical-align: inherit\">Jeder Lippenstift erz\u00e4hlt eine Geschichte. Unsere neue Heartbeat Collection von Martina Otte Cosmetics\u00ae schl\u00e4gt ein neues Kapitel auf. Mit maximalem Halt und liebevoller Pflege umh\u00fcllen diese veganen, parabenfreien und tierversuchsfreien Lippenstifte deine Lippen und schenken ihnen ein unvergleichliches Gef\u00fchl von Z\u00e4rtlichkeit. Gegen l\u00e4stige Lippenf\u00e4ltchen wirken sie wie ein sanfter Kuss, der deine Lippen glatt und geschmeidig macht. Ein Herzschlag f\u00fcr deine Lippen, ein L\u00e4cheln f\u00fcr deine Seele.<\/span><\/span><\/span><\/span><\/span><\/p>\n<h3><b><span style=\"vertical-align: inherit\"><span style=\"vertical-align: inherit\"><span style=\"vertical-align: inherit\"><span style=\"vertical-align: inherit\">Liebe auf den ersten Auftrag<\/span><\/span><\/span><\/span><\/b><\/h3>\n<p><span style=\"font-weight: 400\"><span style=\"vertical-align: inherit\"><span style=\"vertical-align: inherit\"><span style=\"vertical-align: inherit\"><span style=\"vertical-align: inherit\">\u201e <\/span><\/span><\/span><\/span><\/span><b><span style=\"vertical-align: inherit\"><span style=\"vertical-align: inherit\"><span style=\"vertical-align: inherit\"><span style=\"vertical-align: inherit\">Entdecke die Liebe auf den ersten Auftrag.<\/span><\/span><\/span><\/span><\/b><\/p>\n<p><span style=\"font-weight: 400\"><span style=\"vertical-align: inherit\"><span style=\"vertical-align: inherit\"><span style=\"vertical-align: inherit\"><span style=\"vertical-align: inherit\">Unsere Heartbeat Collection ist mehr als nur Lippenstift. Es ist ein Liebesbeweis an deine Lippen. Mit jedem Auftrag sp\u00fcrst du die intensive Pflege und den langanhaltenden Halt. Die veganen Formeln verw\u00f6hnen deine Lippen und lassen sie voller Lebendigkeit erstrahlen. Sag \u201eJa\u201c zu Farben, die dein Herz h\u00f6her schlagen l\u00e4sst und zu Pflege, die deine Lippen rundum gl\u00fccklich macht.\u201c<\/span><\/span><\/span><\/span><\/span><\/p>\n<p><b><span style=\"vertical-align: inherit\"><span style=\"vertical-align: inherit\"><span style=\"vertical-align: inherit\"><span style=\"vertical-align: inherit\">Dein Herz schl\u00e4gt f\u00fcr Farbe<\/span><\/span><\/span><\/span><\/b><\/p>\n<p><span style=\"font-weight: 400\"><span style=\"vertical-align: inherit\"><span style=\"vertical-align: inherit\"><span style=\"vertical-align: inherit\"><span style=\"vertical-align: inherit\"><span style=\"vertical-align: inherit\"><span style=\"vertical-align: inherit\">&#8221; <\/span><\/span><\/span><\/span><\/span><\/span><\/span><b><span style=\"vertical-align: inherit\"><span style=\"vertical-align: inherit\"><span style=\"vertical-align: inherit\"><span style=\"vertical-align: inherit\"><span style=\"vertical-align: inherit\"><span style=\"vertical-align: inherit\">Farbe bekannt mit der Heartbeat Collection.<\/span><\/span><\/span><\/span><\/span><\/span><\/b><\/p>\n<p><span style=\"font-weight: 400\"><span style=\"vertical-align: inherit\"><span style=\"vertical-align: inherit\"><span style=\"vertical-align: inherit\"><span style=\"vertical-align: inherit\"><span style=\"vertical-align: inherit\"><span style=\"vertical-align: inherit\"><span style=\"vertical-align: inherit\"><span style=\"vertical-align: inherit\">Lass dein Herz f\u00fcr Farbe schlagen und entdecke die vielf\u00e4ltige Palette unserer neuen Lippenstifte. Jede Nuance erz\u00e4hlt eine eigene Geschichte und unterstreicht deine individuelle Sch\u00f6nheit. Die veganen Formeln sorgen f\u00fcr ein gutes Gewissen und die innovative Anti-Falten-Technologie schenkt deinen Lippen ein jugendliches Aussehen. Trau dich, Farbe zu bekennen und deine Lippen zum Strahlen zu bringen.<\/span><\/span><\/span><\/span><\/span><\/span><\/span><\/span><\/span><\/p>","protected":false},"featured_media":147564,"template":"","meta":{"footnotes":""},"product_brand":[],"product_cat":[821,80,384,386],"product_tag":[149,743,111,241,855,592,155,480,542,581,630,398,113,525],"class_list":{"0":"post-96455","1":"product","2":"type-product","3":"status-publish","4":"has-post-thumbnail","6":"product_cat-beauty","7":"product_cat-beauty-health-supplements","8":"product_cat-cosmetics","9":"product_cat-skin-care","10":"product_tag-anti-aging","11":"product_tag-beauty","12":"product_tag-care","13":"product_tag-cosmetics","14":"product_tag-haltbarer-lippenstift-mit-perfekter-deckkraft-warm-red","15":"product_tag-high-quality","16":"product_tag-hyaluronic","17":"product_tag-new-arrivals","18":"product_tag-skin-friendly","19":"product_tag-stylish","20":"product_tag-trendy","21":"product_tag-unique","22":"product_tag-vegan","23":"product_tag-womens","24":"product_shipping_class-shipping-class-2","25":"has-subscription-plans","27":"first","28":"instock","29":"sale","30":"taxable","31":"shipping-taxable","32":"purchasable","33":"product-type-simple"},"bundled_by":[],"bundle_stock_status":"instock","bundle_stock_quantity":null,"bundle_virtual":false,"bundle_layout":"","bundle_add_to_cart_form_location":"","bundle_editable_in_cart":false,"bundle_sold_individually_context":"","bundle_item_grouping":"","bundle_min_size":"","bundle_max_size":"","bundle_price":[],"bundled_items":[],"bundle_sell_ids":[],"group_of_quantity":0,"min_quantity":0,"max_quantity":"","exclude_order_quantity_value_rules":"no","exclude_category_quantity_rules":"no","combine_variations":"no","_links":{"self":[{"href":"https:\/\/2024.shoply.com\/ru\/wp-json\/wp\/v2\/product\/96455","targetHints":{"allow":["GET"]}}],"collection":[{"href":"https:\/\/2024.shoply.com\/ru\/wp-json\/wp\/v2\/product"}],"about":[{"href":"https:\/\/2024.shoply.com\/ru\/wp-json\/wp\/v2\/types\/product"}],"version-history":[{"count":2,"href":"https:\/\/2024.shoply.com\/ru\/wp-json\/wp\/v2\/product\/96455\/revisions"}],"predecessor-version":[{"id":147565,"href":"https:\/\/2024.shoply.com\/ru\/wp-json\/wp\/v2\/product\/96455\/revisions\/147565"}],"wp:featuredmedia":[{"embeddable":true,"href":"https:\/\/2024.shoply.com\/ru\/wp-json\/wp\/v2\/media\/147564"}],"wp:attachment":[{"href":"https:\/\/2024.shoply.com\/ru\/wp-json\/wp\/v2\/media?parent=96455"}],"wp:term":[{"taxonomy":"product_brand","embeddable":true,"href":"https:\/\/2024.shoply.com\/ru\/wp-json\/wp\/v2\/product_brand?post=96455"},{"taxonomy":"product_cat","embeddable":true,"href":"https:\/\/2024.shoply.com\/ru\/wp-json\/wp\/v2\/product_cat?post=96455"},{"taxonomy":"product_tag","embeddable":true,"href":"https:\/\/2024.shoply.com\/ru\/wp-json\/wp\/v2\/product_tag?post=96455"}],"curies":[{"name":"wp","href":"https:\/\/api.w.org\/{rel}","templated":true}]}}