{"id":96544,"date":"2024-11-25T09:55:37","date_gmt":"2024-11-25T14:55:37","guid":{"rendered":"https:\/\/shoply.com\/?post_type=product&#038;p=96544"},"modified":"2025-03-01T06:10:15","modified_gmt":"2025-03-01T11:10:15","slug":"24h-lippentinten-fur-nonstop-farbe-auf-ihren-lippen-red-summerwine","status":"publish","type":"product","link":"https:\/\/2024.shoply.com\/ta\/product\/24h-lippentinten-fur-nonstop-farbe-auf-ihren-lippen-red-summerwine\/","title":{"rendered":"24 \u0bae\u0ba3\u0bbf\u0ba8\u0bc7\u0bb0\u0bae\u0bcd Lippentinten f\u00fcr nonstop Farbe auf Ihren Lippen! \u0bb0\u0bc6\u0b9f\u0bcd \u0b9a\u0bae\u0bcd\u0bae\u0bb0\u0bcd\u0bb5\u0bc8\u0ba9\u0bcd"},"content":{"rendered":"<div class=\"product-details__product-attributes\">\n<p>&nbsp;<\/p>\n<p>&nbsp;<\/p>\n<div class=\"details-product-attribute\"><span class=\"details-product-attribute__title\"><span style=\"vertical-align: inherit\"><span style=\"vertical-align: inherit\">Marke:\u00a0 <\/span><\/span><\/span><span class=\"details-product-attribute__value\"><span style=\"vertical-align: inherit\"><span style=\"vertical-align: inherit\">\u0bae\u0bbe\u0bb0\u0bcd\u0b9f\u0bbf\u0ba9\u0bbe \u0b93\u0b9f\u0bcd\u0b9f\u0bc7 \u0b85\u0bb4\u0b95\u0bc1\u0b9a\u0bbe\u0ba4\u0ba9\u0baa\u0bcd \u0baa\u0bca\u0bb0\u0bc1\u0b9f\u0bcd\u0b95\u0bb3\u0bcd\u00ae<\/span><\/span><\/span><\/div>\n<\/div>\n<div id=\"productDescription\" class=\"product-details__product-description\">\n<div><span style=\"vertical-align: inherit\"><span style=\"vertical-align: inherit\">Erleben Sie reine Farbintensit\u00e4t mit dem MARTINA OTTE COSMETICS\u00ae Lip Tint aus der LA PASSIONE Collection, Modell \u201e01 RED SUMMERWINE\u201c. Dieser Lippenfarbton ist mehr als nur ein Make-up-Produkt; Er ist eine Hommage an Ihre Individualit\u00e4t und Eleganz. Mit seiner langanhaltenden Formel verspricht dieser Lip Tint, Ihre Lippen in einem satten, warmen Rot zu schm\u00fccken, das nicht verschmiert oder die Lippen austrocknet. Ideal f\u00fcr jeden Anlass \u2013 ob f\u00fcr den Alltag oder besondere Events.Ein Beispiel? Stellen Sie sich vor, Sie bereiten sich auf ein Abendessen vor. Mit nur einem Auftrag des Lip Tints verwandeln Sie Ihr L\u00e4cheln, unterstreichen Ihre nat\u00fcrliche Sch\u00f6nheit und f\u00fchlen sich den ganzen Abend \u00fcber selbstbewusst und attraktiv. Entdecken Sie \u201eRED SUMMERWINE\u201c \u2013 Ihre Lippenfarbe, die ebenso einzigartig ist wie Sie selbst. Haltbare Lippentinten mit gl\u00e4nzender Funktion. Haltbarkeit und Pflege in Einem mit den Lippentinten von Martina Otte Cosmetics\u00ae Lift up your Lips! Die Lippentinten von Martina Otte Cosmetics\u00ae in tollen Trendfarben zaubern Ihnen tolle Farbkonstraste auf die Lippen. Haltbare Lippentinten, die Ihre Lippen auch pflegen und optisch vergr\u00f6\u00dfern. Die Lippentinten, die 24h. Halten und pflegen Sie auch Ihre Lippen. Die Lippentinten mit Pflegewirkstoffen verj\u00fcngen Ihre Lippenstruktur und zaubern einen wunderbaren samtigen Glanz auf Ihre Lippen.<\/span><\/span><\/div>\n<div>\n<p><span style=\"font-weight: 400\">\u0ba4\u0bc7\u0bb5\u0bc8\u0baf\u0bbe\u0ba9 \u0baa\u0bca\u0bb0\u0bc1\u0b9f\u0bcd\u0b95\u0bb3\u0bcd:<\/span><\/p>\n<p><span style=\"font-weight: 400\">Mineral Oil, Hydrogenated Polyisobutene, Ozokerite, Micrystle Wax, Euphorbia Cerifera (Candelilla) Wax, May Contain: Red 7 Lake, Red 6, Iron Oxides, Titanium<\/span><\/p>\n<p><span style=\"font-weight: 400\">cruelty free<\/span><\/p>\n<\/div>\n<\/div>","protected":false},"excerpt":{"rendered":"<h2><b><span style=\"vertical-align: inherit\"><span style=\"vertical-align: inherit\">Entdecken Sie die unvergleichliche Haltbarkeit von Martina Otte Cosmetics\u00ae Lippentinten<\/span><\/span><\/b><\/h2>\n<p><b><span style=\"vertical-align: inherit\"><span style=\"vertical-align: inherit\">Lippenfarbe, die bleibt.<\/span><\/span><\/b><\/p>\n<p><span style=\"font-weight: 400\"><span style=\"vertical-align: inherit\"><span style=\"vertical-align: inherit\">Tr\u00e4ume von einer Lippfarbe, die den ganzen Tag h\u00e4lt und dich strahlen l\u00e4sst? Mit den Lippentinten von Martina Otte Cosmetics\u00ae wird dieser Traum Wirklichkeit. Unsere innovativen Formulierungen sorgen f\u00fcr eine intensive Farbe, die nicht verschmiert oder verblasst.<\/span><\/span><\/span><\/p>\n<p><b><span style=\"vertical-align: inherit\"><span style=\"vertical-align: inherit\">Warum du unsere Lippentinten lieben wirst:<\/span><\/span><\/b><\/p>\n<ul>\n<li style=\"font-weight: 400\"><b><span style=\"vertical-align: inherit\"><span style=\"vertical-align: inherit\">Intensive Pigmente: <\/span><\/span><\/b><span style=\"font-weight: 400\"><span style=\"vertical-align: inherit\"><span style=\"vertical-align: inherit\">F\u00fcr eine satte Farbe, die sofort auff\u00e4llt.<\/span><\/span><\/span><\/li>\n<li style=\"font-weight: 400\"><b><span style=\"vertical-align: inherit\"><span style=\"vertical-align: inherit\">Langanhaltende Formel: <\/span><\/span><\/b><span style=\"font-weight: 400\"><span style=\"vertical-align: inherit\"><span style=\"vertical-align: inherit\">Genie\u00dfe stundenlangen Tragekomfort ohne Nachschminken.<\/span><\/span><\/span><\/li>\n<li style=\"font-weight: 400\"><b><span style=\"vertical-align: inherit\"><span style=\"vertical-align: inherit\">Vielf\u00e4ltige Farbauswahl: <\/span><\/span><\/b><span style=\"font-weight: 400\"><span style=\"vertical-align: inherit\"><span style=\"vertical-align: inherit\">Finden Sie Ihre perfekte Nuance f\u00fcr jeden Anlass.<\/span><\/span><\/span><\/li>\n<li style=\"font-weight: 400\"><b><span style=\"vertical-align: inherit\"><span style=\"vertical-align: inherit\">Angenehmer Tragekomfort: <\/span><\/span><\/b><span style=\"font-weight: 400\"><span style=\"vertical-align: inherit\"><span style=\"vertical-align: inherit\">Die leichte Textur trocknet deine Lippen nicht aus.<\/span><\/span><\/span><\/li>\n<li style=\"font-weight: 400\"><b><span style=\"vertical-align: inherit\"><span style=\"vertical-align: inherit\">Pr\u00e4zise Anwendung: <\/span><\/span><\/b><span style=\"font-weight: 400\"><span style=\"vertical-align: inherit\"><span style=\"vertical-align: inherit\">Der Applikator erm\u00f6glicht ein einfaches und pr\u00e4zises Auftragen.<\/span><\/span><\/span><\/li>\n<\/ul>\n<p><b><span style=\"vertical-align: inherit\"><span style=\"vertical-align: inherit\">Deine Lippen, dein Statement.<\/span><\/span><\/b><\/p>\n<p><span style=\"font-weight: 400\"><span style=\"vertical-align: inherit\"><span style=\"vertical-align: inherit\">Mit unseren Lippentinten setzt du ein klares Statement. Ob ein nat\u00fcrlicher Nude-Ton f\u00fcr den Alltag oder eine kr\u00e4ftige Farbe f\u00fcr einen besonderen Anlass \u2013 unsere Lippentinten unterstreichen deine individuelle Sch\u00f6nheit.<\/span><\/span><\/span><\/p>\n<h3><b><span style=\"vertical-align: inherit\"><span style=\"vertical-align: inherit\">Unwiderstehlich und langanhaltend<\/span><\/span><\/b><\/h3>\n<p><b><span style=\"vertical-align: inherit\"><span style=\"vertical-align: inherit\">\u201eEin Kuss f\u00fcr die Ewigkeit.\u201c<\/span><\/span><\/b><\/p>\n<p><span style=\"font-weight: 400\"><span style=\"vertical-align: inherit\"><span style=\"vertical-align: inherit\"><span style=\"vertical-align: inherit\"><span style=\"vertical-align: inherit\"><span style=\"vertical-align: inherit\"><span style=\"vertical-align: inherit\">Unsere Lippentinten sind mehr als nur Farbe \u2013 sie sind ein Versprechen. Ein Versprechen auf dauerhafte Sch\u00f6nheit, das selbst den leidenschaftlichsten Kuss \u00fcbersteht. Mit intensiven Farben und einem samtigen Gef\u00fchl auf den Lippen verleihen sie deinem Look eine unwiderstehliche Note. Erlebe den Luxus von Farbe, die einfach nicht verblasst.<\/span><\/span><\/span><\/span><\/span><\/span><\/span><\/p>\n<h3><b><span style=\"vertical-align: inherit\"><span style=\"vertical-align: inherit\"><span style=\"vertical-align: inherit\"><span style=\"vertical-align: inherit\"><span style=\"vertical-align: inherit\"><span style=\"vertical-align: inherit\">Deine Farbe, dein Statement<\/span><\/span><\/span><\/span><\/span><\/span><\/b><\/h3>\n<p><b><span style=\"vertical-align: inherit\"><span style=\"vertical-align: inherit\"><span style=\"vertical-align: inherit\"><span style=\"vertical-align: inherit\"><span style=\"vertical-align: inherit\"><span style=\"vertical-align: inherit\">\u201eSetze ein Zeichen mit Farbe, die bleibt.\u201c<\/span><\/span><\/span><\/span><\/span><\/span><\/b><\/p>\n<p><span style=\"font-weight: 400\"><span style=\"vertical-align: inherit\"><span style=\"vertical-align: inherit\"><span style=\"vertical-align: inherit\"><span style=\"vertical-align: inherit\"><span style=\"vertical-align: inherit\"><span style=\"vertical-align: inherit\">Unsere Lippentinten sind dein pers\u00f6nliches Statement. W\u00e4hlen Sie aus einer Vielzahl von Nuancen und finden Sie Ihre perfekte Farbe. Ob zart und nat\u00fcrlich oder kr\u00e4ftig und ausdrucksstark \u2013 unsere Lippentinten halten, was sie versprechen. Mit ihnen setzt du ein Zeichen und hinterl\u00e4sst einen unvergesslichen Eindruck.<\/span><\/span><\/span><\/span><\/span><\/span><\/span><\/p>\n<h3><b><span style=\"vertical-align: inherit\"><span style=\"vertical-align: inherit\"><span style=\"vertical-align: inherit\"><span style=\"vertical-align: inherit\"><span style=\"vertical-align: inherit\"><span style=\"vertical-align: inherit\">Freiheit f\u00fcr deine Lippen<\/span><\/span><\/span><\/span><\/span><\/span><\/b><\/h3>\n<p><b><span style=\"vertical-align: inherit\"><span style=\"vertical-align: inherit\"><span style=\"vertical-align: inherit\"><span style=\"vertical-align: inherit\"><span style=\"vertical-align: inherit\"><span style=\"vertical-align: inherit\">\u201eSp\u00fcre die Freiheit, du selbst zu sein.\u201c<\/span><\/span><\/span><\/span><\/span><\/span><\/b><\/p>\n<p><span style=\"font-weight: 400\"><span style=\"vertical-align: inherit\"><span style=\"vertical-align: inherit\"><span style=\"vertical-align: inherit\"><span style=\"vertical-align: inherit\"><span style=\"vertical-align: inherit\"><span style=\"vertical-align: inherit\">Mit unseren Lippentinten kannst du den ganzen Tag lang strahlen, ohne dir Gedanken \u00fcber Nachschminken machen zu m\u00fcssen. Die langlebige Formel sorgt daf\u00fcr, dass deine Lippenfarbe den ganzen Tag \u00fcber frisch und intensiv bleibt. Genie\u00dfe die Freiheit, dich selbst auszudr\u00fccken und deinen Tag zu genie\u00dfen.<\/span><\/span><\/span><\/span><\/span><\/span><\/span><\/p>\n<p><b><span style=\"vertical-align: inherit\"><span style=\"vertical-align: inherit\"><span style=\"vertical-align: inherit\"><span style=\"vertical-align: inherit\"><span style=\"vertical-align: inherit\"><span style=\"vertical-align: inherit\">Was macht unsere Lippentinten so besonders?<\/span><\/span><\/span><\/span><\/span><\/span><\/b><\/p>\n<ul>\n<li style=\"font-weight: 400\"><b><span style=\"vertical-align: inherit\"><span style=\"vertical-align: inherit\"><span style=\"vertical-align: inherit\"><span style=\"vertical-align: inherit\"><span style=\"vertical-align: inherit\"><span style=\"vertical-align: inherit\">Intensive Farben: <\/span><\/span><\/span><\/span><\/span><\/span><\/b><span style=\"font-weight: 400\"><span style=\"vertical-align: inherit\"><span style=\"vertical-align: inherit\"><span style=\"vertical-align: inherit\"><span style=\"vertical-align: inherit\"><span style=\"vertical-align: inherit\"><span style=\"vertical-align: inherit\">Eine breite Palette an Nuancen f\u00fcr jeden Geschmack.<\/span><\/span><\/span><\/span><\/span><\/span><\/span><\/li>\n<li style=\"font-weight: 400\"><b><span style=\"vertical-align: inherit\"><span style=\"vertical-align: inherit\"><span style=\"vertical-align: inherit\"><span style=\"vertical-align: inherit\"><span style=\"vertical-align: inherit\"><span style=\"vertical-align: inherit\">Langanhaltende Formel: <\/span><\/span><\/span><\/span><\/span><\/span><\/b><span style=\"font-weight: 400\"><span style=\"vertical-align: inherit\"><span style=\"vertical-align: inherit\"><span style=\"vertical-align: inherit\"><span style=\"vertical-align: inherit\"><span style=\"vertical-align: inherit\"><span style=\"vertical-align: inherit\">\u00dcber Stunden hinweg leuchtende Farbe.<\/span><\/span><\/span><\/span><\/span><\/span><\/span><\/li>\n<li style=\"font-weight: 400\"><b><span style=\"vertical-align: inherit\"><span style=\"vertical-align: inherit\"><span style=\"vertical-align: inherit\"><span style=\"vertical-align: inherit\"><span style=\"vertical-align: inherit\"><span style=\"vertical-align: inherit\">Angenehmer Tragekomfort: <\/span><\/span><\/span><\/span><\/span><\/span><\/b><span style=\"font-weight: 400\"><span style=\"vertical-align: inherit\"><span style=\"vertical-align: inherit\"><span style=\"vertical-align: inherit\"><span style=\"vertical-align: inherit\"><span style=\"vertical-align: inherit\"><span style=\"vertical-align: inherit\">Samtig weich und nicht austrocknend.<\/span><\/span><\/span><\/span><\/span><\/span><\/span><\/li>\n<li style=\"font-weight: 400\"><b><span style=\"vertical-align: inherit\"><span style=\"vertical-align: inherit\"><span style=\"vertical-align: inherit\"><span style=\"vertical-align: inherit\"><span style=\"vertical-align: inherit\"><span style=\"vertical-align: inherit\">Pr\u00e4zise Anwendung: <\/span><\/span><\/span><\/span><\/span><\/span><\/b><span style=\"font-weight: 400\"><span style=\"vertical-align: inherit\"><span style=\"vertical-align: inherit\"><span style=\"vertical-align: inherit\"><span style=\"vertical-align: inherit\"><span style=\"vertical-align: inherit\"><span style=\"vertical-align: inherit\">F\u00fcr einen perfekten Auftrag.<\/span><\/span><\/span><\/span><\/span><\/span><\/span><\/li>\n<\/ul>\n<p><b><span style=\"vertical-align: inherit\"><span style=\"vertical-align: inherit\"><span style=\"vertical-align: inherit\"><span style=\"vertical-align: inherit\"><span style=\"vertical-align: inherit\"><span style=\"vertical-align: inherit\">Erlebe den Unterschied und verliebe dich in unseren Lippentinten.<\/span><\/span><\/span><\/span><\/span><\/span><\/b><\/p>\n<h2><b><span style=\"vertical-align: inherit\"><span style=\"vertical-align: inherit\"><span style=\"vertical-align: inherit\"><span style=\"vertical-align: inherit\"><span style=\"vertical-align: inherit\"><span style=\"vertical-align: inherit\">\u201eRoter Sommerwein\u201c: Ein Farbtupfer f\u00fcr leidenschaftliche Lippen<\/span><\/span><\/span><\/span><\/span><\/span><\/b><\/h2>\n<p><b><span style=\"vertical-align: inherit\"><span style=\"vertical-align: inherit\"><span style=\"vertical-align: inherit\"><span style=\"vertical-align: inherit\"><span style=\"vertical-align: inherit\"><span style=\"vertical-align: inherit\">Ein Farbton, der Geschichten erz\u00e4hlt<\/span><\/span><\/span><\/span><\/span><\/span><\/b><\/p>\n<p><span style=\"font-weight: 400\"><span style=\"vertical-align: inherit\"><span style=\"vertical-align: inherit\"><span style=\"vertical-align: inherit\"><span style=\"vertical-align: inherit\"><span style=\"vertical-align: inherit\"><span style=\"vertical-align: inherit\">Stell dir vor, deine Lippen sind ein Glas voll feinstem Rotwein. Tiefrot, vollmundig und mit einem Hauch von S\u00fc\u00dfe. Genau dieses Gef\u00fchl vermittelt unsere Lippentinte <\/span><\/span><\/span><\/span><\/span><\/span><\/span><b><span style=\"vertical-align: inherit\"><span style=\"vertical-align: inherit\"><span style=\"vertical-align: inherit\"><span style=\"vertical-align: inherit\"><span style=\"vertical-align: inherit\"><span style=\"vertical-align: inherit\">\u201eRoter Sommerwein\u201c <\/span><\/span><\/span><\/span><\/span><\/span><\/b><span style=\"font-weight: 400\"><span style=\"vertical-align: inherit\"><span style=\"vertical-align: inherit\"><span style=\"vertical-align: inherit\"><span style=\"vertical-align: inherit\"><span style=\"vertical-align: inherit\"><span style=\"vertical-align: inherit\">. Ein Farbton, der Leidenschaft, Eleganz und ein Hauch von Vintage verk\u00f6rpert.<\/span><\/span><\/span><\/span><\/span><\/span><\/span><\/p>\n<p><b><span style=\"vertical-align: inherit\"><span style=\"vertical-align: inherit\"><span style=\"vertical-align: inherit\"><span style=\"vertical-align: inherit\"><span style=\"vertical-align: inherit\"><span style=\"vertical-align: inherit\">\u0bb5\u0bbe\u0bb0\u0bc1\u0bae\u0bcd \u0b9f\u0bc1 \u0b9a\u0bc0 \u0bb2\u0bc8\u0baa\u0bcd\u0bb8\u0bcd\u0b9f\u0bcd \u0bb5\u0bbf\u0bb0\u0bcd\u0bb8\u0bcd\u0b9f\u0bcd:<\/span><\/span><\/span><\/span><\/span><\/span><\/b><\/p>\n<ul>\n<li style=\"font-weight: 400\"><b><span style=\"vertical-align: inherit\"><span style=\"vertical-align: inherit\"><span style=\"vertical-align: inherit\"><span style=\"vertical-align: inherit\"><span style=\"vertical-align: inherit\"><span style=\"vertical-align: inherit\">Intensive Pigmentierung: <\/span><\/span><\/span><\/span><\/span><\/span><\/b><span style=\"font-weight: 400\"><span style=\"vertical-align: inherit\"><span style=\"vertical-align: inherit\"><span style=\"vertical-align: inherit\"><span style=\"vertical-align: inherit\"><span style=\"vertical-align: inherit\"><span style=\"vertical-align: inherit\">Ein sattes Rot, das sofort auff\u00e4llt und deine Lippen zum Strahlen bringt.<\/span><\/span><\/span><\/span><\/span><\/span><\/span><\/li>\n<li style=\"font-weight: 400\"><b><span style=\"vertical-align: inherit\"><span style=\"vertical-align: inherit\"><span style=\"vertical-align: inherit\"><span style=\"vertical-align: inherit\"><span style=\"vertical-align: inherit\"><span style=\"vertical-align: inherit\">Samtiger Glanz: <\/span><\/span><\/span><\/span><\/span><\/span><\/b><span style=\"font-weight: 400\"><span style=\"vertical-align: inherit\"><span style=\"vertical-align: inherit\"><span style=\"vertical-align: inherit\"><span style=\"vertical-align: inherit\"><span style=\"vertical-align: inherit\"><span style=\"vertical-align: inherit\">Ein leicht gl\u00e4nzendes Finish, das deinen Lippen einen Hauch von Luxus verleiht.<\/span><\/span><\/span><\/span><\/span><\/span><\/span><\/li>\n<li style=\"font-weight: 400\"><b><span style=\"vertical-align: inherit\"><span style=\"vertical-align: inherit\"><span style=\"vertical-align: inherit\"><span style=\"vertical-align: inherit\"><span style=\"vertical-align: inherit\"><span style=\"vertical-align: inherit\">Angenehmer Tragekomfort: <\/span><\/span><\/span><\/span><\/span><\/span><\/b><span style=\"font-weight: 400\"><span style=\"vertical-align: inherit\"><span style=\"vertical-align: inherit\"><span style=\"vertical-align: inherit\"><span style=\"vertical-align: inherit\"><span style=\"vertical-align: inherit\"><span style=\"vertical-align: inherit\">Die leichte Formel trocknet deine Lippen nicht aus und sorgt f\u00fcr ein angenehmes Tragegef\u00fchl.<\/span><\/span><\/span><\/span><\/span><\/span><\/span><\/li>\n<li style=\"font-weight: 400\"><b><span style=\"vertical-align: inherit\"><span style=\"vertical-align: inherit\"><span style=\"vertical-align: inherit\"><span style=\"vertical-align: inherit\"><span style=\"vertical-align: inherit\"><span style=\"vertical-align: inherit\">Pr\u00e4zise Anwendung: <\/span><\/span><\/span><\/span><\/span><\/span><\/b><span style=\"font-weight: 400\"><span style=\"vertical-align: inherit\"><span style=\"vertical-align: inherit\"><span style=\"vertical-align: inherit\"><span style=\"vertical-align: inherit\"><span style=\"vertical-align: inherit\"><span style=\"vertical-align: inherit\">Der pr\u00e4zise Applikator erm\u00f6glicht ein einfaches und gleichm\u00e4\u00dfiges Auftragen.<\/span><\/span><\/span><\/span><\/span><\/span><\/span><\/li>\n<\/ul>\n<p><b><span style=\"vertical-align: inherit\"><span style=\"vertical-align: inherit\"><span style=\"vertical-align: inherit\"><span style=\"vertical-align: inherit\"><span style=\"vertical-align: inherit\"><span style=\"vertical-align: inherit\">F\u00fcr jeden Anlass<\/span><\/span><\/span><\/span><\/span><\/span><\/b><\/p>\n<p><span style=\"font-weight: 400\"><span style=\"vertical-align: inherit\"><span style=\"vertical-align: inherit\"><span style=\"vertical-align: inherit\"><span style=\"vertical-align: inherit\"><span style=\"vertical-align: inherit\"><span style=\"vertical-align: inherit\">Ob f\u00fcr einen romantischen Abend, eine festliche Veranstaltung oder einfach nur f\u00fcr einen besonderen Tag \u2013 \u201eRoter Sommerwein\u201c ist die perfekte Wahl. Sie passt zu jedem Hautton und verleiht jedem Look eine elegante Note.<\/span><\/span><\/span><\/span><\/span><\/span><\/span><\/p>\n<p><b><span style=\"vertical-align: inherit\"><span style=\"vertical-align: inherit\"><span style=\"vertical-align: inherit\"><span style=\"vertical-align: inherit\"><span style=\"vertical-align: inherit\"><span style=\"vertical-align: inherit\">Entdecke deine innere Diva<\/span><\/span><\/span><\/span><\/span><\/span><\/b><\/p>\n<p><span style=\"font-weight: 400\"><span style=\"vertical-align: inherit\"><span style=\"vertical-align: inherit\"><span style=\"vertical-align: inherit\"><span style=\"vertical-align: inherit\"><span style=\"vertical-align: inherit\"><span style=\"vertical-align: inherit\">Mit \u201eRoter Sommerwein\u201c setzt du ein klares Statement. Ein Farbton, der sowohl verf\u00fchrerisch als auch zeitlos ist.<\/span><\/span><\/span><\/span><\/span><\/span><\/span><\/p>","protected":false},"featured_media":149299,"template":"","meta":{"footnotes":""},"product_brand":[],"product_cat":[821,80,384],"product_tag":[149,743,111,241,592,832,397,480,398,525],"class_list":{"0":"post-96544","1":"product","2":"type-product","3":"status-publish","4":"has-post-thumbnail","6":"product_cat-beauty","7":"product_cat-beauty-health-supplements","8":"product_cat-cosmetics","9":"product_tag-anti-aging","10":"product_tag-beauty","11":"product_tag-care","12":"product_tag-cosmetics","13":"product_tag-high-quality","14":"product_tag-la-passione-collection-2024-01-red-summerwine-lip-tint-created-by-martina-otte-cosmetics","15":"product_tag-luxury","16":"product_tag-new-arrivals","17":"product_tag-unique","18":"product_tag-womens","19":"product_shipping_class-shipping-class-3","20":"has-subscription-plans","22":"first","23":"instock","24":"sale","25":"taxable","26":"shipping-taxable","27":"purchasable","28":"product-type-simple"},"bundled_by":[],"bundle_stock_status":"instock","bundle_stock_quantity":null,"bundle_virtual":false,"bundle_layout":"","bundle_add_to_cart_form_location":"","bundle_editable_in_cart":false,"bundle_sold_individually_context":"","bundle_item_grouping":"","bundle_min_size":"","bundle_max_size":"","bundle_price":[],"bundled_items":[],"bundle_sell_ids":[],"group_of_quantity":0,"min_quantity":0,"max_quantity":"","exclude_order_quantity_value_rules":"no","exclude_category_quantity_rules":"no","combine_variations":"no","_links":{"self":[{"href":"https:\/\/2024.shoply.com\/ta\/wp-json\/wp\/v2\/product\/96544","targetHints":{"allow":["GET"]}}],"collection":[{"href":"https:\/\/2024.shoply.com\/ta\/wp-json\/wp\/v2\/product"}],"about":[{"href":"https:\/\/2024.shoply.com\/ta\/wp-json\/wp\/v2\/types\/product"}],"version-history":[{"count":3,"href":"https:\/\/2024.shoply.com\/ta\/wp-json\/wp\/v2\/product\/96544\/revisions"}],"predecessor-version":[{"id":149303,"href":"https:\/\/2024.shoply.com\/ta\/wp-json\/wp\/v2\/product\/96544\/revisions\/149303"}],"wp:featuredmedia":[{"embeddable":true,"href":"https:\/\/2024.shoply.com\/ta\/wp-json\/wp\/v2\/media\/149299"}],"wp:attachment":[{"href":"https:\/\/2024.shoply.com\/ta\/wp-json\/wp\/v2\/media?parent=96544"}],"wp:term":[{"taxonomy":"product_brand","embeddable":true,"href":"https:\/\/2024.shoply.com\/ta\/wp-json\/wp\/v2\/product_brand?post=96544"},{"taxonomy":"product_cat","embeddable":true,"href":"https:\/\/2024.shoply.com\/ta\/wp-json\/wp\/v2\/product_cat?post=96544"},{"taxonomy":"product_tag","embeddable":true,"href":"https:\/\/2024.shoply.com\/ta\/wp-json\/wp\/v2\/product_tag?post=96544"}],"curies":[{"name":"wp","href":"https:\/\/api.w.org\/{rel}","templated":true}]}}