{"id":94451,"date":"2024-11-25T03:30:01","date_gmt":"2024-11-25T08:30:01","guid":{"rendered":"https:\/\/shoply.com\/?post_type=product&#038;p=94451"},"modified":"2025-02-26T12:45:19","modified_gmt":"2025-02-26T17:45:19","slug":"perfektes-make-up-in-einer-minute-no-2","status":"publish","type":"product","link":"https:\/\/2024.shoply.com\/tl\/product\/perfektes-make-up-in-einer-minute-no-2\/","title":{"rendered":"Perfektes Make up in einer Minute! No.2"},"content":{"rendered":"<div class=\"product-details__product-attributes\"><span style=\"display: inline-block;width: 0px;overflow: hidden;line-height: 0\" class=\"mce_SELRES_start\">;<\/span><\/p>\n<p>&nbsp;<\/p>\n<div class=\"details-product-attribute\"><span class=\"details-product-attribute__title\"><span style=\"vertical-align: inherit\"><span style=\"vertical-align: inherit\"><span style=\"vertical-align: inherit\"><span style=\"vertical-align: inherit\"><span style=\"vertical-align: inherit\"><span style=\"vertical-align: inherit\"><span style=\"vertical-align: inherit\"><span style=\"vertical-align: inherit\"><span style=\"vertical-align: inherit\"><span style=\"vertical-align: inherit\"><span style=\"vertical-align: inherit\"><span style=\"vertical-align: inherit\">Marke:\u00a0 <\/span><\/span><\/span><\/span><\/span><\/span><\/span><\/span><\/span><\/span><\/span><\/span><\/span><span class=\"details-product-attribute__value\"><span style=\"vertical-align: inherit\"><span style=\"vertical-align: inherit\"><span style=\"vertical-align: inherit\"><span style=\"vertical-align: inherit\"><span style=\"vertical-align: inherit\"><span style=\"vertical-align: inherit\"><span style=\"vertical-align: inherit\"><span style=\"vertical-align: inherit\"><span style=\"vertical-align: inherit\"><span style=\"vertical-align: inherit\"><span style=\"vertical-align: inherit\"><span style=\"vertical-align: inherit\">Martina Otte Cosmetics\u00ae<\/span><\/span><\/span><\/span><\/span><\/span><\/span><\/span><\/span><\/span><\/span><\/span><\/span><\/div>\n<\/div>\n<div id=\"productDescription\" class=\"product-details__product-description\">\n<div><span style=\"vertical-align: inherit\"><span style=\"vertical-align: inherit\"><span style=\"vertical-align: inherit\"><span style=\"vertical-align: inherit\"><span style=\"vertical-align: inherit\"><span style=\"vertical-align: inherit\"><span style=\"vertical-align: inherit\"><span style=\"vertical-align: inherit\"><span style=\"vertical-align: inherit\"><span style=\"vertical-align: inherit\"><span style=\"vertical-align: inherit\"><span style=\"vertical-align: inherit\">Verwandeln Sie Ihren Look in Sekundenschnelle! Entdecken Sie die \u201eAll Cover up Foundation No.2 Naturel Beige\u201c von Martina Otte Cosmetics\u00ae. Diese hochdeckende, lichtreflektierende Foundation wurde f\u00fcr Gesicht und K\u00f6rper konzipiert und \u00fcberzeugt durch ihre Wasserfestigkeit und das seidige Finish. Eine kleine Menge gen\u00fcgt bereits, um Unebenheiten zu kaschieren, R\u00f6tungen zu neutralisieren und kleine Linien sanft auszugleichen. Genie\u00dfen Sie den zus\u00e4tzlichen Liftingeffekt und den integrierten Sonnenschutz mit LSF50. Das Ergebnis? Ein nat\u00fcrlich perfekter Teint, der gepflegt aussieht und langanhaltend strahlt. Ideal f\u00fcr helle Haut und f\u00fcr alle, die eine effektive L\u00f6sung f\u00fcr ein makelloses Aussehen suchen. Make-up und Pflege verleihen Ihnen einen strahlenden und frischen Teint. Durch die wasserfeste Konsistenz ist das Make-up wischfest und h\u00e4lt 24h, ohne abzuf\u00e4rben. Durch das Hybrid Make up, das Pflege und Grundierung vereint, brauchen Sie keinen Concealer und Puder mehr. Hohe Deckkraft und Ergiebigkeit f\u00fcr ein Pflege- und Make-up-Highlight der Extraklasse. Perfekt grundiert durch hohe Deckkraft. Die atmungsaktive Hybrid Foundation mit Pflege verleiht Ihnen ein junges und frisches Aussehen.<\/span><\/span><\/span><\/span><\/span><\/span><\/span><\/span><\/span><\/span><\/span><\/span><\/div>\n<div>\n<p><span style=\"font-weight: 400\"><span style=\"vertical-align: inherit\"><span style=\"vertical-align: inherit\"><span style=\"vertical-align: inherit\"><span style=\"vertical-align: inherit\">Zutaten:<\/span><\/span><\/span><\/span><\/span><\/p>\n<p><span style=\"font-weight: 400\"><span style=\"vertical-align: inherit\"><span style=\"vertical-align: inherit\"><span style=\"vertical-align: inherit\"><span style=\"vertical-align: inherit\">Wasser (Aqua), Cyclopentasiloxan, Bienenwachs (Cera Alba), Stearyl Dimethicone, Isododecan, Cetyl Ethylhexanoat, mikrokristallines Wachs (Crea Microcristal-lina), Ceryl PEG\/PPG-10\/1 Dimethicone, Glyceryl Laurate, Glimmer, Methylparanit, Glimmer Ethylparaben, Butylparaben, Tocopherylacetat, Ascorbylpalmitat, Chamomilla Recutita-Extrakt, Natriumhyaluronat, Kann enthalten\/kann enthalten: Eisenoxide (CI 177491, CI 177492, CI 177499) 177499, Titandioxid<\/span><\/span><\/span><\/span><\/span><\/p>\n<\/div>\n<\/div>","protected":false},"excerpt":{"rendered":"<ul><span style=\"display: inline-block;width: 0px;overflow: hidden;line-height: 0\" class=\"mce_SELRES_start\">;<\/span><\/p>\n<li><span style=\"vertical-align: inherit\"><span style=\"vertical-align: inherit\"><span style=\"vertical-align: inherit\"><span style=\"vertical-align: inherit\"><span style=\"vertical-align: inherit\"><span style=\"vertical-align: inherit\"><span style=\"vertical-align: inherit\"><span style=\"vertical-align: inherit\"><span style=\"vertical-align: inherit\"><span style=\"vertical-align: inherit\"><span style=\"vertical-align: inherit\">Erleben Sie die Symbiose aus Pflege und Make-up sa Martina Otte Cosmetics\u00ae.<\/span><\/span><\/span><\/span><\/span><\/span><\/span><\/span><\/span><\/span><\/span><\/li>\n<li><span style=\"vertical-align: inherit\"><span style=\"vertical-align: inherit\"><span style=\"vertical-align: inherit\"><span style=\"vertical-align: inherit\"><span style=\"vertical-align: inherit\"><span style=\"vertical-align: inherit\"><span style=\"vertical-align: inherit\"><span style=\"vertical-align: inherit\"><span style=\"vertical-align: inherit\"><span style=\"vertical-align: inherit\"><span style=\"vertical-align: inherit\">Dein perfekter Begleiter f\u00fcr jeden Anlass: Wasserfest, langanhaltend und mit Anti-Aging-Effekt.<\/span><\/span><\/span><\/span><\/span><\/span><\/span><\/span><\/span><\/span><\/span><\/li>\n<li><span style=\"vertical-align: inherit\"><span style=\"vertical-align: inherit\"><span style=\"vertical-align: inherit\"><span style=\"vertical-align: inherit\"><span style=\"vertical-align: inherit\"><span style=\"vertical-align: inherit\"><span style=\"vertical-align: inherit\"><span style=\"vertical-align: inherit\"><span style=\"vertical-align: inherit\"><span style=\"vertical-align: inherit\"><span style=\"vertical-align: inherit\">Martina Otte Cosmetics\u00ae bietet hochwertige, wirkstoffreiche Foundations, die Ihre Haut pflegen und gleichzeitig f\u00fcr einen makellosen Look sorgen.<\/span><\/span><\/span><\/span><\/span><\/span><\/span><\/span><\/span><\/span><\/span><\/li>\n<li><span style=\"vertical-align: inherit\"><span style=\"vertical-align: inherit\"><span style=\"vertical-align: inherit\"><span style=\"vertical-align: inherit\"><span style=\"vertical-align: inherit\"><span style=\"vertical-align: inherit\"><span style=\"vertical-align: inherit\"><span style=\"vertical-align: inherit\"><span style=\"vertical-align: inherit\"><span style=\"vertical-align: inherit\"><span style=\"vertical-align: inherit\"><span style=\"vertical-align: inherit\">Zeit sparen und strahlen \u2013 mit unserem innovativen Hybrid Make-up, speziell entwickelt f\u00fcr die moderne Frau.<\/span><\/span><\/span><\/span><\/span><\/span><\/span><\/span><\/span><\/span><\/span><\/span><br \/>\n<h2><b><span style=\"vertical-align: inherit\"><span style=\"vertical-align: inherit\"><span style=\"vertical-align: inherit\"><span style=\"vertical-align: inherit\"><span style=\"vertical-align: inherit\"><span style=\"vertical-align: inherit\">Hybrid-Make-up ni Martina Otte Cosmetics\u00ae: Die perfekte Verbindung ng Pflege und Farbe<\/span><\/span><\/span><\/span><\/span><\/span><\/b><\/h2>\n<p><b><span style=\"vertical-align: inherit\"><span style=\"vertical-align: inherit\"><span style=\"vertical-align: inherit\"><span style=\"vertical-align: inherit\"><span style=\"vertical-align: inherit\"><span style=\"vertical-align: inherit\">Hybrid-Make-up ba ito?<\/span><\/span><\/span><\/span><\/span><\/span><\/b><\/p>\n<p><span style=\"font-weight: 400\"><span style=\"vertical-align: inherit\"><span style=\"vertical-align: inherit\"><span style=\"vertical-align: inherit\"><span style=\"vertical-align: inherit\"><span style=\"vertical-align: inherit\"><span style=\"vertical-align: inherit\">Stell dir vor, deine Hautpflege und dein Make-up verschmelzen zu einem Produkt. Ang Genau das ay Hybrid-Make-up. Es kombiniert die Vorteile innovativer Pflege mit den deckenden Eigenschaften eines Make-ups. Das Ergebnis? Ein strahlender Teint, der gepflegt aussieht und gleichzeitig Unreinheiten abdeckt.<\/span><\/span><\/span><\/span><\/span><\/span><\/span><\/p>\n<p><b><span style=\"vertical-align: inherit\"><span style=\"vertical-align: inherit\"><span style=\"vertical-align: inherit\"><span style=\"vertical-align: inherit\"><span style=\"vertical-align: inherit\"><span style=\"vertical-align: inherit\">Nakikita ba ang Hybrid-Make-up ni Martina Otte Cosmetics\u00ae?<\/span><\/span><\/span><\/span><\/span><\/span><\/b><\/p>\n<p><span style=\"font-weight: 400\"><span style=\"vertical-align: inherit\"><span style=\"vertical-align: inherit\"><span style=\"vertical-align: inherit\"><span style=\"vertical-align: inherit\"><span style=\"vertical-align: inherit\"><span style=\"vertical-align: inherit\">Die Hybrid-Produkte ng Martina Otte Cosmetics\u00ae sind so conzipiert, dass sie Ihrer Haut nicht nur Farbe verleihen, sondern sie auch pflegen und sch\u00fctzen. Hier sind einige Vorteile, die du erwarten kannst:<\/span><\/span><\/span><\/span><\/span><\/span><\/span><\/p>\n<ul>\n<li style=\"font-weight: 400\"><b><span style=\"vertical-align: inherit\"><span style=\"vertical-align: inherit\"><span style=\"vertical-align: inherit\"><span style=\"vertical-align: inherit\"><span style=\"vertical-align: inherit\"><span style=\"vertical-align: inherit\">Perpektong Deckkraft: <\/span><\/span><\/span><\/span><\/span><\/span><\/b><span style=\"font-weight: 400\"><span style=\"vertical-align: inherit\"><span style=\"vertical-align: inherit\"><span style=\"vertical-align: inherit\"><span style=\"vertical-align: inherit\"><span style=\"vertical-align: inherit\"><span style=\"vertical-align: inherit\">Ob leichte T\u00f6nung oder vollst\u00e4ndige Abdeckung \u2013 unsere Hybrid-Produkte pasen sich deinen Bed\u00fcrfnissen an und kaschieren Unreinheiten, R\u00f6tungen und Augenringe.<\/span><\/span><\/span><\/span><\/span><\/span><\/span><\/li>\n<li style=\"font-weight: 400\"><b><span style=\"vertical-align: inherit\"><span style=\"vertical-align: inherit\"><span style=\"vertical-align: inherit\"><span style=\"vertical-align: inherit\"><span style=\"vertical-align: inherit\"><span style=\"vertical-align: inherit\"><span style=\"vertical-align: inherit\"><span style=\"vertical-align: inherit\">Intensive Pflege: <\/span><\/span><\/span><\/span><\/span><\/span><\/span><\/span><\/b><span style=\"font-weight: 400\"><span style=\"vertical-align: inherit\"><span style=\"vertical-align: inherit\"><span style=\"vertical-align: inherit\"><span style=\"vertical-align: inherit\"><span style=\"vertical-align: inherit\"><span style=\"vertical-align: inherit\"><span style=\"vertical-align: inherit\"><span style=\"vertical-align: inherit\">Hochwertige Inhaltsstoffe wie Hyalurons\u00e4ure, Vitamine und Antioxidantien versorgen Ihre Haut mit Feuchtigkeit, sch\u00fctzen sie vor Umwelteinfl\u00fcssen und f\u00f6rdern ihre Regeneration.<\/span><\/span><\/span><\/span><\/span><\/span><\/span><\/span><\/span><\/li>\n<li style=\"font-weight: 400\"><b><span style=\"vertical-align: inherit\"><span style=\"vertical-align: inherit\"><span style=\"vertical-align: inherit\"><span style=\"vertical-align: inherit\"><span style=\"vertical-align: inherit\"><span style=\"vertical-align: inherit\"><span style=\"vertical-align: inherit\"><span style=\"vertical-align: inherit\">Tapos na Naturliches: <\/span><\/span><\/span><\/span><\/span><\/span><\/span><\/span><\/b><span style=\"font-weight: 400\"><span style=\"vertical-align: inherit\"><span style=\"vertical-align: inherit\"><span style=\"vertical-align: inherit\"><span style=\"vertical-align: inherit\"><span style=\"vertical-align: inherit\"><span style=\"vertical-align: inherit\"><span style=\"vertical-align: inherit\"><span style=\"vertical-align: inherit\">Unsere Hybrid-Produkte hinterlassen ein ebenm\u00e4\u00dfiges, nat\u00fcrliches Finish, als du kein Make-up aufgetragen hast.<\/span><\/span><\/span><\/span><\/span><\/span><\/span><\/span><\/span><\/li>\n<li style=\"font-weight: 400\"><b><span style=\"vertical-align: inherit\"><span style=\"vertical-align: inherit\"><span style=\"vertical-align: inherit\"><span style=\"vertical-align: inherit\"><span style=\"vertical-align: inherit\"><span style=\"vertical-align: inherit\"><span style=\"vertical-align: inherit\"><span style=\"vertical-align: inherit\">Langanhaltende Wirkung: <\/span><\/span><\/span><\/span><\/span><\/span><\/span><\/span><\/b><span style=\"font-weight: 400\"><span style=\"vertical-align: inherit\"><span style=\"vertical-align: inherit\"><span style=\"vertical-align: inherit\"><span style=\"vertical-align: inherit\"><span style=\"vertical-align: inherit\"><span style=\"vertical-align: inherit\"><span style=\"vertical-align: inherit\"><span style=\"vertical-align: inherit\">Genie\u00dfen Sie den ganzen Tag \u00fcber einen frischen und strahlenden Teint.<\/span><\/span><\/span><\/span><\/span><\/span><\/span><\/span><\/span><\/li>\n<li style=\"font-weight: 400\"><b><span style=\"vertical-align: inherit\"><span style=\"vertical-align: inherit\"><span style=\"vertical-align: inherit\"><span style=\"vertical-align: inherit\"><span style=\"vertical-align: inherit\"><span style=\"vertical-align: inherit\"><span style=\"vertical-align: inherit\"><span style=\"vertical-align: inherit\">Multifunctional Anwendung: <\/span><\/span><\/span><\/span><\/span><\/span><\/span><\/span><\/b><span style=\"font-weight: 400\"><span style=\"vertical-align: inherit\"><span style=\"vertical-align: inherit\"><span style=\"vertical-align: inherit\"><span style=\"vertical-align: inherit\"><span style=\"vertical-align: inherit\"><span style=\"vertical-align: inherit\"><span style=\"vertical-align: inherit\"><span style=\"vertical-align: inherit\">Viele unserer Hybrid-Produkte k\u00f6nnen sowohl als Foundation, Concealer als auch als leichte Tagescreme verwendet werden.<\/span><\/span><\/span><\/span><\/span><\/span><\/span><\/span><\/span><\/li>\n<\/ul>\n<p><b><span style=\"vertical-align: inherit\"><span style=\"vertical-align: inherit\"><span style=\"vertical-align: inherit\"><span style=\"vertical-align: inherit\"><span style=\"vertical-align: inherit\"><span style=\"vertical-align: inherit\"><span style=\"vertical-align: inherit\"><span style=\"vertical-align: inherit\">Warum Hybrid-Make-up ng Martina Otte Cosmetics\u00ae?<\/span><\/span><\/span><\/span><\/span><\/span><\/span><\/span><\/b><\/p>\n<ul>\n<li style=\"font-weight: 400\"><b><span style=\"vertical-align: inherit\"><span style=\"vertical-align: inherit\"><span style=\"vertical-align: inherit\"><span style=\"vertical-align: inherit\"><span style=\"vertical-align: inherit\"><span style=\"vertical-align: inherit\"><span style=\"vertical-align: inherit\"><span style=\"vertical-align: inherit\">Individuelle L\u00f6sungen: <\/span><\/span><\/span><\/span><\/span><\/span><\/span><\/span><\/b><span style=\"font-weight: 400\"><span style=\"vertical-align: inherit\"><span style=\"vertical-align: inherit\"><span style=\"vertical-align: inherit\"><span style=\"vertical-align: inherit\"><span style=\"vertical-align: inherit\"><span style=\"vertical-align: inherit\"><span style=\"vertical-align: inherit\"><span style=\"vertical-align: inherit\">Wir bieten eine Vielzahl von Hybrid-Produkten f\u00fcr jeden Hauttyp und jede Anforderung.<\/span><\/span><\/span><\/span><\/span><\/span><\/span><\/span><\/span><\/li>\n<li style=\"font-weight: 400\"><b><span style=\"vertical-align: inherit\"><span style=\"vertical-align: inherit\"><span style=\"vertical-align: inherit\"><span style=\"vertical-align: inherit\"><span style=\"vertical-align: inherit\"><span style=\"vertical-align: inherit\"><span style=\"vertical-align: inherit\"><span style=\"vertical-align: inherit\">Katangian ng H\u00f6chste: <\/span><\/span><\/span><\/span><\/span><\/span><\/span><\/span><\/b><span style=\"font-weight: 400\"><span style=\"vertical-align: inherit\"><span style=\"vertical-align: inherit\"><span style=\"vertical-align: inherit\"><span style=\"vertical-align: inherit\"><span style=\"vertical-align: inherit\"><span style=\"vertical-align: inherit\"><span style=\"vertical-align: inherit\"><span style=\"vertical-align: inherit\">Unsere Produkte werden aus hochwertigen, sorgf\u00e4ltig ausgew\u00e4hlten Inhaltsstoffen hergestellt.<\/span><\/span><\/span><\/span><\/span><\/span><\/span><\/span><\/span><\/li>\n<\/ul>\n<p><span style=\"font-weight: 400\"><span style=\"vertical-align: inherit\"><span style=\"vertical-align: inherit\"><span style=\"vertical-align: inherit\"><span style=\"vertical-align: inherit\"><span style=\"vertical-align: inherit\"><span style=\"vertical-align: inherit\"><span style=\"vertical-align: inherit\"><span style=\"vertical-align: inherit\">\u00dcberzeuge ich Dich selbst und definiere Deine eigene Sch\u00f6nheit mit dem Hybrid Make up ng Martina Otte Cosmetics\u00ae<\/span><\/span><\/span><\/span><\/span><\/span><\/span><\/span><\/span><\/p>\n<p><span style=\"vertical-align: inherit\"><span style=\"vertical-align: inherit\"><span style=\"vertical-align: inherit\"><span style=\"vertical-align: inherit\"><span style=\"vertical-align: inherit\">\u00a0<\/span><\/span><\/span><\/span><\/span><\/li>\n<\/ul>","protected":false},"featured_media":147089,"template":"","meta":{"footnotes":""},"product_brand":[],"product_cat":[77],"product_tag":[149,174,743,140],"class_list":{"0":"post-94451","1":"product","2":"type-product","3":"status-publish","4":"has-post-thumbnail","6":"product_cat-uncategorized","7":"product_tag-anti-aging","8":"product_tag-anti-inflammatory","9":"product_tag-beauty","10":"product_tag-skin-care","11":"has-subscription-plans","13":"first","14":"instock","15":"sale","16":"taxable","17":"shipping-taxable","18":"purchasable","19":"product-type-simple"},"bundled_by":[],"bundle_stock_status":"instock","bundle_stock_quantity":null,"bundle_virtual":false,"bundle_layout":"","bundle_add_to_cart_form_location":"","bundle_editable_in_cart":false,"bundle_sold_individually_context":"","bundle_item_grouping":"","bundle_min_size":"","bundle_max_size":"","bundle_price":[],"bundled_items":[],"bundle_sell_ids":[],"group_of_quantity":0,"min_quantity":0,"max_quantity":"","exclude_order_quantity_value_rules":"no","exclude_category_quantity_rules":"no","combine_variations":"no","_links":{"self":[{"href":"https:\/\/2024.shoply.com\/tl\/wp-json\/wp\/v2\/product\/94451","targetHints":{"allow":["GET"]}}],"collection":[{"href":"https:\/\/2024.shoply.com\/tl\/wp-json\/wp\/v2\/product"}],"about":[{"href":"https:\/\/2024.shoply.com\/tl\/wp-json\/wp\/v2\/types\/product"}],"version-history":[{"count":3,"href":"https:\/\/2024.shoply.com\/tl\/wp-json\/wp\/v2\/product\/94451\/revisions"}],"predecessor-version":[{"id":147091,"href":"https:\/\/2024.shoply.com\/tl\/wp-json\/wp\/v2\/product\/94451\/revisions\/147091"}],"wp:featuredmedia":[{"embeddable":true,"href":"https:\/\/2024.shoply.com\/tl\/wp-json\/wp\/v2\/media\/147089"}],"wp:attachment":[{"href":"https:\/\/2024.shoply.com\/tl\/wp-json\/wp\/v2\/media?parent=94451"}],"wp:term":[{"taxonomy":"product_brand","embeddable":true,"href":"https:\/\/2024.shoply.com\/tl\/wp-json\/wp\/v2\/product_brand?post=94451"},{"taxonomy":"product_cat","embeddable":true,"href":"https:\/\/2024.shoply.com\/tl\/wp-json\/wp\/v2\/product_cat?post=94451"},{"taxonomy":"product_tag","embeddable":true,"href":"https:\/\/2024.shoply.com\/tl\/wp-json\/wp\/v2\/product_tag?post=94451"}],"curies":[{"name":"wp","href":"https:\/\/api.w.org\/{rel}","templated":true}]}}