{"id":102798,"date":"2024-12-05T15:07:20","date_gmt":"2024-12-05T20:07:20","guid":{"rendered":"https:\/\/shoply.com\/?post_type=product&#038;p=102798"},"modified":"2025-02-05T13:25:40","modified_gmt":"2025-02-05T18:25:40","slug":"honey-dont-worry-round-here-we-leave-the-judging-to-jesus-crew-neck","status":"publish","type":"product","link":"https:\/\/2024.shoply.com\/tr\/urun\/honey-dont-worry-round-here-we-leave-the-judging-to-jesus-crew-neck\/","title":{"rendered":"Tatl\u0131m Endi\u015felenme Buralarda Yarg\u0131lamay\u0131 \u0130sa'ya B\u0131rak\u0131yoruz Bisiklet Yaka"},"content":{"rendered":"<p>Tatl\u0131m Endi\u015felenme Buralarda Yarg\u0131lamay\u0131 \u0130sa'ya B\u0131rak\u0131yoruz Bisiklet Yaka<\/p>\n<ul id=\"product-features\" class=\"product-details-features__list\">\n<li class=\"product-details-features__feature\"><span class=\"product-details-features__text\">8 oz., 50% pamuk, 50% polyester<\/span><\/li>\n<li class=\"product-details-features__feature\"><span class=\"product-details-features__text\">Heather Sport renkleri: 60% polyester, 40% pamuk<\/span><\/li>\n<li class=\"product-details-features__feature\"><span class=\"product-details-features__text\">G\u00fcvenlik Turuncusu ANSI - ISEA 107 Y\u00fcksek G\u00f6r\u00fcn\u00fcrl\u00fck Standartlar\u0131 ile uyumludur<\/span><\/li>\n<li class=\"product-details-features__feature\"><span class=\"product-details-features__text\">1\u00d71 nerv\u00fcrl\u00fc yaka, man\u015fetler ve spandeksli bel band\u0131<\/span><\/li>\n<li class=\"product-details-features__feature\"><span class=\"product-details-features__text\">Boydan boya \u00e7ift i\u011fne diki\u015f<\/span><\/li>\n<li class=\"product-details-features__feature\"><span class=\"product-details-features__text\">Yast\u0131klara dayan\u0131kl\u0131 hava jetli iplik<\/span><\/li>\n<li class=\"product-details-features__feature\">Serigrafi transfer<\/li>\n<\/ul>\n<p>Bak\u0131m Talimatlar\u0131: Giysiyi ters \u00e7evirin, benzer renklerle so\u011fuk suda makinede y\u0131kay\u0131n. A\u011fart\u0131c\u0131 kullanmay\u0131n ve d\u00fc\u015f\u00fck \u0131s\u0131da kurutun. Transfer \u00fczerine \u00fct\u00fc yapmay\u0131n\u0131z.<\/p>","protected":false},"excerpt":{"rendered":"<p>Tatl\u0131m Endi\u015felenme Buralarda Yarg\u0131lamay\u0131 \u0130sa'ya B\u0131rak\u0131yoruz Bisiklet Yaka<\/p>\n<p>&nbsp;<\/p>","protected":false},"featured_media":102807,"template":"","meta":{"footnotes":""},"product_brand":[],"product_cat":[255,250,103],"product_tag":[263,264,120,374,258,305,259],"class_list":{"0":"post-102798","1":"product","2":"type-product","3":"status-publish","4":"has-post-thumbnail","6":"product_cat-apparel","7":"product_cat-apparel-accessories","8":"product_cat-clothing-and-accessories","9":"product_tag-apparel","10":"product_tag-christian","11":"product_tag-clothing","12":"product_tag-crewneck-2","13":"product_tag-fall","14":"product_tag-graphic","15":"product_tag-shirts","16":"product_shipping_class-shipping-class-1","18":"first","19":"instock","20":"taxable","21":"shipping-taxable","22":"purchasable","23":"product-type-variable"},"bundled_by":[],"bundle_stock_status":"instock","bundle_stock_quantity":50,"bundle_virtual":false,"bundle_layout":"","bundle_add_to_cart_form_location":"","bundle_editable_in_cart":false,"bundle_sold_individually_context":"","bundle_item_grouping":"","bundle_min_size":"","bundle_max_size":"","bundle_price":[],"bundled_items":[],"bundle_sell_ids":[],"group_of_quantity":0,"min_quantity":0,"max_quantity":"","exclude_order_quantity_value_rules":"no","exclude_category_quantity_rules":"no","combine_variations":"no","_links":{"self":[{"href":"https:\/\/2024.shoply.com\/tr\/wp-json\/wp\/v2\/product\/102798","targetHints":{"allow":["GET"]}}],"collection":[{"href":"https:\/\/2024.shoply.com\/tr\/wp-json\/wp\/v2\/product"}],"about":[{"href":"https:\/\/2024.shoply.com\/tr\/wp-json\/wp\/v2\/types\/product"}],"version-history":[{"count":1,"href":"https:\/\/2024.shoply.com\/tr\/wp-json\/wp\/v2\/product\/102798\/revisions"}],"predecessor-version":[{"id":126266,"href":"https:\/\/2024.shoply.com\/tr\/wp-json\/wp\/v2\/product\/102798\/revisions\/126266"}],"wp:featuredmedia":[{"embeddable":true,"href":"https:\/\/2024.shoply.com\/tr\/wp-json\/wp\/v2\/media\/102807"}],"wp:attachment":[{"href":"https:\/\/2024.shoply.com\/tr\/wp-json\/wp\/v2\/media?parent=102798"}],"wp:term":[{"taxonomy":"product_brand","embeddable":true,"href":"https:\/\/2024.shoply.com\/tr\/wp-json\/wp\/v2\/product_brand?post=102798"},{"taxonomy":"product_cat","embeddable":true,"href":"https:\/\/2024.shoply.com\/tr\/wp-json\/wp\/v2\/product_cat?post=102798"},{"taxonomy":"product_tag","embeddable":true,"href":"https:\/\/2024.shoply.com\/tr\/wp-json\/wp\/v2\/product_tag?post=102798"}],"curies":[{"name":"wp","href":"https:\/\/api.w.org\/{rel}","templated":true}]}}