{"id":104721,"date":"2024-12-11T00:17:13","date_gmt":"2024-12-11T05:17:13","guid":{"rendered":"https:\/\/shoply.com\/product\/do-no-harm-take-no-sht-mist\/"},"modified":"2025-02-12T17:19:26","modified_gmt":"2025-02-12T22:19:26","slug":"do-no-harm-take-no-sht-perfume","status":"publish","type":"product","link":"https:\/\/2024.shoply.com\/tr\/urun\/do-no-harm-take-no-sht-perfume\/","title":{"rendered":"Do No Harm, Take no Sh*t Perfume"},"content":{"rendered":"<h3><strong>Do No Harm, Take No Sh*t Perfume \u2013 Ritual Fragrance Collection<\/strong><\/h3>\n<p><strong>Temiz | Ftalat \u0130\u00e7ermeyen | Paraben \u0130\u00e7ermeyen | Cilt G\u00fcvenli<\/strong><\/p>\n<p>Find your balance and restore harmony with <strong>Do No Harm, Take No Sh*t Perfume<\/strong>, a blend designed to encourage well-being, grounding, and emotional stability. This clean, skin-safe fragrance weaves fresh, earthy, and soft notes into a calming and revitalizing scent. Infused with the stabilizing energy of <strong>Amazonite<\/strong>, this perfume is a ritual tool for balance and protection wherever you go.<\/p>\n<p><strong>\u2728 \u00d6zellikler ve Faydalar:<\/strong><\/p>\n<ul>\n<li><strong>Kristal A\u015f\u0131l\u0131 Form\u00fcl<\/strong>: Amazonite for balance, emotional healing, and grounding.<\/li>\n<li><strong>Temiz Koku<\/strong>: Ftalat veya paraben i\u00e7ermeden \u00fcretilmi\u015ftir ve cilde nazik davranacak \u015fekilde tasarlanm\u0131\u015ft\u0131r.<\/li>\n<li><strong>Rit\u00fcele Haz\u0131r Tasar\u0131m<\/strong>: Carry your intentions for harmony and well-being with you every day.<\/li>\n<li><strong>L\u00fcks Sunum<\/strong>: Sergilemek veya hediye etmek i\u00e7in m\u00fckemmel, zarif bir tasar\u0131ma sahip 4 oz'luk \u015f\u0131k bir \u015fi\u015fede bulunur.<\/li>\n<\/ul>\n<p><strong>? Koku Bile\u015fimi:<\/strong><\/p>\n<ul>\n<li><strong>\u00dcst Notlar<\/strong>: Fresh Eucalyptus<\/li>\n<li><strong>Kalp Notlar\u0131<\/strong>: Warm Sandalwood<\/li>\n<li><strong>Temel Notalar<\/strong>: Soft Musk<\/li>\n<\/ul>\n<p><strong>? Nas\u0131l Hissettiriyor?<\/strong><br \/>\nImagine walking into a serene spa-like space, where the crisp freshness of eucalyptus clears your mind, the warmth of sandalwood grounds your spirit, and the soft musk wraps you in a comforting embrace. This scent creates a peaceful aura to help you stay balanced and calm.<\/p>\n<p><strong>?\ufe0f \u00d6nerilen Rit\u00fcel:<\/strong><\/p>\n<ol>\n<li>Hold the perfume bottle in your hands and take three deep breaths, setting your intention for balance and emotional well-being.<\/li>\n<li>Focus on the calming and grounding energy of Amazonite, visualizing its stabilizing vibrations flowing through you.<\/li>\n<li>Bu onaylamay\u0131 tekrarlayarak parf\u00fcm\u00fc nab\u0131z noktalar\u0131n\u0131za uygulay\u0131n: <em>&#8220;I am grounded, calm, and at peace.&#8221;<\/em><\/li>\n<\/ol>\n<p><strong>\u2728 Kimin i\u00e7in?<\/strong><br \/>\nE\u011fer...<\/p>\n<ul>\n<li>Are seeking emotional balance and grounding in your daily life.<\/li>\n<li>Love fresh, calming scents that rejuvenate and relax.<\/li>\n<li>Are drawn to crystal-infused products for well-being and harmony.<br \/>\n... <strong>Do No Harm, Take No Sh*t Perfume<\/strong> senin i\u00e7in!<\/li>\n<\/ul>\n<p><strong>E\u011fer seviyorsan...<\/strong><\/p>\n<ul>\n<li>Fresh, spa-like fragrances like eucalyptus.<\/li>\n<li>Warm, earthy notes like sandalwood.<\/li>\n<li>Subtle, soft musk scents for a calming finish.<br \/>\n...seveceksiniz <strong>Do No Harm, Take No Sh*t Perfume<\/strong>!<\/li>\n<\/ul>\n<p><strong>? \u00dcr\u00fcn Detaylar\u0131:<\/strong><\/p>\n<ul>\n<li><strong>Tip<\/strong>: Kristal A\u015f\u0131l\u0131 Rit\u00fcel Parf\u00fcm<\/li>\n<li><strong>Boyut<\/strong>: 4 oz<\/li>\n<li><strong>\u0130\u00e7indekiler<\/strong>: Clean, skin-safe fragrance base infused with Amazonite.<\/li>\n<\/ul>\n<div class=\"sqs-block horizontalrule-block sqs-block-horizontalrule\">\n<div class=\"sqs-block horizontalrule-block sqs-block-horizontalrule\">\n<div class=\"sqs-block horizontalrule-block sqs-block-horizontalrule\">Lemon, Lavender, Peppermint, Spearmint, Eucalyptus and Ylang Ylang<\/div>\n<div class=\"sqs-block horizontalrule-block sqs-block-horizontalrule\"><\/div>\n<div class=\"sqs-block horizontalrule-block sqs-block-horizontalrule\">Crystal Selection:<\/div>\n<div class=\"sqs-block horizontalrule-block sqs-block-horizontalrule\">Amazonite Balances yin and yang energies, blocks electromagnetic frequencies, soothes emotional trauma<\/div>\n<div class=\"sqs-block horizontalrule-block sqs-block-horizontalrule\"><\/div>\n<\/div>\n<div class=\"sqs-block horizontalrule-block sqs-block-horizontalrule\">Turquoise controls and heals the emotions creating emotional balance and stability. In the process it can appear to be on an emotional roller coaster, up and down, until it balances itself.<\/div>\n<\/div>\n<div class=\"sqs-block horizontalrule-block sqs-block-horizontalrule\"><\/div>","protected":false},"excerpt":{"rendered":"<p>Encourage balance and harmony with <strong>Do No Harm, Take No Sh*t Perfume<\/strong>, a calming blend of eucalyptus, sandalwood, and musk infused with Amazonite. Perfect for daily wear or grounding rituals.<\/p>\n<p>&nbsp;<\/p>","protected":false},"featured_media":105471,"template":"","meta":{"footnotes":""},"product_brand":[],"product_cat":[380,386],"product_tag":[],"class_list":{"0":"post-104721","1":"product","2":"type-product","3":"status-publish","4":"has-post-thumbnail","6":"product_cat-home-fragrances","7":"product_cat-skin-care","8":"has-subscription-plans","10":"first","11":"instock","12":"taxable","13":"shipping-taxable","14":"purchasable","15":"product-type-simple"},"bundled_by":[],"bundle_stock_status":"instock","bundle_stock_quantity":null,"bundle_virtual":false,"bundle_layout":"","bundle_add_to_cart_form_location":"","bundle_editable_in_cart":false,"bundle_sold_individually_context":"","bundle_item_grouping":"","bundle_min_size":"","bundle_max_size":"","bundle_price":[],"bundled_items":[],"bundle_sell_ids":[],"group_of_quantity":0,"min_quantity":0,"max_quantity":"","exclude_order_quantity_value_rules":"no","exclude_category_quantity_rules":"no","combine_variations":"no","_links":{"self":[{"href":"https:\/\/2024.shoply.com\/tr\/wp-json\/wp\/v2\/product\/104721","targetHints":{"allow":["GET"]}}],"collection":[{"href":"https:\/\/2024.shoply.com\/tr\/wp-json\/wp\/v2\/product"}],"about":[{"href":"https:\/\/2024.shoply.com\/tr\/wp-json\/wp\/v2\/types\/product"}],"version-history":[{"count":1,"href":"https:\/\/2024.shoply.com\/tr\/wp-json\/wp\/v2\/product\/104721\/revisions"}],"predecessor-version":[{"id":138252,"href":"https:\/\/2024.shoply.com\/tr\/wp-json\/wp\/v2\/product\/104721\/revisions\/138252"}],"wp:featuredmedia":[{"embeddable":true,"href":"https:\/\/2024.shoply.com\/tr\/wp-json\/wp\/v2\/media\/105471"}],"wp:attachment":[{"href":"https:\/\/2024.shoply.com\/tr\/wp-json\/wp\/v2\/media?parent=104721"}],"wp:term":[{"taxonomy":"product_brand","embeddable":true,"href":"https:\/\/2024.shoply.com\/tr\/wp-json\/wp\/v2\/product_brand?post=104721"},{"taxonomy":"product_cat","embeddable":true,"href":"https:\/\/2024.shoply.com\/tr\/wp-json\/wp\/v2\/product_cat?post=104721"},{"taxonomy":"product_tag","embeddable":true,"href":"https:\/\/2024.shoply.com\/tr\/wp-json\/wp\/v2\/product_tag?post=104721"}],"curies":[{"name":"wp","href":"https:\/\/api.w.org\/{rel}","templated":true}]}}