{"id":106323,"date":"2024-12-12T22:01:05","date_gmt":"2024-12-13T03:01:05","guid":{"rendered":"https:\/\/shoply.com\/?post_type=product&#038;p=106323"},"modified":"2025-02-21T01:16:22","modified_gmt":"2025-02-21T06:16:22","slug":"mayella-rose-quartz-facial-defining-roller-essence-of-rose-hydrating-serum-is-facial-therapy-to-rejuvenate-and-revitalise-your-skin","status":"publish","type":"product","link":"https:\/\/2024.shoply.com\/tr\/urun\/mayella-rose-quartz-facial-defining-roller-essence-of-rose-hydrating-serum-is-facial-therapy-to-rejuvenate-and-revitalise-your-skin\/","title":{"rendered":"Mayella Rose Quartz Facial Defining Roller &#8211; Essence of Rose Hydrating Serum is Facial Therapy to rejuvenate and revitalise your skin."},"content":{"rendered":"<h3>Sa\u011fl\u0131kl\u0131 bir cilt i\u00e7in lenfatik sistemi canland\u0131rmaya yard\u0131mc\u0131 olur<\/h3>\n<p>Rolling on the skin helps to flush toxins from the tissues by stimulating the lymphatic system and lymph drainage. The increased blood flow also brings fresh oxygenated blood to the tissues, facial muscles and nerves, improving the health, vitality and tone of your facial muscles. As you roll you are smoothing wrinkles and visibly exercising your face, creating more brightness, improved complexion, clarity and a healthy glow.<\/p>\n<p>The\u00a0double Rose Quartz faceted\u00a0roller head is beautifully shaped to circulate and stimulate around the forehead, cheeks, neck and d\u00e9colletage and absolutely divine along the jaw line. The facets\u00a0provide an extra level of nerve, lymph and circulation stimulation to beautifully relax mind and emotions as the rolling action tones the dermis.<\/p>\n<h2>Faceted Double Head Crystal Roller for intensified definition.<\/h2>\n<p>The\u00a0double Rose Quartz faceted\u00a0roller head is beautifully shaped to circulate and stimulate around the forehead, cheeks, neck and d\u00e9colletage and absolutely divine along the jaw line. The facets\u00a0provide an extra level of nerve, lymph and circulation stimulation to beautifully relax mind and emotions as the rolling action tones the dermis.<\/p>\n<h3>Materials:<\/h3>\n<p>100% true\u00a0Rose Quartz crystals held together with premium-grade zinc alloy and positioned on a contoured stainless steel handle. Lightweight, strong and resists corrosion.<\/p>\n<p>No dyes or fake stones or glass.<\/p>\n<p>Non-porous and will not harbour bacteria.<\/p>\n<p>Our rollers are of nature &#8211; carved with love and craftsmanship. Attention to detail means the roller will function smoothly and won\u2019t squeak or catch or break (unless dropped or used inappropriately).<\/p>\n<h3>Nas\u0131l kullan\u0131l\u0131r?<\/h3>\n<p>Apply your favourite Mayella Olivane Repair Serum, Rose, Citrus or Spice &#8211; then begin rolling the forehead area and work your way down the face to the neck and d\u00e9colletage as you are also then further encouraging the drainage of toxins and the lymph fluids to collect at the major collection points of the lymph at the base of the neck.<\/p>\n<p>Try to keep your movements smooth, gently firm and connected to the skin as you flow around with the bone structure.<\/p>\n<p>Rolling across the face or diagonally from up to lower points and in circular or curving across the cheeks and eye \/ brow bone structure.<\/p>\n<p>If you can, always finish a movement at the outside of the face or to a downward stroke to continue supporting the drainage of toxins and the lymph fluids.<br \/>\nThe smaller roller head is ideal for around the eye and brow.<\/p>\n<p>The\u00a0double Rose Quartz faceted\u00a0roller head is beautifully shaped to circulate and stimulate around the forehead, cheeks, neck and d\u00e9colletage and absolutely divine along the jaw line. The facets\u00a0provide an extra level of nerve, lymph and circulation stimulation to beautifully relax mind and emotions as the rolling action tones the dermis.<\/p>\n<p>The base of the stainless steel is crafted to be smooth and defined for pressure point work at the end of your facial rolling experience.<\/p>\n<p><strong>\u0130pucu:<\/strong>\u00a0Wrap your roller in a <em><b>Mayella Fibre Cloth <\/b><\/em>and place it in the fridge for 20-30 mins to cool down and then give yourself a \u201ccryro\u201d facial to revitalise and invigorate tired skin. This cooling effect can also help to effectively reduce dark circles and puffy eyes. You may eventually switch to placing it in the freezer as you and your skin get comfortable with the technique.<\/p>\n<h4>This Set: Defining Facial Roller + Olivane Rose 30ml<\/h4>\n<h4 class=\"smart-tabs-navigation-li smart-tabs-navigation-accordion smart-tabs-navigation-li-active\">Skincare Ingredients<span class=\"smart-tabs-accordion-symbol smart-tabs-accordion-minus\">\u2212<\/span><\/h4>\n<div id=\"smart-tabs-content-1\" class=\"smart-tabs-content-block smart-tabs-content-block-clone\">\n<p>Cilt bak\u0131m\u0131m\u0131z 100% saf, gl\u00fctensiz, hayvan zulm\u00fc i\u00e7ermeyen, s\u00fct \u00fcr\u00fcnleri i\u00e7ermeyen, palm ya\u011f\u0131 i\u00e7ermeyen bir \u00fcr\u00fcnd\u00fcr ve asla petrokimyasallar, alkoller, parabenler, nanopartik\u00fcller, GDO'lar, dolgu maddeleri veya hacim artt\u0131r\u0131c\u0131 maddeler i\u00e7ermez.<\/p>\n<h4><strong>Natural &amp; Organic Skincare ingredients: <\/strong>Mayella Olivane Repair Serum &#8211; Infusion Rose;<\/h4>\n<h6><span style=\"font-size: 1.4em\">Helps to heal the skin with every drop<\/span><\/h6>\n<p>This skin repair serum is infused with the organic essential oil of Damascus Rose, which is both healing and hydrating. It\u2019s the perfect ingredient to boost everyday skincare, to settle breakout skin conditions, and in preparation for and recovery from clinical procedures.<\/p>\n<p>Combined with indigenous botanical extract Australian Kakadu Plum, the world&#8217;s highest natural source of vitamin C, daily use of Mayella \u00ae Olivane \u2122 Repair Serum can provide a visual improvement of your skin tone and brightness while reducing fine lines.<\/p>\n<p><strong>Olivane\u2122 -<\/strong> Assists in cellular hydration, renewal, and restoration of a healthy acid mantle while delivering super antioxidants to the skin.<\/p>\n<p><strong>Camellia sinensis (Green Tea Extract)*<\/strong>\u00a0\u2013 Antioxidants, anti-inflammatory, antibacterial, stimulates blood flow, clears, decongests, energises and brightens skin appearance, repairs UV damage.<\/p>\n<p><strong>Rose Damascena (Pure Essential Oil of Damascus Rose)*<\/strong> \u2013 Properties of hydration, enhances natural hyaluronic acid levels and naturally decongesting and calming to purify and clear the skin&#8217;s tissues.<\/p>\n<p><strong>Terminalia ferdinandiana (Kakadu Eri\u011fi) -<\/strong>\u00a0D\u00fcnyan\u0131n en y\u00fcksek C vitamini kayna\u011f\u0131, cildi besler ve korur, kolajen \u00fcretimini destekler, berrak ve parlak bir cilt i\u00e7in hiperpigmentasyonun \u00f6nlenmesine yard\u0131mc\u0131 olur.<\/p>\n<p>* Organic ingredients. All other ingredients are classified as wild grown and hand harvested or natural plant extracts, naturally organic minerals, vitamins or compounds.<\/p>\n<p>***<\/p>\n<h4><strong>Australian Native Plant Ingredients<\/strong><\/h4>\n<p>Avustralya Yerli bitkileri, d\u00fcnyan\u0131n en zorlu yerlerinden baz\u0131lar\u0131nda hayatta kalabilmek i\u00e7in zaman i\u00e7inde do\u011fu\u015ftan gelen bir bitki zekas\u0131 geli\u015ftirmi\u015f, bu da onlar\u0131 \u00e7evrelerine tepki olarak y\u00fcksek konsantrasyonlarda antioksidan ve vitamin depolamaya y\u00f6neltmi\u015ftir. Topraklar\u0131m\u0131z\u0131n geleneksel sahipleri, bitkilerin e\u015fsiz geli\u015fme kabiliyetlerinin ve besin de\u011ferlerinin fark\u0131ndayd\u0131. Avustralya Yerli Halk\u0131, bu yerli bitkilerin toplay\u0131c\u0131lar\u0131 olarak beslenip sa\u011fl\u0131kl\u0131 bir \u015fekilde ya\u015famlar\u0131n\u0131 s\u00fcrd\u00fcr\u00fcyorlard\u0131. Nesiller boyunca aktar\u0131lan Aborijin Halk\u0131 bu bitkiler hakk\u0131ndaki bilgilerini payla\u015fm\u0131\u015ft\u0131r ve bu bitkilerin \u00f6zellikleri bug\u00fcn sa\u011fl\u0131\u011f\u0131m\u0131z ve refah\u0131m\u0131z i\u00e7in bir arma\u011fand\u0131r.<em><br \/>\n<\/em><\/p>\n<p style=\"text-align: center\">***<\/p>\n<p><strong>Kaynak ve s\u00fcrd\u00fcr\u00fclebilirlik<\/strong><\/p>\n<p><em>Mayella \u00ae Natural and Botanical Skin foods are 100% pure, clean, vegan skincare made in Australia. We source globally from the optimal geographic destinations, boutique producers and it is our privilege to work with growers of fairtrade and sustainable origins.<\/em><\/p>\n<\/div>","protected":false},"excerpt":{"rendered":"<h4>This Set: Defining Facial Roller + Olivane Rose 30ml to hydrate &amp; renew<\/h4>\n<h2>Facial Therapy with our\u00a0functionally designed Rose Quartz Crystal Roller is a most beautiful way to rejuvenate and revitalise your skin.<\/h2>\n<p>Crystal rolling is an ancient practice in the art of massage and pressure points for skin health, skin tone and vitality of the facial muscles, bone structure and nerves. Mayella Defining Facial Roller gently sculpts and defines the jawline, cheek bones, the brow and neck. Create the ultimate Skin &amp; Facial therapy &#8211; add our <strong><em>Queen of Serums<\/em><\/strong> &#8211; Mayella \u00ae Olivane \u2122 Repair Serum \u2013 Rose Infusion helps to increase hyaluronic acid levels (that we need for plump, moist skin)\u00a0while working to repair and protect healthy cells.<\/p>\n<h4><\/h4>","protected":false},"featured_media":91978,"template":"","meta":{"footnotes":""},"product_brand":[],"product_cat":[821,80,386],"product_tag":[149,174,132,743,111,112,141,139,138,427,137,798,267,187,278,592,155,163,162,430,283,271,397,603,152,293,431,626,511,790,150,394,140,542,113],"class_list":{"0":"post-106323","1":"product","2":"type-product","3":"status-publish","4":"has-post-thumbnail","6":"product_cat-beauty","7":"product_cat-beauty-health-supplements","8":"product_cat-skin-care","9":"product_tag-anti-aging","10":"product_tag-anti-inflammatory","11":"product_tag-antioxidants","12":"product_tag-beauty","13":"product_tag-care","14":"product_tag-cell-renewal","15":"product_tag-collagen","16":"product_tag-detox","17":"product_tag-detoxification","18":"product_tag-essential","19":"product_tag-essentials","20":"product_tag-ethical","21":"product_tag-gifts","22":"product_tag-gluten-free","23":"product_tag-health","24":"product_tag-high-quality","25":"product_tag-hyaluronic","26":"product_tag-immune","27":"product_tag-immunity","28":"product_tag-infused","29":"product_tag-kind","30":"product_tag-kindness","31":"product_tag-luxury","32":"product_tag-me","33":"product_tag-moisturizer","34":"product_tag-moody","35":"product_tag-oil-2","36":"product_tag-pink","37":"product_tag-relaxed","38":"product_tag-relaxing","39":"product_tag-serum","40":"product_tag-skin","41":"product_tag-skin-care","42":"product_tag-skin-friendly","43":"product_tag-vegan","44":"has-subscription-plans","46":"first","47":"instock","48":"taxable","49":"shipping-taxable","50":"purchasable","51":"product-type-simple"},"bundled_by":[],"bundle_stock_status":"instock","bundle_stock_quantity":100,"bundle_virtual":false,"bundle_layout":"","bundle_add_to_cart_form_location":"","bundle_editable_in_cart":false,"bundle_sold_individually_context":"","bundle_item_grouping":"","bundle_min_size":"","bundle_max_size":"","bundle_price":[],"bundled_items":[],"bundle_sell_ids":[],"group_of_quantity":0,"min_quantity":0,"max_quantity":"","exclude_order_quantity_value_rules":"no","exclude_category_quantity_rules":"no","combine_variations":"no","_links":{"self":[{"href":"https:\/\/2024.shoply.com\/tr\/wp-json\/wp\/v2\/product\/106323","targetHints":{"allow":["GET"]}}],"collection":[{"href":"https:\/\/2024.shoply.com\/tr\/wp-json\/wp\/v2\/product"}],"about":[{"href":"https:\/\/2024.shoply.com\/tr\/wp-json\/wp\/v2\/types\/product"}],"version-history":[{"count":2,"href":"https:\/\/2024.shoply.com\/tr\/wp-json\/wp\/v2\/product\/106323\/revisions"}],"predecessor-version":[{"id":144143,"href":"https:\/\/2024.shoply.com\/tr\/wp-json\/wp\/v2\/product\/106323\/revisions\/144143"}],"wp:featuredmedia":[{"embeddable":true,"href":"https:\/\/2024.shoply.com\/tr\/wp-json\/wp\/v2\/media\/91978"}],"wp:attachment":[{"href":"https:\/\/2024.shoply.com\/tr\/wp-json\/wp\/v2\/media?parent=106323"}],"wp:term":[{"taxonomy":"product_brand","embeddable":true,"href":"https:\/\/2024.shoply.com\/tr\/wp-json\/wp\/v2\/product_brand?post=106323"},{"taxonomy":"product_cat","embeddable":true,"href":"https:\/\/2024.shoply.com\/tr\/wp-json\/wp\/v2\/product_cat?post=106323"},{"taxonomy":"product_tag","embeddable":true,"href":"https:\/\/2024.shoply.com\/tr\/wp-json\/wp\/v2\/product_tag?post=106323"}],"curies":[{"name":"wp","href":"https:\/\/api.w.org\/{rel}","templated":true}]}}