{"id":106411,"date":"2024-12-13T00:02:24","date_gmt":"2024-12-13T05:02:24","guid":{"rendered":"https:\/\/shoply.com\/?post_type=product&#038;p=106411"},"modified":"2025-02-27T01:59:08","modified_gmt":"2025-02-27T06:59:08","slug":"beauty-brains-herbal-tea-155gm-rejuvenate-refocus-and-revitalise-the-whole-family","status":"publish","type":"product","link":"https:\/\/2024.shoply.com\/tr\/urun\/beauty-brains-herbal-tea-155gm-rejuvenate-refocus-and-revitalise-the-whole-family\/","title":{"rendered":"Beauty &#038; Brains Herbal Tea 155gm &#8211; rejuvenate, refocus and revitalise the whole family"},"content":{"rendered":"<div class=\"page\" title=\"Sayfa 4\">\n<p>&nbsp;<\/p>\n<p>&nbsp;<\/p>\n<p>&nbsp;<\/p>\n<div class=\"section\">\n<div class=\"layoutArea\">\n<div class=\"column\">\n<h4><span style=\"font-size: 1.4em\">Fiziksel canl\u0131l\u0131\u011f\u0131 art\u0131r\u0131r ve zihinsel berrakl\u0131\u011f\u0131, odaklanmay\u0131 ve haf\u0131zay\u0131 g\u00fc\u00e7lendirir<\/span><\/h4>\n<p>Mayella Beauty &amp; Brains, sinir sistemini hizalamaya yard\u0131mc\u0131 olan, temelli bir ama\u00e7 duygusu olu\u015fturan ve net bir d\u00fc\u015f\u00fcnce s\u00fcrecini te\u015fvik eden organik bir bitki \u00e7ay\u0131d\u0131r. Bu ilahi \u00e7ay\u0131 olu\u015fturan organik bitkilerden elde edilen antioksidanlar cildi gen\u00e7le\u015ftirir, besler ve canland\u0131r\u0131rken, sakin bir odaklanma sa\u011flar ve v\u00fccutta gev\u015femeye neden olur. Nemlendirmenin lezzetli bir yolu olan Beauty &amp; Brains'i g\u00fcn\u00fcn veya ak\u015fam\u0131n herhangi bir saatinde s\u0131cak veya so\u011fuk buzlu \u00e7ay olarak i\u00e7ebilirsiniz.<\/p>\n<h4><span style=\"font-size: 1.4em\">Zihni ve bedeni besleyen g\u00fc\u00e7l\u00fc antioksidanlar<\/span><\/h4>\n<p>Her bir fincan, \u00e7evremizdeki kirlilik, stres ve toksinlerden kaynaklanan serbest radikalleri ve oksidatif hasar\u0131 n\u00f6tralize eden do\u011fal C vitamini a\u00e7\u0131s\u0131ndan zengindir. C vitamini ayr\u0131ca demir emilimine, yara iyile\u015fmesine, sa\u011fl\u0131kl\u0131 eklemlere, sa\u011fl\u0131kl\u0131 ba\u011flara ve kolajen \u00fcretimine yard\u0131mc\u0131 olabilir. Kolajen, esnek ve k\u0131r\u0131\u015f\u0131ks\u0131z bir cilt i\u00e7in cildin esnekli\u011fi ve tonu a\u00e7\u0131s\u0131ndan \u00f6nemlidir.<\/p>\n<p>T\u00fcm bitki \u00e7aylar\u0131m\u0131z - ya da payla\u015fmay\u0131 sevdi\u011fimiz \u015fekliyle Tisanelerimiz - gev\u015fek yaprakl\u0131d\u0131r. Tisanlar, yudumlama keyfi kadar iyile\u015ftirici faydalar\u0131 i\u00e7in de yap\u0131l\u0131r! Gev\u015fek yaprakl\u0131 \u00e7aylar\u0131m\u0131z\u0131 kullanmak, her demlemeden en fazla lezzet \u00e7\u0131kar\u0131m\u0131n\u0131 elde edece\u011finiz anlam\u0131na gelir. Ayr\u0131ca, mikro plastiklerin veya a\u011fart\u0131c\u0131lar\u0131n bir \u00e7ay po\u015fetinden i\u00e7ece\u011finize s\u0131zma olas\u0131l\u0131\u011f\u0131n\u0131 da ortadan kald\u0131r\u0131r. Ayr\u0131ca, her el yap\u0131m\u0131 kar\u0131\u015f\u0131mda malzemelerin g\u00fczelli\u011fini g\u00f6rebilirsiniz.<\/p>\n<p>&nbsp;<\/p>\n<ul>\n<li>Fiziksel canl\u0131l\u0131\u011f\u0131 art\u0131r\u0131n<\/li>\n<li>Zihinsel berrakl\u0131\u011f\u0131 art\u0131r\u0131n<\/li>\n<li>Odaklanma ve haf\u0131za<\/li>\n<li>Sinir sistemini hizalay\u0131n, temelli bir ama\u00e7 duygusu olu\u015fturun ve net bir d\u00fc\u015f\u00fcnce s\u00fcrecini te\u015fvik edin.<\/li>\n<li>V\u00fccutta gev\u015femeye neden olur,<\/li>\n<li>Antioksidanlar cildi gen\u00e7le\u015ftirir, besler ve canland\u0131r\u0131r.<\/li>\n<li>Sa\u011fl\u0131kl\u0131 ya\u015flanmay\u0131 uzatmak ve desteklemek ve ba\u011f\u0131\u015f\u0131kl\u0131k sistemini g\u00fc\u00e7lendirmek i\u00e7in antioksidanlar ve A, C ve E vitaminleri bak\u0131m\u0131ndan zengindir.<\/li>\n<li>A\u015f\u0131r\u0131 s\u0131v\u0131 tutulmas\u0131n\u0131 temizlemek i\u00e7in Do\u011fal \u0130drar S\u00f6kt\u00fcr\u00fcc\u00fc.<\/li>\n<li>Stresi, yorgunlu\u011fu ve serbest radikal hasar\u0131n\u0131 azalt\u0131rken ba\u015f a\u011fr\u0131s\u0131, kas spazmlar\u0131 ve kramplar\u0131n \u00fcstesinden gelmeye ve rahatlama sa\u011flamaya yard\u0131mc\u0131 olur.<\/li>\n<\/ul>\n<p>&nbsp;<\/p>\n<\/div>\n<\/div>\n<div class=\"layoutArea\">\n<div class=\"column\">\n<h4><strong>\u0130ncele:<\/strong><\/h4>\n<h4 class=\"jdgm-rev__header\"><span class=\"jdgm-rev__title\">2019 \u00d6d\u00fcl Sahibi Wellbeing Kategorisi - \u00c7aylar<\/span><\/h4>\n<div class=\"jdgm-rev__header\"><b class=\"jdgm-rev__title\">\u0130nan\u0131lmaz<\/b><\/div>\n<div class=\"jdgm-rev__content\">\n<div class=\"jdgm-rev__body\">\n<p>\"Yepyeni 2019 Wellbeing \u00d6d\u00fcllerimizi kazanan ilk \u00fcr\u00fcnlerden biri olan bu nefis aromatik modern eczane tarz\u0131 g\u00fczellik \u00e7ay\u0131n\u0131 (organik g\u00fcl yapraklar\u0131, ebeg\u00fcmeci ve limon mersin buran\u0131n y\u0131ld\u0131zlar\u0131d\u0131r) haf\u0131zay\u0131 g\u00fc\u00e7lendirmek, odaklanmay\u0131 art\u0131rmak ve genel refah duygumuzu geli\u015ftirmek i\u00e7in yaratt\u0131\u011f\u0131 i\u00e7in Mayella'ya tebrikler. J\u00fcri Heyeti\"<\/p>\n<div class=\"jdgm-rev__header\">\n<div class=\"jdgm-rev__content\">\n<h4><b class=\"jdgm-rev__title\">G\u00fczel nefis kar\u0131\u015f\u0131m<\/b><\/h4>\n<div class=\"jdgm-rev__body\">\n<p>\"Beauty &amp; Brains Tisane'yi kesinlikle seviyorum, \u00e7i\u00e7ek kar\u0131\u015f\u0131m\u0131n\u0131 seviyorum, ayr\u0131ca ekstra bir ba\u011f\u0131\u015f\u0131kl\u0131k deste\u011fi i\u00e7in taze s\u0131k\u0131lm\u0131\u015f organik limon ekliyorum, \u00e7ok lezzetli ve g\u00fczel, rengi bile ilahi. - <span class=\"jdgm-rev__author-wrapper\"><span class=\"jdgm-rev__author\">Laura\"<\/span><\/span><\/p>\n<\/div>\n<\/div>\n<\/div>\n<\/div>\n<h4><strong>Organik i\u00e7erikler: 155g \/ b\u00fcy\u00fck aile boyu<\/strong><\/h4>\n<p>Organik bitki \u00e7ay\u0131 inf\u00fczyonlar\u0131m\u0131z temiz, vegan, gl\u00fctensiz, s\u00fcts\u00fcz, kafeinsiz, sertifikal\u0131 palmiye ya\u011f\u0131 i\u00e7ermez ve asla dolgu maddesi, \u015feker veya hacim artt\u0131r\u0131c\u0131 madde i\u00e7ermez.<\/p>\n<p><strong>K\u0131rm\u0131z\u0131 ve Pembe G\u00fcl Yapraklar\u0131 -<\/strong>\u00a0C vitamini a\u00e7\u0131s\u0131ndan zengindir, PMS ve sinirlili\u011fe yard\u0131mc\u0131 olur. Rahatlat\u0131c\u0131, onar\u0131c\u0131 ve detoksifiye edicidir.<\/p>\n<p><strong>Limon Balsam\u0131 -<\/strong>\u00a0Rahatlat\u0131c\u0131, sinir toni\u011fi ve canland\u0131r\u0131c\u0131.<\/p>\n<p><strong>Limon Mersin -<\/strong>\u00a0Temizleme, ar\u0131nd\u0131rma ve t\u0131kan\u0131kl\u0131\u011f\u0131 giderme.<\/p>\n<p><strong>Hibiscus -<\/strong> Antosiyaninler (antioksidanlar) bak\u0131m\u0131ndan zengindir ve ya\u015flanma etkilerini tersine \u00e7evirmeye yard\u0131mc\u0131 olur.<\/p>\n<p><strong>Rosella -<\/strong> \u0130drar s\u00f6kt\u00fcr\u00fcc\u00fc, rahatlat\u0131c\u0131, antioksidan zengini.<\/p>\n<\/div>\n<h4><strong>M\u00fckemmel bir demleme nas\u0131l yap\u0131l\u0131r:<\/strong><\/h4>\n<p>Suyu kaynat\u0131n ve d\u00f6kmeden \u00f6nce 2-3 dakika bekletin. Bu, suyun kaynamadan so\u011fumas\u0131n\u0131 ve b\u00f6ylece \u00e7ay\u0131n ha\u015flanmamas\u0131n\u0131 sa\u011flar.<\/p>\n<p>Bir \u00e7aydanl\u0131k veya kahve presine ki\u015fi ba\u015f\u0131na 1 tepeleme \u00e7ay ka\u015f\u0131\u011f\u0131 Mayella Beauty &amp; Brains gev\u015fek yaprak tisane ekleyin. Tencereye su d\u00f6k\u00fcn ve servis etmeden \u00f6nce bitkileri 5 dakika demlenmeye b\u0131rak\u0131n.<\/p>\n<p>Her demlemeden daha fazla verim almak i\u00e7in, kendinize bir fincan doldurduktan sonra, \u00e7aydanl\u0131\u011f\u0131n\u0131za ekstra s\u0131cak su doldurun, b\u00f6ylece tisane'niz ikinci tur i\u00e7in zaman\u0131nda m\u00fckemmel bir \u015fekilde demlenebilir.<\/p>\n<div style=\"width: 720px;\" class=\"wp-video\"><video class=\"wp-video-shortcode\" id=\"video-106411-2\" width=\"720\" height=\"1280\" preload=\"metadata\" controls=\"controls\"><source type=\"video\/mp4\" src=\"https:\/\/shoply.com\/wp-content\/uploads\/2024\/11\/Mayella-Beauty-Brains-Tisane-calm-in-the-chaos-MP4.mp4?_=2\" \/><a href=\"https:\/\/shoply.com\/wp-content\/uploads\/2024\/11\/Mayella-Beauty-Brains-Tisane-calm-in-the-chaos-MP4.mp4\">https:\/\/shoply.com\/wp-content\/uploads\/2024\/11\/Mayella-Beauty-Brains-Tisane-calm-in-the-chaos-MP4.mp4<\/a><\/video><\/div>\n<p>&nbsp;<\/p>\n<\/div>\n<\/div>\n<\/div>\n<\/div>\n<div class=\"page\" title=\"Sayfa 4\">\n<div class=\"section\">\n<div class=\"layoutArea\">\n<h4><strong>Bu beyanlar G\u0131da ve \u0130la\u00e7 \u0130daresi taraf\u0131ndan de\u011ferlendirilmemi\u015ftir. Bu \u00fcr\u00fcnler herhangi bir hastal\u0131\u011f\u0131 te\u015fhis etmek, tedavi etmek, iyile\u015ftirmek veya \u00f6nlemek i\u00e7in tasarlanmam\u0131\u015ft\u0131r.<\/strong><\/h4>\n<p>&nbsp;<\/p>\n<\/div>\n<\/div>\n<\/div>","protected":false},"excerpt":{"rendered":"<p><strong>Mayella Beauty &amp; Brains Organik Bitki \u00c7ay\u0131<\/strong> 155<strong>g<\/strong> - \u0130lahi aromatik antioksidan Tisane i\u00e7in G\u00fcl Yapraklar\u0131 Limon Mersin ve daha fazlas\u0131: antioksidanlar cildi gen\u00e7le\u015ftirir, besler ve canland\u0131r\u0131rken, sakin bir odaklanmay\u0131 tetiklemeye yard\u0131mc\u0131 olan ve v\u00fccutta rahatlamaya neden olan organik bir bitki \u00e7ay\u0131.<\/p>\n<div style=\"width: 1920px;\" class=\"wp-video\"><!--[if lt IE 9]><script>document.createElement('video');<\/script><![endif]--><br \/>\n<video class=\"wp-video-shortcode\" id=\"video-106411-1\" width=\"1920\" height=\"1080\" preload=\"metadata\" controls=\"controls\"><source type=\"video\/mp4\" src=\"https:\/\/shoply.com\/wp-content\/uploads\/2024\/11\/Mayella-Beauty-Brains-Herbal-Tea-1.mp4?_=1\" \/><a href=\"https:\/\/shoply.com\/wp-content\/uploads\/2024\/11\/Mayella-Beauty-Brains-Herbal-Tea-1.mp4\">https:\/\/shoply.com\/wp-content\/uploads\/2024\/11\/Mayella-Beauty-Brains-Herbal-Tea-1.mp4<\/a><\/video><\/div>\n<p>&nbsp;<\/p>\n<p>&nbsp;<\/p>","protected":false},"featured_media":87099,"template":"","meta":{"footnotes":""},"product_brand":[],"product_cat":[80,382,386],"product_tag":[149,174,132,109,112,175,141,104,139,138,176,151,427,137,267,187,306,278,163,162,430,277,185,394,113],"class_list":{"0":"post-106411","1":"product","2":"type-product","3":"status-publish","4":"has-post-thumbnail","6":"product_cat-beauty-health-supplements","7":"product_cat-health","8":"product_cat-skin-care","9":"product_tag-anti-aging","10":"product_tag-anti-inflammatory","11":"product_tag-antioxidants","12":"product_tag-body","13":"product_tag-cell-renewal","14":"product_tag-cognition","15":"product_tag-collagen","16":"product_tag-consumable","17":"product_tag-detox","18":"product_tag-detoxification","19":"product_tag-digestive","20":"product_tag-energy","21":"product_tag-essential","22":"product_tag-essentials","23":"product_tag-gifts","24":"product_tag-gluten-free","25":"product_tag-handcrafted","26":"product_tag-health","27":"product_tag-immune","28":"product_tag-immunity","29":"product_tag-infused","30":"product_tag-mental","31":"product_tag-organic","32":"product_tag-skin","33":"product_tag-vegan","34":"has-subscription-plans","36":"first","37":"instock","38":"taxable","39":"shipping-taxable","40":"purchasable","41":"product-type-simple"},"bundled_by":[],"bundle_stock_status":"instock","bundle_stock_quantity":99,"bundle_virtual":false,"bundle_layout":"","bundle_add_to_cart_form_location":"","bundle_editable_in_cart":false,"bundle_sold_individually_context":"","bundle_item_grouping":"","bundle_min_size":"","bundle_max_size":"","bundle_price":[],"bundled_items":[],"bundle_sell_ids":[],"group_of_quantity":0,"min_quantity":0,"max_quantity":"","exclude_order_quantity_value_rules":"no","exclude_category_quantity_rules":"no","combine_variations":"no","_links":{"self":[{"href":"https:\/\/2024.shoply.com\/tr\/wp-json\/wp\/v2\/product\/106411","targetHints":{"allow":["GET"]}}],"collection":[{"href":"https:\/\/2024.shoply.com\/tr\/wp-json\/wp\/v2\/product"}],"about":[{"href":"https:\/\/2024.shoply.com\/tr\/wp-json\/wp\/v2\/types\/product"}],"version-history":[{"count":5,"href":"https:\/\/2024.shoply.com\/tr\/wp-json\/wp\/v2\/product\/106411\/revisions"}],"predecessor-version":[{"id":144134,"href":"https:\/\/2024.shoply.com\/tr\/wp-json\/wp\/v2\/product\/106411\/revisions\/144134"}],"wp:featuredmedia":[{"embeddable":true,"href":"https:\/\/2024.shoply.com\/tr\/wp-json\/wp\/v2\/media\/87099"}],"wp:attachment":[{"href":"https:\/\/2024.shoply.com\/tr\/wp-json\/wp\/v2\/media?parent=106411"}],"wp:term":[{"taxonomy":"product_brand","embeddable":true,"href":"https:\/\/2024.shoply.com\/tr\/wp-json\/wp\/v2\/product_brand?post=106411"},{"taxonomy":"product_cat","embeddable":true,"href":"https:\/\/2024.shoply.com\/tr\/wp-json\/wp\/v2\/product_cat?post=106411"},{"taxonomy":"product_tag","embeddable":true,"href":"https:\/\/2024.shoply.com\/tr\/wp-json\/wp\/v2\/product_tag?post=106411"}],"curies":[{"name":"wp","href":"https:\/\/api.w.org\/{rel}","templated":true}]}}