{"id":108008,"date":"2025-01-12T23:00:39","date_gmt":"2025-01-13T04:00:39","guid":{"rendered":"https:\/\/shoply.com\/?post_type=product&#038;p=108008"},"modified":"2025-02-28T17:40:31","modified_gmt":"2025-02-28T22:40:31","slug":"argan-oil-shampoo-crown-ridge-by-regimen","status":"publish","type":"product","link":"https:\/\/2024.shoply.com\/tr\/urun\/argan-oil-shampoo-crown-ridge-by-regimen\/","title":{"rendered":"Argan Ya\u011fl\u0131 \u015eampuan - Crown Ridge by REGIMEN\u00ae"},"content":{"rendered":"<p>Paraben Free | Cruelty Free | Sulphate Free | Vegan Free | Every Day Use | Responsibility Sourced | Made In UK<\/p>","protected":false},"excerpt":{"rendered":"<p>Our Argan Oil Shampoo features a deeply nourishing formula that delivers exceptional hydration to both hair and scalp, making it perfect for dry and damaged hair types.<\/p>\n<p>&nbsp;<\/p>\n<p>How To Use: Apply a small amount of our Argan Oil Shampoo to wet hair, massage it into the hair and scalp, and rinse thoroughly. Your customers will experience nourished, hydrated locks with a touch of luxury.<\/p>\n<p>Look: Hydrated and Shine<\/p>","protected":false},"featured_media":119824,"template":"","meta":{"footnotes":""},"product_brand":[],"product_cat":[385,821,80,383],"product_tag":[110,592,638,542],"class_list":{"0":"post-108008","1":"product","2":"type-product","3":"status-publish","4":"has-post-thumbnail","6":"product_cat-bath-body","7":"product_cat-beauty","8":"product_cat-beauty-health-supplements","9":"product_cat-personal-care","10":"product_tag-hair","11":"product_tag-high-quality","12":"product_tag-lightweight-2","13":"product_tag-skin-friendly","14":"product_shipping_class-shipping-class-1","15":"has-subscription-plans","17":"first","18":"instock","19":"sale","20":"taxable","21":"shipping-taxable","22":"purchasable","23":"product-type-simple"},"bundled_by":["119859"],"bundle_stock_status":"instock","bundle_stock_quantity":null,"bundle_virtual":false,"bundle_layout":"","bundle_add_to_cart_form_location":"","bundle_editable_in_cart":false,"bundle_sold_individually_context":"","bundle_item_grouping":"","bundle_min_size":"","bundle_max_size":"","bundle_price":[],"bundled_items":[],"bundle_sell_ids":[],"group_of_quantity":0,"min_quantity":0,"max_quantity":"","exclude_order_quantity_value_rules":"no","exclude_category_quantity_rules":"no","combine_variations":"no","_links":{"self":[{"href":"https:\/\/2024.shoply.com\/tr\/wp-json\/wp\/v2\/product\/108008","targetHints":{"allow":["GET"]}}],"collection":[{"href":"https:\/\/2024.shoply.com\/tr\/wp-json\/wp\/v2\/product"}],"about":[{"href":"https:\/\/2024.shoply.com\/tr\/wp-json\/wp\/v2\/types\/product"}],"version-history":[{"count":3,"href":"https:\/\/2024.shoply.com\/tr\/wp-json\/wp\/v2\/product\/108008\/revisions"}],"predecessor-version":[{"id":148567,"href":"https:\/\/2024.shoply.com\/tr\/wp-json\/wp\/v2\/product\/108008\/revisions\/148567"}],"wp:featuredmedia":[{"embeddable":true,"href":"https:\/\/2024.shoply.com\/tr\/wp-json\/wp\/v2\/media\/119824"}],"wp:attachment":[{"href":"https:\/\/2024.shoply.com\/tr\/wp-json\/wp\/v2\/media?parent=108008"}],"wp:term":[{"taxonomy":"product_brand","embeddable":true,"href":"https:\/\/2024.shoply.com\/tr\/wp-json\/wp\/v2\/product_brand?post=108008"},{"taxonomy":"product_cat","embeddable":true,"href":"https:\/\/2024.shoply.com\/tr\/wp-json\/wp\/v2\/product_cat?post=108008"},{"taxonomy":"product_tag","embeddable":true,"href":"https:\/\/2024.shoply.com\/tr\/wp-json\/wp\/v2\/product_tag?post=108008"}],"curies":[{"name":"wp","href":"https:\/\/api.w.org\/{rel}","templated":true}]}}