{"id":122386,"date":"2025-01-23T01:52:36","date_gmt":"2025-01-23T06:52:36","guid":{"rendered":"https:\/\/shoply.com\/product\/seeking-solitude\/"},"modified":"2025-01-27T16:44:03","modified_gmt":"2025-01-27T21:44:03","slug":"seeking-solitude-original-artwork","status":"publish","type":"product","link":"https:\/\/2024.shoply.com\/tr\/urun\/seeking-solitude-original-artwork\/","title":{"rendered":"&#8216;Seeking Solitude&#8217; Original Artwork"},"content":{"rendered":"<p>&#8216;<em>Seeking Solitude<\/em>&#8216; is one of\u00a0 the &#8216;Oscars Collection&#8217; Body of works, completed for Tracie Eaton&#8217;s exclusive commission to paint for Oscar nominee gifting, to celebrate their success.<\/p>\n<p>A Hand-Embellished Fine Art Print of this painting is owned by Anthony Hopkins(Oscars 2020)<\/p>\n<p>Size: 1300mm(w) x 750mm(h)<br \/>\nAcrylic &amp; mixed media artwork presented on canvas stretched over dibond panel on pine framing.<\/p>\n<p>T\u00fcm orijinal sanat eserleri asitsiz bir ka\u011f\u0131t mendil tabakas\u0131yla korunur, \u00f6zel yap\u0131m bir kutuya sar\u0131l\u0131r ve g\u00f6nderilir.  Orijinal sanat eserleri Orijinallik Sertifikas\u0131 ve De\u011ferleme Beyan\u0131 ile birlikte gelir.<\/p>\n<p>Yeni resminizin teslimat\u0131 i\u00e7in l\u00fctfen sipari\u015f tarihinden itibaren 21 i\u015f g\u00fcn\u00fc bekleyin.<\/p>\n<p>&nbsp;<\/p>","protected":false},"excerpt":{"rendered":"<p><em>&#8220;Sometimes the best thing you can do is to trust your instinct, draw away from everyone and simply be. Seeking Solitude is inspired by the action of taking time to harmonise your body and mind, to provide the space you may need to transform your world\u2026even for a little while&#8221;.<\/em><\/p>\n<p>Renk Anlamlar\u0131:<\/p>\n<ul>\n<li>Purple \u2013 transformation, insight, future<\/li>\n<li>Aqua &#8211; living in the moment, intuition progressive, reflection, visionary<\/li>\n<li>White &#8211; anything is possible, purity, clarity, openness<\/li>\n<\/ul>","protected":false},"featured_media":122385,"template":"","meta":{"footnotes":""},"product_brand":[],"product_cat":[403,199,407,100,310],"product_tag":[320,267,319,397],"class_list":{"0":"post-122386","1":"product","2":"type-product","3":"status-publish","4":"has-post-thumbnail","6":"product_cat-arts-entertainment","7":"product_cat-fine-art","8":"product_cat-gift-giving","9":"product_cat-home","10":"product_cat-home-garden","11":"product_tag-decor","12":"product_tag-gifts","13":"product_tag-home","14":"product_tag-luxury","15":"product_shipping_class-shipping-class-1","17":"first","18":"instock","19":"taxable","20":"shipping-taxable","21":"purchasable","22":"product-type-simple"},"bundled_by":[],"bundle_stock_status":"instock","bundle_stock_quantity":null,"bundle_virtual":false,"bundle_layout":"","bundle_add_to_cart_form_location":"","bundle_editable_in_cart":false,"bundle_sold_individually_context":"","bundle_item_grouping":"","bundle_min_size":"","bundle_max_size":"","bundle_price":[],"bundled_items":[],"bundle_sell_ids":[],"group_of_quantity":0,"min_quantity":0,"max_quantity":"","exclude_order_quantity_value_rules":"no","exclude_category_quantity_rules":"no","combine_variations":"no","_links":{"self":[{"href":"https:\/\/2024.shoply.com\/tr\/wp-json\/wp\/v2\/product\/122386","targetHints":{"allow":["GET"]}}],"collection":[{"href":"https:\/\/2024.shoply.com\/tr\/wp-json\/wp\/v2\/product"}],"about":[{"href":"https:\/\/2024.shoply.com\/tr\/wp-json\/wp\/v2\/types\/product"}],"version-history":[{"count":1,"href":"https:\/\/2024.shoply.com\/tr\/wp-json\/wp\/v2\/product\/122386\/revisions"}],"predecessor-version":[{"id":125594,"href":"https:\/\/2024.shoply.com\/tr\/wp-json\/wp\/v2\/product\/122386\/revisions\/125594"}],"wp:featuredmedia":[{"embeddable":true,"href":"https:\/\/2024.shoply.com\/tr\/wp-json\/wp\/v2\/media\/122385"}],"wp:attachment":[{"href":"https:\/\/2024.shoply.com\/tr\/wp-json\/wp\/v2\/media?parent=122386"}],"wp:term":[{"taxonomy":"product_brand","embeddable":true,"href":"https:\/\/2024.shoply.com\/tr\/wp-json\/wp\/v2\/product_brand?post=122386"},{"taxonomy":"product_cat","embeddable":true,"href":"https:\/\/2024.shoply.com\/tr\/wp-json\/wp\/v2\/product_cat?post=122386"},{"taxonomy":"product_tag","embeddable":true,"href":"https:\/\/2024.shoply.com\/tr\/wp-json\/wp\/v2\/product_tag?post=122386"}],"curies":[{"name":"wp","href":"https:\/\/api.w.org\/{rel}","templated":true}]}}