{"id":122447,"date":"2025-01-23T01:12:34","date_gmt":"2025-01-23T06:12:34","guid":{"rendered":"https:\/\/shoply.com\/product\/coming-into-your-own\/"},"modified":"2025-01-27T16:50:21","modified_gmt":"2025-01-27T21:50:21","slug":"coming-into-your-own-original-artwork","status":"publish","type":"product","link":"https:\/\/2024.shoply.com\/tr\/urun\/coming-into-your-own-original-artwork\/","title":{"rendered":"&#8216;Coming Into Your Own&#8217; Original Artwork"},"content":{"rendered":"<p>&#8220;<em>Coming into Your Own<\/em>&#8216; is part of the body of work &#8216;Emergence&#8217; by Tracie Eaton.<\/p>\n<p>'Emergence' kad\u0131n formunun bir kutlamas\u0131 ve kendini yans\u0131tma yolculu\u011fudur.  Kad\u0131nlar\u0131 g\u00fczel k\u0131lan her \u015feyin tan\u0131nmas\u0131d\u0131r.  Kad\u0131nlar\u0131n g\u00fc\u00e7l\u00fc, savunmas\u0131z, g\u00fc\u00e7l\u00fc, seksi, ak\u0131ll\u0131 oldu\u011funu ve kim oldu\u011fumuzun T\u00dcM y\u00f6nlerini sahiplenmemiz ve sevmemiz gerekti\u011fini hat\u0131rlat\u0131r.<\/p>\n<p>Bu eserleri yaratmak i\u00e7in Tracie kendi bedenini tuval olarak kullanm\u0131\u015f, eserlerin ilk a\u015famas\u0131nda Tracie aynada kendi bedenini boyam\u0131\u015ft\u0131r.  Daha sonra Avustralya'n\u0131n Gold Coast b\u00f6lgesinde do\u011fa i\u00e7inde foto\u011fraflar\u0131 \u00e7ekildi.  Renk ve \u0131\u015f\u0131\u011f\u0131n dijital olarak ayarlanmas\u0131yla bu foto\u011fraflar Tracie taraf\u0131ndan elle s\u00fcslenerek benzersiz ve \u00e7arp\u0131c\u0131 bir sanat eseri ortaya \u00e7\u0131kar\u0131ld\u0131.<\/p>\n<p>Boyut: 31,5 in\u00e7 (g) x 47,2 in\u00e7 (h) | 800 mm (g) x 1200 mm (h)<br \/>\nAkrilik, re\u00e7ine ve kar\u0131\u015f\u0131k medya sanat eserleri \u00e7am \u00e7er\u00e7eve \u00fczerine gerilmi\u015f tuval \u00fczerine sunulmu\u015ftur.<\/p>\n<p>T\u00fcm orijinal sanat eserleri asitsiz bir ka\u011f\u0131t mendil tabakas\u0131yla korunur, \u00f6zel yap\u0131m bir kutuya sar\u0131l\u0131r ve g\u00f6nderilir.  Orijinal sanat eserleri Orijinallik Sertifikas\u0131 ve De\u011ferleme Beyan\u0131 ile birlikte gelir.<\/p>\n<p>Yeni resminizin teslimat\u0131 i\u00e7in l\u00fctfen sipari\u015f tarihinden itibaren 21 i\u015f g\u00fcn\u00fc bekleyin.<\/p>","protected":false},"excerpt":{"rendered":"<p><em>&#8220;Show yourself how much you can achieve.\u00a0 That you can own your destiny, step into the unknown and succeed.\u00a0 It is that feeling that propels you forward,\u00a0 to do what you never thought possible&#8221;.<\/em><\/p>\n<p>Renk Anlamlar\u0131:<\/p>\n<ul>\n<li>Siyah - g\u00fc\u00e7, kuvvet, g\u00fc\u00e7l\u00fc irade, sorumluluk sahibi, g\u00fcven<\/li>\n<li>Beyaz - a\u00e7\u0131kl\u0131k, her \u015fey m\u00fcmk\u00fcn<\/li>\n<li>G\u00fcm\u00fc\u015f - i\u00e7sel g\u00fc\u00e7, denge, olgun<\/li>\n<\/ul>","protected":false},"featured_media":122446,"template":"","meta":{"footnotes":""},"product_brand":[],"product_cat":[403,199,407,100,310],"product_tag":[320,267,319,397],"class_list":{"0":"post-122447","1":"product","2":"type-product","3":"status-publish","4":"has-post-thumbnail","6":"product_cat-arts-entertainment","7":"product_cat-fine-art","8":"product_cat-gift-giving","9":"product_cat-home","10":"product_cat-home-garden","11":"product_tag-decor","12":"product_tag-gifts","13":"product_tag-home","14":"product_tag-luxury","15":"product_shipping_class-shipping-class-1","17":"first","18":"instock","19":"taxable","20":"shipping-taxable","21":"purchasable","22":"product-type-simple"},"bundled_by":[],"bundle_stock_status":"instock","bundle_stock_quantity":null,"bundle_virtual":false,"bundle_layout":"","bundle_add_to_cart_form_location":"","bundle_editable_in_cart":false,"bundle_sold_individually_context":"","bundle_item_grouping":"","bundle_min_size":"","bundle_max_size":"","bundle_price":[],"bundled_items":[],"bundle_sell_ids":[],"group_of_quantity":0,"min_quantity":0,"max_quantity":"","exclude_order_quantity_value_rules":"no","exclude_category_quantity_rules":"no","combine_variations":"no","_links":{"self":[{"href":"https:\/\/2024.shoply.com\/tr\/wp-json\/wp\/v2\/product\/122447","targetHints":{"allow":["GET"]}}],"collection":[{"href":"https:\/\/2024.shoply.com\/tr\/wp-json\/wp\/v2\/product"}],"about":[{"href":"https:\/\/2024.shoply.com\/tr\/wp-json\/wp\/v2\/types\/product"}],"version-history":[{"count":1,"href":"https:\/\/2024.shoply.com\/tr\/wp-json\/wp\/v2\/product\/122447\/revisions"}],"predecessor-version":[{"id":125604,"href":"https:\/\/2024.shoply.com\/tr\/wp-json\/wp\/v2\/product\/122447\/revisions\/125604"}],"wp:featuredmedia":[{"embeddable":true,"href":"https:\/\/2024.shoply.com\/tr\/wp-json\/wp\/v2\/media\/122446"}],"wp:attachment":[{"href":"https:\/\/2024.shoply.com\/tr\/wp-json\/wp\/v2\/media?parent=122447"}],"wp:term":[{"taxonomy":"product_brand","embeddable":true,"href":"https:\/\/2024.shoply.com\/tr\/wp-json\/wp\/v2\/product_brand?post=122447"},{"taxonomy":"product_cat","embeddable":true,"href":"https:\/\/2024.shoply.com\/tr\/wp-json\/wp\/v2\/product_cat?post=122447"},{"taxonomy":"product_tag","embeddable":true,"href":"https:\/\/2024.shoply.com\/tr\/wp-json\/wp\/v2\/product_tag?post=122447"}],"curies":[{"name":"wp","href":"https:\/\/api.w.org\/{rel}","templated":true}]}}