{"id":122515,"date":"2025-01-22T21:56:04","date_gmt":"2025-01-23T02:56:04","guid":{"rendered":"https:\/\/shoply.com\/product\/flowers-in-bloom-paint-by-numbers\/"},"modified":"2025-01-27T16:53:47","modified_gmt":"2025-01-27T21:53:47","slug":"flowers-in-bloom-paint-by-numbers","status":"publish","type":"product","link":"https:\/\/2024.shoply.com\/tr\/urun\/flowers-in-bloom-paint-by-numbers\/","title":{"rendered":"'\u00c7i\u00e7ekler A\u00e7\u0131yor' Say\u0131larla Boya"},"content":{"rendered":"<p>Rakamlarla Boya tasar\u0131m\u0131n\u0131z sa\u011flam bir ah\u015fap \u00e7er\u00e7eveye gerilmi\u015f olarak gelir ve boyama i\u015flemine haz\u0131rd\u0131r.<\/p>\n<p>\u0130ki boyutta mevcuttur:<br \/>\n15,7 in\u00e7 x 19,7 in\u00e7 ve 19,7 in\u00e7 x 25,6 in\u00e7 (40 cm x 50 cm ve 50 cm x 65 cm)<\/p>\n<p>Kitiniz \u015funlar\u0131 i\u00e7erir: f\u0131r\u00e7alar, kaliteli akrilik boyalar, montaj kancalar\u0131 ve vidalar.<\/p>\n<p>Tablonuz do\u011frudan fabrikam\u0131zdan adresinize g\u00f6nderilir, maliyetli nakliye lojisti\u011fi atlan\u0131r, b\u00f6ylece sizin taraf\u0131n\u0131zdan hi\u00e7bir ek nakliye maliyeti olu\u015fmaz.<br \/>\nL\u00fctfen teslimat i\u00e7in 3 hafta bekleyin.<\/p>","protected":false},"excerpt":{"rendered":"<p>Time to get creative! Recreate one of International Award-Winning Australian Artist Tracie Eaton&#8217;s original, luxurious artworks as a Paint by Numbers 36-colour paint set. Tracie gives you the template to follow to the number, or as guide for you to add your own creativity into.<\/p>\n<p>Tracie Eaton \u00e7ok aranan, \u00f6zel tablolar yaratmaktad\u0131r. Ve se\u00e7ti\u011finiz tasar\u0131m\u0131n Tracie Eaton Paint By Numbers'\u0131na sahip olan sadece birka\u00e7 ki\u015fiden biri olman\u0131z\u0131 sa\u011flamak i\u00e7in, T\u00dcM Paint By Numbers'lar SINIRLI SAYIDA \u00c7IKARILMAKTA olup, d\u00fcnya \u00e7ap\u0131nda her birinden sadece 200 adet bulunmaktad\u0131r.<\/p>\n<p>Join Tracie, immerse yourself in the joyous, calming process of painting &amp; let your creativity shine.<\/p>","protected":false},"featured_media":122514,"template":"","meta":{"footnotes":""},"product_brand":[],"product_cat":[403,407,100,310],"product_tag":[320,267,592,319,397],"class_list":{"0":"post-122515","1":"product","2":"type-product","3":"status-publish","4":"has-post-thumbnail","6":"product_cat-arts-entertainment","7":"product_cat-gift-giving","8":"product_cat-home","9":"product_cat-home-garden","10":"product_tag-decor","11":"product_tag-gifts","12":"product_tag-high-quality","13":"product_tag-home","14":"product_tag-luxury","15":"product_shipping_class-shipping-class-1","17":"first","18":"instock","19":"taxable","20":"shipping-taxable","21":"purchasable","22":"product-type-simple"},"bundled_by":[],"bundle_stock_status":"instock","bundle_stock_quantity":null,"bundle_virtual":false,"bundle_layout":"","bundle_add_to_cart_form_location":"","bundle_editable_in_cart":false,"bundle_sold_individually_context":"","bundle_item_grouping":"","bundle_min_size":"","bundle_max_size":"","bundle_price":[],"bundled_items":[],"bundle_sell_ids":[],"group_of_quantity":0,"min_quantity":0,"max_quantity":"","exclude_order_quantity_value_rules":"no","exclude_category_quantity_rules":"no","combine_variations":"no","_links":{"self":[{"href":"https:\/\/2024.shoply.com\/tr\/wp-json\/wp\/v2\/product\/122515","targetHints":{"allow":["GET"]}}],"collection":[{"href":"https:\/\/2024.shoply.com\/tr\/wp-json\/wp\/v2\/product"}],"about":[{"href":"https:\/\/2024.shoply.com\/tr\/wp-json\/wp\/v2\/types\/product"}],"version-history":[{"count":1,"href":"https:\/\/2024.shoply.com\/tr\/wp-json\/wp\/v2\/product\/122515\/revisions"}],"predecessor-version":[{"id":125613,"href":"https:\/\/2024.shoply.com\/tr\/wp-json\/wp\/v2\/product\/122515\/revisions\/125613"}],"wp:featuredmedia":[{"embeddable":true,"href":"https:\/\/2024.shoply.com\/tr\/wp-json\/wp\/v2\/media\/122514"}],"wp:attachment":[{"href":"https:\/\/2024.shoply.com\/tr\/wp-json\/wp\/v2\/media?parent=122515"}],"wp:term":[{"taxonomy":"product_brand","embeddable":true,"href":"https:\/\/2024.shoply.com\/tr\/wp-json\/wp\/v2\/product_brand?post=122515"},{"taxonomy":"product_cat","embeddable":true,"href":"https:\/\/2024.shoply.com\/tr\/wp-json\/wp\/v2\/product_cat?post=122515"},{"taxonomy":"product_tag","embeddable":true,"href":"https:\/\/2024.shoply.com\/tr\/wp-json\/wp\/v2\/product_tag?post=122515"}],"curies":[{"name":"wp","href":"https:\/\/api.w.org\/{rel}","templated":true}]}}