{"id":124135,"date":"2025-03-06T16:07:16","date_gmt":"2025-03-06T21:07:16","guid":{"rendered":"https:\/\/shoply.com\/?post_type=product&#038;p=124135"},"modified":"2025-03-06T16:09:47","modified_gmt":"2025-03-06T21:09:47","slug":"full-8-step-collection-bundle","status":"publish","type":"product","link":"https:\/\/2024.shoply.com\/tr\/urun\/full-8-step-collection-bundle\/","title":{"rendered":"TAM 8 ADIMLI KOLEKSIYON PAKETI"},"content":{"rendered":"<p>My Revolutionary trademarked Bo Stegall | The Collection\u2122\ufe0f Cell Renewal Technology PLUS Collagen Boost Science works to heal existing strands of hair from the inside out and grow healthier new hair by speeding up the Cell Turnover Time around the Hair Bulb (where hair is born).<\/p>\n<p>&nbsp;<\/p>\n<p>\u00dcR\u00dcNLER DAHILDIR:<\/p>\n<h1>1. ADIM: H\u00dcCRE YENI\u0307LEME TEDAVI\u0307SI\u0307<\/h1>\n<p class=\"\">(This is your Pre-Shampoo Treatment)<\/p>\n<h1>2. ADIM: H\u00dcCRE YENI\u0307LEME \u015eAMPUANI<\/h1>\n<p class=\"\">(Shampoo twice scrubbing for 30 seconds)<\/p>\n<h1>ADIM 3: H\u00dcCRE YENI\u0307LEME KREMI\u0307<\/h1>\n<p class=\"\">(Leave conditioner on the hair for 60 seconds)<\/p>\n<h1>4. ADIM: HYDROVITAL MIST<\/h1>\n<p id=\"yui_3_17_2_1_1727028308940_498\" class=\"\">(Liquid Vitamins, Nutrients, and DHT Blocker)<\/p>\n<h1>STEP 5: ELEVATE ROOT AMPLIFIER<\/h1>\n<p>(Creates volumes at the root)<\/p>\n<h1>STEP 6: SILK AMINO PEPTIDE THERAPY<\/h1>\n<p>(Weightless serum that adds shine and reverses split ends)<\/p>\n<h1>STEP 7: HEALING CLAY<\/h1>\n<p>(Fattens hair strands, creates separation, smoothes fly-aways)<\/p>\n<h1>STEP 8: FINALE FINISHING SPRAY<\/h1>\n<p>(Medium to strong hold Hair Spray that is not sticky)<\/p>\n<p>&nbsp;<\/p>\n<p>&nbsp;<\/p>\n<p>&nbsp;<\/p>\n<p>&nbsp;<\/p>\n<p>&nbsp;<\/p>\n<p><strong>SA\u00c7LARIM INCELIYOR VEYA D\u00d6K\u00dcL\u00dcYOR!<\/strong><\/p>\n<p><iframe title=\"2) Sa\u00e7lar\u0131m Seyreliyor! Ne Yapmal\u0131y\u0131m?\" width=\"500\" height=\"281\" src=\"https:\/\/www.youtube.com\/embed\/z3gqRLaXzhs?feature=oembed\" frameborder=\"0\" allow=\"accelerometer; autoplay; clipboard-write; encrypted-media; gyroscope; picture-in-picture; web-share\" referrerpolicy=\"strict-origin-when-cross-origin\" allowfullscreen><\/iframe><\/p>\n<p>&nbsp;<\/p>\n<p><strong>SA\u00c7LARIM KURU VE YIPRANMI\u015e!<\/strong><\/p>\n<p><iframe title=\"3) Sa\u00e7lar\u0131m Kuru ve Y\u0131pranm\u0131\u015f! Ne Yapmal\u0131y\u0131m?\" width=\"500\" height=\"281\" src=\"https:\/\/www.youtube.com\/embed\/-7EXsI1sX7Q?feature=oembed\" frameborder=\"0\" allow=\"accelerometer; autoplay; clipboard-write; encrypted-media; gyroscope; picture-in-picture; web-share\" referrerpolicy=\"strict-origin-when-cross-origin\" allowfullscreen><\/iframe><\/p>\n<p>&nbsp;<\/p>\n<p><strong>SA\u00c7LARIMDA HACIM YOK!<\/strong><\/p>\n<p><iframe title=\"5) Sa\u00e7lar\u0131mda Hacim Yok! Ne Yapmal\u0131y\u0131m?\" width=\"500\" height=\"281\" src=\"https:\/\/www.youtube.com\/embed\/Iax6R0fgGIA?feature=oembed\" frameborder=\"0\" allow=\"accelerometer; autoplay; clipboard-write; encrypted-media; gyroscope; picture-in-picture; web-share\" referrerpolicy=\"strict-origin-when-cross-origin\" allowfullscreen><\/iframe><\/p>\n<p>&nbsp;<\/p>\n<p><strong>U\u00c7LARIM KIRILDI!<\/strong><\/p>\n<p><iframe title=\"8) B\u00f6l\u00fcnm\u00fc\u015f U\u00e7lar\u0131m Var Ne Yapmal\u0131y\u0131m?\" width=\"500\" height=\"281\" src=\"https:\/\/www.youtube.com\/embed\/ZJk95Thr6p8?feature=oembed\" frameborder=\"0\" allow=\"accelerometer; autoplay; clipboard-write; encrypted-media; gyroscope; picture-in-picture; web-share\" referrerpolicy=\"strict-origin-when-cross-origin\" allowfullscreen><\/iframe><\/p>\n<p>&nbsp;<\/p>\n<p><strong>SA\u00c7LARIM VE SA\u00c7 DERIM YA\u011eLI!<\/strong><\/p>\n<p><iframe title=\"6) Ya\u011fl\u0131 Bir Sa\u00e7 Derisine Sahibim Ne Yapmal\u0131y\u0131m?\" width=\"500\" height=\"281\" src=\"https:\/\/www.youtube.com\/embed\/_z6gpZyDNRc?feature=oembed\" frameborder=\"0\" allow=\"accelerometer; autoplay; clipboard-write; encrypted-media; gyroscope; picture-in-picture; web-share\" referrerpolicy=\"strict-origin-when-cross-origin\" allowfullscreen><\/iframe><\/p>\n<p>&nbsp;<\/p>\n<p><strong>SA\u00c7LARIM KIVIRCIK YA DA DALGALI!<\/strong><\/p>\n<p><iframe title=\"4) Sa\u00e7lar\u0131m K\u0131v\u0131rc\u0131k Ne Yapmal\u0131y\u0131m?\" width=\"500\" height=\"281\" src=\"https:\/\/www.youtube.com\/embed\/_2RLR4ekVVE?feature=oembed\" frameborder=\"0\" allow=\"accelerometer; autoplay; clipboard-write; encrypted-media; gyroscope; picture-in-picture; web-share\" referrerpolicy=\"strict-origin-when-cross-origin\" allowfullscreen><\/iframe><\/p>","protected":false},"excerpt":{"rendered":"<p>The FULL 8 STEP COLLECTION has all of the products you need for Full Hair and Scalp Recovery!<\/p>\n<p>&nbsp;<\/p>\n<p><strong>GET TO KNOW THE FIRST 4 STEPS!<\/strong><\/p>\n<p>https:\/\/youtu.be\/P4oB0ALtszw?si=PWnw7a7xIne1RjUY<\/p>","protected":false},"featured_media":150999,"template":"","meta":{"footnotes":""},"product_brand":[],"product_cat":[1053,821,80,1585],"product_tag":[149,174,132,112,141,110],"class_list":{"0":"post-124135","1":"product","2":"type-product","3":"status-publish","4":"has-post-thumbnail","6":"product_cat-affiliate-bundle","7":"product_cat-beauty","8":"product_cat-beauty-health-supplements","9":"product_cat-hair","10":"product_tag-anti-aging","11":"product_tag-anti-inflammatory","12":"product_tag-antioxidants","13":"product_tag-cell-renewal","14":"product_tag-collagen","15":"product_tag-hair","16":"has-subscription-plans","18":"first","19":"instock","20":"taxable","21":"shipping-taxable","22":"purchasable","23":"product-type-simple"},"bundled_by":[],"bundle_stock_status":"instock","bundle_stock_quantity":null,"bundle_virtual":false,"bundle_layout":"","bundle_add_to_cart_form_location":"","bundle_editable_in_cart":false,"bundle_sold_individually_context":"","bundle_item_grouping":"","bundle_min_size":"","bundle_max_size":"","bundle_price":[],"bundled_items":[],"bundle_sell_ids":[],"group_of_quantity":0,"min_quantity":0,"max_quantity":"","exclude_order_quantity_value_rules":"no","exclude_category_quantity_rules":"no","combine_variations":"no","_links":{"self":[{"href":"https:\/\/2024.shoply.com\/tr\/wp-json\/wp\/v2\/product\/124135","targetHints":{"allow":["GET"]}}],"collection":[{"href":"https:\/\/2024.shoply.com\/tr\/wp-json\/wp\/v2\/product"}],"about":[{"href":"https:\/\/2024.shoply.com\/tr\/wp-json\/wp\/v2\/types\/product"}],"version-history":[{"count":2,"href":"https:\/\/2024.shoply.com\/tr\/wp-json\/wp\/v2\/product\/124135\/revisions"}],"predecessor-version":[{"id":154091,"href":"https:\/\/2024.shoply.com\/tr\/wp-json\/wp\/v2\/product\/124135\/revisions\/154091"}],"wp:featuredmedia":[{"embeddable":true,"href":"https:\/\/2024.shoply.com\/tr\/wp-json\/wp\/v2\/media\/150999"}],"wp:attachment":[{"href":"https:\/\/2024.shoply.com\/tr\/wp-json\/wp\/v2\/media?parent=124135"}],"wp:term":[{"taxonomy":"product_brand","embeddable":true,"href":"https:\/\/2024.shoply.com\/tr\/wp-json\/wp\/v2\/product_brand?post=124135"},{"taxonomy":"product_cat","embeddable":true,"href":"https:\/\/2024.shoply.com\/tr\/wp-json\/wp\/v2\/product_cat?post=124135"},{"taxonomy":"product_tag","embeddable":true,"href":"https:\/\/2024.shoply.com\/tr\/wp-json\/wp\/v2\/product_tag?post=124135"}],"curies":[{"name":"wp","href":"https:\/\/api.w.org\/{rel}","templated":true}]}}