{"id":124966,"date":"2025-01-26T13:00:36","date_gmt":"2025-01-26T18:00:36","guid":{"rendered":"https:\/\/shoply.com\/?post_type=product&#038;p=124966"},"modified":"2025-01-30T18:09:16","modified_gmt":"2025-01-30T23:09:16","slug":"atlantis-grow-wall-4-5-vertical-garden-system","status":"publish","type":"product","link":"https:\/\/2024.shoply.com\/tr\/urun\/atlantis-grow-wall-4-5-vertical-garden-system\/","title":{"rendered":"Atlantis Grow Wall 4.5 | Dikey Bah\u00e7e Sistemi"},"content":{"rendered":"<p>&nbsp;<\/p>\n<p>Ye\u015fil duvar merakl\u0131lar\u0131 i\u00e7in \u00f6zel olarak tasarlanan Gro-Wall\u00ae 4.5, kullan\u0131c\u0131 deneyimini ve tasar\u0131m \u00e7ok y\u00f6nl\u00fcl\u00fc\u011f\u00fcn\u00fc art\u0131ran yenilik\u00e7i \u00f6zelliklere sahiptir. Devrim niteli\u011findeki sulama sisteminden geli\u015ftirilmi\u015f ekim yeteneklerine kadar bu sistem, kullan\u0131c\u0131lara ve tasar\u0131mc\u0131lara kolayl\u0131kla yemye\u015fil duvarlar yaratma g\u00fcc\u00fc verir.<\/p>\n<p>Gro-Wall\u00ae 4.5, ister d\u0131\u015f mekanda zorlu ko\u015fullarda ister i\u00e7 mekanda d\u00fczenlenmi\u015f ortamlarda olsun, farkl\u0131 ortamlarda geli\u015fmek \u00fczere tasarlanm\u0131\u015ft\u0131r. Sistem tam eri\u015fim ve kontrol sunarak hedeflenen sulama kontrol\u00fcne, maksimum su verimlili\u011fine ve son dakika tasar\u0131m de\u011fi\u015fikliklerine uyum sa\u011flamak i\u00e7in sorunsuz ayarlamalara olanak tan\u0131r. Mod\u00fcler tasar\u0131m\u0131yla Gro-Wall\u00ae 4.5, yatay ve dikey geni\u015fleme i\u00e7in esneklik sa\u011flayarak sonsuz tasar\u0131m olanaklar\u0131 sunar.<\/p>\n<p>Temel \u00f6zellikler aras\u0131nda optimum bitki b\u00fcy\u00fcmesi i\u00e7in geni\u015f bir saks\u0131, stabilite ve bak\u0131m kolayl\u0131\u011f\u0131 sa\u011flayan g\u00fcvenli bir kilitleme mekanizmas\u0131 bulunmaktad\u0131r. H\u0131zl\u0131 yap\u0131 ve bitki kurulumu kurulum s\u00fcrecini kolayla\u015ft\u0131r\u0131rken, kendinden destekli yap\u0131 ek \u00e7er\u00e7eve ihtiyac\u0131n\u0131 ortadan kald\u0131rarak yap\u0131sal olarak sa\u011flam ve az bak\u0131m gerektirir.<\/p>\n<p>Ye\u015fil duvar tasar\u0131m\u0131n\u0131n yenilikle bulu\u015ftu\u011fu Atlantis Gro-Wall\u00ae 4.5'in g\u00fczelli\u011fini ve i\u015flevselli\u011fini deneyimleyin. Bu \u00e7ok y\u00f6nl\u00fc ve kullan\u0131c\u0131 dostu sistemle yarat\u0131c\u0131l\u0131\u011f\u0131n\u0131z\u0131 ortaya \u00e7\u0131kar\u0131n ve her alan\u0131 geli\u015fen bir vahaya d\u00f6n\u00fc\u015ft\u00fcr\u00fcn. \u0130ster deneyimli bir tasar\u0131mc\u0131 ister bah\u00e7ecilik merakl\u0131s\u0131 olun, Gro-Wall\u00ae 4.5 dikey bah\u00e7e vizyonlar\u0131n\u0131z\u0131 hayata ge\u00e7irmek i\u00e7in ihtiyac\u0131n\u0131z olan ara\u00e7lar\u0131 sunar.<\/p>\n<p>Uygulamalar<\/p>\n<ul>\n<li>Kapal\u0131 alan<\/li>\n<li>D\u0131\u015f mekan<\/li>\n<li>Konut<\/li>\n<li>Ticari<\/li>\n<\/ul>\n<p>Avantajlar<\/p>\n<ul>\n<li>Hafif<\/li>\n<li>100% geri d\u00f6n\u00fc\u015ft\u00fcr\u00fclm\u00fc\u015f malzemelerden \u00fcretilmi\u015ftir<\/li>\n<li>Depreme dayan\u0131kl\u0131<\/li>\n<li>Montaj\u0131 kolay<\/li>\n<li>H\u0131zl\u0131 \u0130n\u015faat ve Tesis Kurulumu<\/li>\n<li>\u00c7er\u00e7eve Gerekmez<\/li>\n<li>Yap\u0131sal Olarak G\u00fc\u00e7l\u00fc<\/li>\n<li>Bak\u0131m\u0131 Kolay<\/li>\n<\/ul>\n<p>FIYATA NAKLIYE DAHILDIR.<\/p>\n<p>&nbsp;<\/p>","protected":false},"excerpt":{"rendered":"<p>Ye\u015fil duvar merakl\u0131lar\u0131 i\u00e7in \u00f6zel olarak tasarlanan Gro-Wall\u00ae 4.5, kullan\u0131c\u0131 deneyimini ve tasar\u0131m \u00e7ok y\u00f6nl\u00fcl\u00fc\u011f\u00fcn\u00fc art\u0131ran yenilik\u00e7i \u00f6zelliklere sahiptir. Devrim niteli\u011findeki sulama sisteminden geli\u015ftirilmi\u015f ekim yeteneklerine kadar bu sistem, kullan\u0131c\u0131lara ve tasar\u0131mc\u0131lara kolayl\u0131kla yemye\u015fil duvarlar yaratma g\u00fcc\u00fc verir.<\/p>","protected":false},"featured_media":124971,"template":"","meta":{"footnotes":""},"product_brand":[],"product_cat":[310],"product_tag":[],"class_list":{"0":"post-124966","1":"product","2":"type-product","3":"status-publish","4":"has-post-thumbnail","6":"product_cat-home-garden","8":"first","9":"instock","10":"taxable","11":"shipping-taxable","12":"purchasable","13":"product-type-simple"},"bundled_by":[],"bundle_stock_status":"instock","bundle_stock_quantity":null,"bundle_virtual":false,"bundle_layout":"","bundle_add_to_cart_form_location":"","bundle_editable_in_cart":false,"bundle_sold_individually_context":"","bundle_item_grouping":"","bundle_min_size":"","bundle_max_size":"","bundle_price":[],"bundled_items":[],"bundle_sell_ids":[],"group_of_quantity":0,"min_quantity":1,"max_quantity":200,"exclude_order_quantity_value_rules":"no","exclude_category_quantity_rules":"no","combine_variations":"no","_links":{"self":[{"href":"https:\/\/2024.shoply.com\/tr\/wp-json\/wp\/v2\/product\/124966","targetHints":{"allow":["GET"]}}],"collection":[{"href":"https:\/\/2024.shoply.com\/tr\/wp-json\/wp\/v2\/product"}],"about":[{"href":"https:\/\/2024.shoply.com\/tr\/wp-json\/wp\/v2\/types\/product"}],"version-history":[{"count":1,"href":"https:\/\/2024.shoply.com\/tr\/wp-json\/wp\/v2\/product\/124966\/revisions"}],"predecessor-version":[{"id":124984,"href":"https:\/\/2024.shoply.com\/tr\/wp-json\/wp\/v2\/product\/124966\/revisions\/124984"}],"wp:featuredmedia":[{"embeddable":true,"href":"https:\/\/2024.shoply.com\/tr\/wp-json\/wp\/v2\/media\/124971"}],"wp:attachment":[{"href":"https:\/\/2024.shoply.com\/tr\/wp-json\/wp\/v2\/media?parent=124966"}],"wp:term":[{"taxonomy":"product_brand","embeddable":true,"href":"https:\/\/2024.shoply.com\/tr\/wp-json\/wp\/v2\/product_brand?post=124966"},{"taxonomy":"product_cat","embeddable":true,"href":"https:\/\/2024.shoply.com\/tr\/wp-json\/wp\/v2\/product_cat?post=124966"},{"taxonomy":"product_tag","embeddable":true,"href":"https:\/\/2024.shoply.com\/tr\/wp-json\/wp\/v2\/product_tag?post=124966"}],"curies":[{"name":"wp","href":"https:\/\/api.w.org\/{rel}","templated":true}]}}