{"id":141153,"date":"2025-03-03T16:31:19","date_gmt":"2025-03-03T21:31:19","guid":{"rendered":"https:\/\/shoply.com\/product\/sapphire-soothing-facial-oil-with-blue-tansy\/"},"modified":"2025-03-03T17:29:37","modified_gmt":"2025-03-03T22:29:37","slug":"sapphire-soothing-facial-oil-with-blue-tansy","status":"publish","type":"product","link":"https:\/\/2024.shoply.com\/tr\/urun\/sapphire-soothing-facial-oil-with-blue-tansy\/","title":{"rendered":"Mavi Solucanotlu Safir Yat\u0131\u015ft\u0131r\u0131c\u0131 Y\u00fcz Ya\u011f\u0131"},"content":{"rendered":"<p><strong><em>#1 Hassas Ciltler i\u00e7in Y\u00fcz Ya\u011f\u0131<\/em><\/strong>. Safir Yat\u0131\u015ft\u0131r\u0131c\u0131 Y\u00fcz Ya\u011f\u0131, tahri\u015f olmu\u015f cildi yat\u0131\u015ft\u0131rmak i\u00e7in kutsal kase \u00e7\u00f6z\u00fcm\u00fcm\u00fczd\u00fcr. Estetisyen m\u00fc\u015fterilerimiz taraf\u0131ndan k\u0131zar\u0131k, hasarl\u0131, hassas ve akneye e\u011filimli cilde sahip m\u00fc\u015fterileri i\u00e7in sevilen Safir Y\u00fcz Ya\u011f\u0131, l\u00fcks, hafif ve \u00e7ok sakinle\u015ftirici bir y\u00fcz veya v\u00fccut ya\u011f\u0131 olan ho\u015f bir y\u00fcz ya\u011f\u0131d\u0131r.  Ciltte h\u0131zla emilir ve cildi yumu\u015fac\u0131k b\u0131rak\u0131r.  Cilt derinlemesine nemlenmi\u015f, beslenmi\u015f ve korunmu\u015f hissedecektir. 60 ml boyutundad\u0131r.<\/p>\n<p>G\u00fczel bir renge ve ho\u015f bir kokuya sahip olan Mavi Solucanotu ya\u011f\u0131n\u0131n antioksidan, antibakteriyel ve anti-inflamatuar \u00f6zelliklere sahip oldu\u011fu ve t\u0131kanm\u0131\u015f g\u00f6zenekleri temizledi\u011fi bulunmu\u015ftur.  Ayr\u0131ca k\u0131zar\u0131kl\u0131k, tahri\u015f ve iltihaplanmay\u0131 h\u0131zla azaltmada harikad\u0131r. (Not: Mavi solucan otu ya\u011f\u0131n\u0131n partisine ba\u011fl\u0131 olarak renk mavi veya ye\u015fil g\u00f6r\u00fcnebilir).<\/p>\n<p><strong>L\u00fcks Malzemeler:<\/strong><\/p>\n<div><strong style=\"font-size: 0.875rem\">Fas Mavi Solucan Ya\u011f\u0131 ve Sandal A\u011fac\u0131 Ya\u011f\u0131<\/strong><span style=\"font-size: 0.875rem\"> iltihaplanmay\u0131, k\u0131zar\u0131kl\u0131\u011f\u0131 ve sivilceleri azaltmak i\u00e7in.<\/span><\/div>\n<div><strong>Zeytinden Vegan Squalane<\/strong>: Cildin do\u011fal nemlendiricileri ile biyolojik olarak \u00f6zde\u015ftir. Cilt bariyerini onarmaya, tahri\u015fi ve k\u0131zar\u0131kl\u0131\u011f\u0131 azaltmaya yard\u0131mc\u0131 olur.<br \/>\n<strong style=\"font-size: 0.875rem\">\u00dcz\u00fcm \u00e7ekirde\u011fi ya\u011f\u0131 <\/strong><span style=\"font-size: 0.875rem\">iyile\u015ftirmek ve hasar\u0131 \u00f6nlemek i\u00e7in antioksidanlar bak\u0131m\u0131ndan \u00e7ok y\u00fcksektir<\/span><br \/>\n<strong style=\"font-size: 0.875rem\">S\u00fcrd\u00fcr\u00fclebilir \u015fekilde hasat edilmi\u015f Argan ya\u011f\u0131<\/strong><span style=\"font-size: 0.875rem\"> y\u00fcksek\u00a0<\/span><span style=\"font-size: 0.875rem\">Cildin hidrolipid bariyerini yeniden in\u015fa etmek ve transepidermal su kayb\u0131n\u0131 \u00f6nlemek i\u00e7in esansiyel ya\u011f asitleri.\u00a0<\/span><br \/>\n<strong style=\"font-size: 0.875rem\">H\u0131zl\u0131 emici<\/strong><span style=\"font-size: 0.875rem\"> ve cildin ya\u011fl\u0131 g\u00f6r\u00fcnmesine neden olmaz<\/span><br \/>\n<strong style=\"font-size: 0.875rem\">Linoleik asit ya\u011flar\u0131 bak\u0131m\u0131ndan y\u00fcksek<\/strong><span style=\"font-size: 0.875rem\"> \u00dcz\u00fcm \u00e7ekirde\u011fi ya\u011f\u0131, S\u00fcrd\u00fcr\u00fclebilir Argan, Hint Ya\u011f\u0131 ve Ay\u00e7i\u00e7e\u011fi tohumu ya\u011f\u0131 ile ya\u011fl\u0131 ve akne e\u011filimli ciltleri dengelemek i\u00e7in<\/span><br \/>\n<span style=\"font-size: 0.875rem\">Y\u00fcz veya V\u00fccut ya\u011f\u0131 olarak gece veya g\u00fcnd\u00fcz kullan\u0131n\u00a0<\/span><br \/>\n<span style=\"font-size: 0.875rem\">T\u00fcm cilt tipleri i\u00e7in, \u00f6zellikle akneye e\u011filimli, tahri\u015f olmu\u015f ciltler, k\u0131zar\u0131kl\u0131k, olgun, karma ve ya\u011fl\u0131 ciltler i\u00e7in m\u00fckemmeldir<\/span><\/div>\n<div><\/div>\n<div><span style=\"font-size: 0.875rem\">Not: Mavi solucan otunun hasad\u0131na ba\u011fl\u0131 olarak renk mavi veya ye\u015fil olabilir. Bu, renkteki do\u011fal ve normal bir varyasyondur ve kalitede bir sorun de\u011fildir.<\/span><\/div>\n<div><span style=\"font-size: 0.875rem\">Vegan, Temiz ve Leaping Bunny sertifikal\u0131 zul\u00fcms\u00fcz<\/span><br \/>\n<span style=\"font-size: 0.875rem\">Tamamen Do\u011fal, koruyucu yok, boya yok, paraben yok, yapay koku yok<\/span><br \/>\n<span style=\"font-size: 0.875rem\">S\u00fcrd\u00fcr\u00fclebilir \u00fcretim\u00a0<\/span><\/div>\n<div>*<strong>Not<\/strong>: <em>Mavi solucan otu ya\u011f\u0131, baz\u0131 antidepresanlar\u0131 kullanan ki\u015filer i\u00e7in \u00f6nerilmez \u00e7\u00fcnk\u00fc bu ila\u00e7lar\u0131n etkinli\u011fini bozabilir. L\u00fctfen doktorunuza dan\u0131\u015f\u0131n ve bu ya\u011f\u0131n sizin i\u00e7in uygun olup olmad\u0131\u011f\u0131n\u0131 ara\u015ft\u0131r\u0131n.\u00a0\u00a0<\/em><\/div>\n<div><\/div>\n<div>\n<p><span style=\"font-size: 0.875rem\">ABD'de \u00fcretilmi\u015f ve paketlenmi\u015ftir<\/span><\/p>\n<p><span style=\"font-size: 0.875rem\">Westlake Village, CA, 1543 Covington Avenue adresindeki ofisimizde<\/span><\/p>\n<\/div>","protected":false},"excerpt":{"rendered":"<p>#1 Facial Oil for Sensitive Skin. The Sapphire Soothing Facial Oil is our holy grail solution for soothing irritated skin.<\/p>","protected":false},"featured_media":150135,"template":"","meta":{"footnotes":""},"product_brand":[],"product_cat":[1096],"product_tag":[1127,1098,1100,1125,491,1233,149,1102,1348,1349,585,1371,1407,1231,1111,1117,617,1132,1350,1351,493,109,1129,1354,1355,1135,1136,1228,1356,1139,1142,1144,1357,1358,111,1244,1359,753,1360,1145,153,1457,1148,1415,241,417,1179,1152,1154,1362,1361,1363,1157,1440,1365,1159,1324,1161,1301,1163,1165,1312,1166,1399,1180,1372,644,1153,1177,267,1196,1387,1197,292,110,1373,319,1374,1203,1218,1221,740,1376,1099,1378,1226,1396,1230,1232,288,397,584,1398,1368,158,1379,152,1329,1126,1383,1015,1250,1381,534,431,1370,1253,602,185,1251,1330,1385,1386,626,1272,1392,1416,1332,1530,1147,1315,1245,308,1389,1390,1391,1314,1243,1366,1345,1367,1281,1178,1375,1393,1267,1394,1395,1121,1401,1269,1273,1204,1384,1264,150,1216,931,1380,394,1246,1268,1143,1240,1283,1406,1346,1397,1408,774,1353,586,595,1422,1347,1409,1410,1411,1542,1236,522,113,1119,1124,1296,1242,1413,1414,1186,157,1205,1241,1418,1419],"class_list":{"0":"post-141153","1":"product","2":"type-product","3":"status-publish","4":"has-post-thumbnail","6":"product_cat-skin-serums","7":"product_tag-acne","8":"product_tag-afterpay-2","9":"product_tag-afterpayusa","10":"product_tag-all","11":"product_tag-and","12":"product_tag-angeles","13":"product_tag-anti-aging","14":"product_tag-antiaging","15":"product_tag-argan","16":"product_tag-astringent","17":"product_tag-back","18":"product_tag-balancing","19":"product_tag-bar","20":"product_tag-barbara-2","21":"product_tag-beauty-2","22":"product_tag-bella-2","23":"product_tag-best","24":"product_tag-biodegradeable","25":"product_tag-blackhead","26":"product_tag-blackheads","27":"product_tag-blue","28":"product_tag-body","29":"product_tag-brand","30":"product_tag-breakout","31":"product_tag-breakouts","32":"product_tag-bright","33":"product_tag-brighten","34":"product_tag-bunny-2","35":"product_tag-calendula","36":"product_tag-cali-2","37":"product_tag-california-2","38":"product_tag-californialove","39":"product_tag-calm","40":"product_tag-canola","41":"product_tag-care","42":"product_tag-care-3","43":"product_tag-ceo","44":"product_tag-certified","45":"product_tag-chemo","46":"product_tag-clean","47":"product_tag-cleanser","48":"product_tag-cleansing-2","49":"product_tag-clear","50":"product_tag-clog","51":"product_tag-cosmetics","52":"product_tag-cream","53":"product_tag-crows","54":"product_tag-cruelty","55":"product_tag-cruelty-free","56":"product_tag-cure","57":"product_tag-cystic","58":"product_tag-damaged","59":"product_tag-dehydrated","60":"product_tag-divina-2","61":"product_tag-divine","62":"product_tag-dry","63":"product_tag-dry_skin","64":"product_tag-dye","65":"product_tag-e","66":"product_tag-eco-friendly","67":"product_tag-esthetician","68":"product_tag-face-2","69":"product_tag-facial","70":"product_tag-feature","71":"product_tag-feet","72":"product_tag-fight","73":"product_tag-for","74":"product_tag-free","75":"product_tag-get","76":"product_tag-gifts","77":"product_tag-gluten","78":"product_tag-grapefruit","79":"product_tag-grapeseed","80":"product_tag-green","81":"product_tag-hair","82":"product_tag-herbivore","83":"product_tag-home","84":"product_tag-hormonal","85":"product_tag-how","86":"product_tag-hydrating","87":"product_tag-hydration-2","88":"product_tag-in","89":"product_tag-irritated","90":"product_tag-it","91":"product_tag-lapis-2","92":"product_tag-leaping","93":"product_tag-life","94":"product_tag-local","95":"product_tag-los","96":"product_tag-love","97":"product_tag-luxury","98":"product_tag-made","99":"product_tag-magazine","100":"product_tag-make","101":"product_tag-mask","102":"product_tag-mini","103":"product_tag-moisturizer","104":"product_tag-more","105":"product_tag-natural","106":"product_tag-neem","107":"product_tag-new","108":"product_tag-no","109":"product_tag-nourishing","110":"product_tag-of","111":"product_tag-oil-2","112":"product_tag-oils-2","113":"product_tag-oily-2","114":"product_tag-on","115":"product_tag-organic","116":"product_tag-parabens","117":"product_tag-perfumes","118":"product_tag-pimple","119":"product_tag-pimples","120":"product_tag-pink","121":"product_tag-plastic","122":"product_tag-plastics","123":"product_tag-pores","124":"product_tag-premium","125":"product_tag-product-2","126":"product_tag-products","127":"product_tag-program","128":"product_tag-prone","129":"product_tag-pumpkin","130":"product_tag-recycled","131":"product_tag-redness","132":"product_tag-reduce","133":"product_tag-refill-2","134":"product_tag-refills","135":"product_tag-relief","136":"product_tag-remedies","137":"product_tag-removing","138":"product_tag-reviews","139":"product_tag-rid","140":"product_tag-rosacea","141":"product_tag-rosehip","142":"product_tag-sale","143":"product_tag-sample","144":"product_tag-sandalwood","145":"product_tag-santa","146":"product_tag-sapphire-2","147":"product_tag-save","148":"product_tag-sb-2","149":"product_tag-scars","150":"product_tag-seed","151":"product_tag-sensitive","152":"product_tag-serum","153":"product_tag-serums","154":"product_tag-size","155":"product_tag-sized","156":"product_tag-skin","157":"product_tag-skin-3","158":"product_tag-skinc","159":"product_tag-skincare-2","160":"product_tag-skincare-3","161":"product_tag-slugging-2","162":"product_tag-spa-2","163":"product_tag-spot","164":"product_tag-style-2","165":"product_tag-sunflower","166":"product_tag-sustainable","167":"product_tag-tansy-2","168":"product_tag-the","169":"product_tag-to","170":"product_tag-treatment-2","171":"product_tag-treatments","172":"product_tag-tret","173":"product_tag-tretinoin","174":"product_tag-tretonoin","175":"product_tag-up-2","176":"product_tag-us","177":"product_tag-usa","178":"product_tag-vegan","179":"product_tag-vida-2","180":"product_tag-vita","181":"product_tag-vitamin","182":"product_tag-waste","183":"product_tag-waterless-2","184":"product_tag-will","185":"product_tag-women","186":"product_tag-wrinkle","187":"product_tag-wrinkles-2","188":"product_tag-zero","189":"product_tag-zit-2","190":"product_tag-zits","191":"has-subscription-plans","193":"first","194":"instock","195":"taxable","196":"shipping-taxable","197":"purchasable","198":"product-type-simple"},"bundled_by":[],"bundle_stock_status":"instock","bundle_stock_quantity":40,"bundle_virtual":false,"bundle_layout":"","bundle_add_to_cart_form_location":"","bundle_editable_in_cart":false,"bundle_sold_individually_context":"","bundle_item_grouping":"","bundle_min_size":"","bundle_max_size":"","bundle_price":[],"bundled_items":[],"bundle_sell_ids":[],"group_of_quantity":0,"min_quantity":0,"max_quantity":"","exclude_order_quantity_value_rules":"no","exclude_category_quantity_rules":"no","combine_variations":"no","_links":{"self":[{"href":"https:\/\/2024.shoply.com\/tr\/wp-json\/wp\/v2\/product\/141153","targetHints":{"allow":["GET"]}}],"collection":[{"href":"https:\/\/2024.shoply.com\/tr\/wp-json\/wp\/v2\/product"}],"about":[{"href":"https:\/\/2024.shoply.com\/tr\/wp-json\/wp\/v2\/types\/product"}],"version-history":[{"count":3,"href":"https:\/\/2024.shoply.com\/tr\/wp-json\/wp\/v2\/product\/141153\/revisions"}],"predecessor-version":[{"id":150200,"href":"https:\/\/2024.shoply.com\/tr\/wp-json\/wp\/v2\/product\/141153\/revisions\/150200"}],"wp:featuredmedia":[{"embeddable":true,"href":"https:\/\/2024.shoply.com\/tr\/wp-json\/wp\/v2\/media\/150135"}],"wp:attachment":[{"href":"https:\/\/2024.shoply.com\/tr\/wp-json\/wp\/v2\/media?parent=141153"}],"wp:term":[{"taxonomy":"product_brand","embeddable":true,"href":"https:\/\/2024.shoply.com\/tr\/wp-json\/wp\/v2\/product_brand?post=141153"},{"taxonomy":"product_cat","embeddable":true,"href":"https:\/\/2024.shoply.com\/tr\/wp-json\/wp\/v2\/product_cat?post=141153"},{"taxonomy":"product_tag","embeddable":true,"href":"https:\/\/2024.shoply.com\/tr\/wp-json\/wp\/v2\/product_tag?post=141153"}],"curies":[{"name":"wp","href":"https:\/\/api.w.org\/{rel}","templated":true}]}}