{"id":152402,"date":"2025-03-09T09:00:09","date_gmt":"2025-03-09T14:00:09","guid":{"rendered":"https:\/\/shoply.com\/?post_type=product&#038;p=152402"},"modified":"2025-03-13T09:35:12","modified_gmt":"2025-03-13T14:35:12","slug":"11x14-matted-for-8x10-original-artist-print-14","status":"publish","type":"product","link":"https:\/\/2024.shoply.com\/tr\/urun\/11x14-matted-for-8x10-original-artist-print-14\/","title":{"rendered":"8\u00d710 Orijinal Sanat\u00e7\u0131 Bask\u0131s\u0131 i\u00e7in 11\u00d714 Matla\u015ft\u0131r\u0131lm\u0131\u015f"},"content":{"rendered":"<p>Soyut d\u0131\u015favurumculu\u011fun ustas\u0131 Chad Vlassis, her f\u0131r\u00e7a darbesinde bir renk ve duygu kaleydoskopu \u00f6r\u00fcyor. E\u015fsiz tarz\u0131, tan\u0131d\u0131k ve beklenmedik diyarlar aras\u0131nda dans ederek izleyicileri kendi hayal g\u00fc\u00e7lerinin derinliklerini ke\u015ffetmeye davet ediyor. Ger\u00e7ek bir vizyoner olan Chad'in eserleri tutku ve yenili\u011fin b\u00fcy\u00fcleyici bir kar\u0131\u015f\u0131m\u0131d\u0131r ve izleyicileri yarat\u0131c\u0131l\u0131\u011f\u0131n s\u0131n\u0131r tan\u0131mad\u0131\u011f\u0131 bir d\u00fcnyaya ta\u015f\u0131r.<\/p>","protected":false},"excerpt":{"rendered":"<p style=\"text-align: left\">Bu \u00e7arp\u0131c\u0131 11\u00d714 mat bask\u0131lar, Chad'in b\u00fcy\u00fcleyici orijinal sanat eserlerinin 8\u00d710 g\u00f6r\u00fcnt\u00fclerini g\u00fczel bir \u015fekilde sergiliyor. Her bir bask\u0131, sanat\u00e7\u0131n\u0131n soyut renk ve form d\u00fcnyas\u0131na benzersiz bir bak\u0131\u015f sunarak sizi yarat\u0131c\u0131 vizyonunun b\u00fcy\u00fcs\u00fcn\u00fc ilk elden deneyimlemeye davet ediyor.<\/p>","protected":false},"featured_media":152404,"template":"","meta":{"footnotes":""},"product_brand":[],"product_cat":[199],"product_tag":[],"class_list":{"0":"post-152402","1":"product","2":"type-product","3":"status-publish","4":"has-post-thumbnail","6":"product_cat-fine-art","7":"product_shipping_class-shipping-class-1","9":"first","10":"instock","11":"sale","12":"taxable","13":"shipping-taxable","14":"purchasable","15":"product-type-simple"},"bundled_by":[],"bundle_stock_status":"instock","bundle_stock_quantity":null,"bundle_virtual":false,"bundle_layout":"","bundle_add_to_cart_form_location":"","bundle_editable_in_cart":false,"bundle_sold_individually_context":"","bundle_item_grouping":"","bundle_min_size":"","bundle_max_size":"","bundle_price":[],"bundled_items":[],"bundle_sell_ids":[],"group_of_quantity":0,"min_quantity":0,"max_quantity":"","exclude_order_quantity_value_rules":"no","exclude_category_quantity_rules":"no","combine_variations":"no","_links":{"self":[{"href":"https:\/\/2024.shoply.com\/tr\/wp-json\/wp\/v2\/product\/152402","targetHints":{"allow":["GET"]}}],"collection":[{"href":"https:\/\/2024.shoply.com\/tr\/wp-json\/wp\/v2\/product"}],"about":[{"href":"https:\/\/2024.shoply.com\/tr\/wp-json\/wp\/v2\/types\/product"}],"version-history":[{"count":2,"href":"https:\/\/2024.shoply.com\/tr\/wp-json\/wp\/v2\/product\/152402\/revisions"}],"predecessor-version":[{"id":152408,"href":"https:\/\/2024.shoply.com\/tr\/wp-json\/wp\/v2\/product\/152402\/revisions\/152408"}],"wp:featuredmedia":[{"embeddable":true,"href":"https:\/\/2024.shoply.com\/tr\/wp-json\/wp\/v2\/media\/152404"}],"wp:attachment":[{"href":"https:\/\/2024.shoply.com\/tr\/wp-json\/wp\/v2\/media?parent=152402"}],"wp:term":[{"taxonomy":"product_brand","embeddable":true,"href":"https:\/\/2024.shoply.com\/tr\/wp-json\/wp\/v2\/product_brand?post=152402"},{"taxonomy":"product_cat","embeddable":true,"href":"https:\/\/2024.shoply.com\/tr\/wp-json\/wp\/v2\/product_cat?post=152402"},{"taxonomy":"product_tag","embeddable":true,"href":"https:\/\/2024.shoply.com\/tr\/wp-json\/wp\/v2\/product_tag?post=152402"}],"curies":[{"name":"wp","href":"https:\/\/api.w.org\/{rel}","templated":true}]}}