{"id":29551,"date":"2024-08-19T22:45:56","date_gmt":"2024-08-19T22:45:56","guid":{"rendered":"https:\/\/shoply.com\/?post_type=product&#038;p=29551"},"modified":"2025-02-07T15:13:45","modified_gmt":"2025-02-07T20:13:45","slug":"ur-vitality","status":"publish","type":"product","link":"https:\/\/2024.shoply.com\/tr\/urun\/ur-vitality\/","title":{"rendered":"UR Vitality"},"content":{"rendered":"<p>UR Vitality - hayat\u0131n\u0131za g\u00fc\u00e7 katacak MitoPrime\u00ae multi-vitamin!<\/p>\n<p>Amiral gemisi multi-vitamin toz ek paketimiz, g\u00fc\u00e7l\u00fc bir konsantrasyonda (15 mg) MitoPrime\u00ae bile\u015feni i\u00e7erir. Bu multi-vitamin kar\u0131\u015f\u0131m\u0131, MitoPrime\u00ae'\u0131n antioksidan, ba\u011f\u0131\u015f\u0131kl\u0131k destekleyici, DNA\/h\u00fccre koruyucu faydalar\u0131n\u0131 tamamlarken artan enerji, ya\u011fs\u0131z kas, daha iyi ruh hali, odaklanma, zihinsel uyan\u0131kl\u0131k ve metabolizmay\u0131 destekler.<\/p>\n<div style=\"width: 540px;\" class=\"wp-video\"><!--[if lt IE 9]><script>document.createElement('video');<\/script><![endif]-->\n<video class=\"wp-video-shortcode\" id=\"video-29551-1\" width=\"540\" height=\"960\" preload=\"metadata\" controls=\"controls\"><source type=\"video\/mp4\" src=\"https:\/\/shoply.com\/wp-content\/uploads\/2024\/10\/Ur-Vitality-Tiktok.mp4?_=1\" \/><a href=\"https:\/\/shoply.com\/wp-content\/uploads\/2024\/10\/Ur-Vitality-Tiktok.mp4\">https:\/\/shoply.com\/wp-content\/uploads\/2024\/10\/Ur-Vitality-Tiktok.mp4<\/a><\/video><\/div>\n<p><span style=\"font-size: 10pt;\">MitoPrime\u00ae, NNB Nutrition'\u0131n tescilli ticari markas\u0131d\u0131r.<\/span><\/p>\n<p><em><strong>Bu beyanlar G\u0131da ve \u0130la\u00e7 \u0130daresi taraf\u0131ndan de\u011ferlendirilmemi\u015ftir.\u00a0<\/strong><\/em><em><strong>Bu \u00fcr\u00fcn herhangi bir hastal\u0131\u011f\u0131 te\u015fhis etmek, tedavi etmek, iyile\u015ftirmek veya \u00f6nlemek i\u00e7in tasarlanmam\u0131\u015ft\u0131r.<\/strong><\/em><\/p>","protected":false},"excerpt":{"rendered":"<p>30 Porsiyon<\/p>\n<p>&nbsp;<\/p>","protected":false},"featured_media":78669,"template":"","meta":{"footnotes":""},"product_brand":[],"product_cat":[80],"product_tag":[],"class_list":{"0":"post-29551","1":"product","2":"type-product","3":"status-publish","4":"has-post-thumbnail","6":"product_cat-beauty-health-supplements","7":"product_shipping_class-shipping-class-1","8":"has-subscription-plans","10":"first","11":"instock","12":"sale","13":"taxable","14":"shipping-taxable","15":"purchasable","16":"product-type-simple"},"bundled_by":["31070","97420","97423"],"bundle_stock_status":"instock","bundle_stock_quantity":null,"bundle_virtual":false,"bundle_layout":"","bundle_add_to_cart_form_location":"","bundle_editable_in_cart":false,"bundle_sold_individually_context":"","bundle_item_grouping":"","bundle_min_size":"","bundle_max_size":"","bundle_price":[],"bundled_items":[],"bundle_sell_ids":[],"group_of_quantity":0,"min_quantity":0,"max_quantity":"","exclude_order_quantity_value_rules":"no","exclude_category_quantity_rules":"no","combine_variations":"no","_links":{"self":[{"href":"https:\/\/2024.shoply.com\/tr\/wp-json\/wp\/v2\/product\/29551","targetHints":{"allow":["GET"]}}],"collection":[{"href":"https:\/\/2024.shoply.com\/tr\/wp-json\/wp\/v2\/product"}],"about":[{"href":"https:\/\/2024.shoply.com\/tr\/wp-json\/wp\/v2\/types\/product"}],"version-history":[{"count":3,"href":"https:\/\/2024.shoply.com\/tr\/wp-json\/wp\/v2\/product\/29551\/revisions"}],"predecessor-version":[{"id":139433,"href":"https:\/\/2024.shoply.com\/tr\/wp-json\/wp\/v2\/product\/29551\/revisions\/139433"}],"wp:featuredmedia":[{"embeddable":true,"href":"https:\/\/2024.shoply.com\/tr\/wp-json\/wp\/v2\/media\/78669"}],"wp:attachment":[{"href":"https:\/\/2024.shoply.com\/tr\/wp-json\/wp\/v2\/media?parent=29551"}],"wp:term":[{"taxonomy":"product_brand","embeddable":true,"href":"https:\/\/2024.shoply.com\/tr\/wp-json\/wp\/v2\/product_brand?post=29551"},{"taxonomy":"product_cat","embeddable":true,"href":"https:\/\/2024.shoply.com\/tr\/wp-json\/wp\/v2\/product_cat?post=29551"},{"taxonomy":"product_tag","embeddable":true,"href":"https:\/\/2024.shoply.com\/tr\/wp-json\/wp\/v2\/product_tag?post=29551"}],"curies":[{"name":"wp","href":"https:\/\/api.w.org\/{rel}","templated":true}]}}