{"id":29633,"date":"2024-08-19T22:33:19","date_gmt":"2024-08-19T22:33:19","guid":{"rendered":"https:\/\/shoply.com\/?post_type=product&#038;p=29633"},"modified":"2025-02-19T20:14:01","modified_gmt":"2025-02-20T01:14:01","slug":"banana-bread-electrolyte-vi-shape","status":"publish","type":"product","link":"https:\/\/2024.shoply.com\/tr\/urun\/banana-bread-electrolyte-vi-shape\/","title":{"rendered":"Muzlu Ekmek Elektrolit + Vi-Shape"},"content":{"rendered":"<p style=\"text-align: center;\"><img fetchpriority=\"high\" decoding=\"async\" class=\"aligncenter size-medium\" src=\"https:\/\/cdn.shopify.com\/s\/files\/1\/0653\/6793\/3174\/files\/shoply-vi-1.png?v=1730910734\" width=\"1200\" height=\"95\" \/><\/p>\n<p style=\"text-align: center;\"><img decoding=\"async\" class=\"aligncenter size-medium\" src=\"https:\/\/cdn.shopify.com\/s\/files\/1\/0653\/6793\/3174\/files\/shoply-vi-2.png?v=1730910734\" width=\"1200\" height=\"1083\" \/><\/p>\n<p><img decoding=\"async\" class=\"aligncenter size-medium\" src=\"https:\/\/cdn.shopify.com\/s\/files\/1\/0653\/6793\/3174\/files\/shoply-vi-3.png?v=1730910734\" width=\"1200\" height=\"507\" \/><\/p>\n<p><img loading=\"lazy\" decoding=\"async\" class=\"aligncenter size-medium\" src=\"https:\/\/cdn.shopify.com\/s\/files\/1\/0653\/6793\/3174\/files\/shoply-vi-4.png?v=1730910734\" width=\"1200\" height=\"755\" \/><\/p>\n<p><img loading=\"lazy\" decoding=\"async\" class=\"aligncenter size-medium\" src=\"https:\/\/cdn.shopify.com\/s\/files\/1\/0653\/6793\/3174\/files\/shoply-vi-5.png?v=1730910734\" width=\"1528\" height=\"296\" \/><\/p>\n<p><img loading=\"lazy\" decoding=\"async\" class=\"aligncenter size-medium\" src=\"https:\/\/cdn.shopify.com\/s\/files\/1\/0653\/6793\/3174\/files\/shoply-vi-6.png?v=1730910734\" width=\"1200\" height=\"390\" \/><\/p>\n<p><img loading=\"lazy\" decoding=\"async\" class=\"aligncenter size-medium\" src=\"https:\/\/cdn.shopify.com\/s\/files\/1\/0653\/6793\/3174\/files\/shoply-vi-7.png?v=1730910734\" width=\"1200\" height=\"686\" \/><\/p>\n<p>Boost your hydration and energy with the Banana Bread Electrolyte Lift! This unique formula combines the comforting taste of homemade banana bread with a powerful blend of electrolytes, designed to replenish your body&#8217;s essential minerals during workouts, hot days, or any time you need a lift. Perfect for those seeking a delicious way to stay hydrated, this mix supports endurance, reduces cramps, and enhances recovery. Savor the nostalgic flavor of banana bread while giving your body the electrolyte boost it craves. The Banana Bread Electrolyte Lift is your delicious solution to staying energized and balanced, no matter your daily challenges.<\/p>\n<p><em><strong>Bu beyanlar G\u0131da ve \u0130la\u00e7 \u0130daresi taraf\u0131ndan de\u011ferlendirilmemi\u015ftir.\u00a0<\/strong><\/em><em><strong>Bu \u00fcr\u00fcn herhangi bir hastal\u0131\u011f\u0131 te\u015fhis etmek, tedavi etmek, iyile\u015ftirmek veya \u00f6nlemek i\u00e7in tasarlanmam\u0131\u015ft\u0131r.<\/strong><\/em><\/p>","protected":false},"excerpt":{"rendered":"<p>https:\/\/www.youtube.com\/watch?v=keQept63Cqc<\/p>\n<p>1 Shake Po\u015feti (24 Porsiyon) + 1 Kutu Muzlu Ekmek Kar\u0131\u015f\u0131m\u0131 (15 Porsiyon)<\/p>\n<p>&nbsp;<\/p>\n<p><em><strong>Bu beyanlar G\u0131da ve \u0130la\u00e7 \u0130daresi taraf\u0131ndan de\u011ferlendirilmemi\u015ftir.\u00a0<\/strong><\/em><em><strong>Bu \u00fcr\u00fcn herhangi bir hastal\u0131\u011f\u0131 te\u015fhis etmek, tedavi etmek, iyile\u015ftirmek veya \u00f6nlemek i\u00e7in tasarlanmam\u0131\u015ft\u0131r.<\/strong><\/em><\/p>","protected":false},"featured_media":29634,"template":"","meta":{"footnotes":""},"product_brand":[],"product_cat":[80],"product_tag":[],"class_list":{"0":"post-29633","1":"product","2":"type-product","3":"status-publish","4":"has-post-thumbnail","6":"product_cat-beauty-health-supplements","7":"product_shipping_class-shipping-class-1","8":"has-subscription-plans","10":"first","11":"instock","12":"taxable","13":"shipping-taxable","14":"purchasable","15":"product-type-simple"},"bundled_by":[],"bundle_stock_status":"instock","bundle_stock_quantity":null,"bundle_virtual":false,"bundle_layout":"","bundle_add_to_cart_form_location":"","bundle_editable_in_cart":false,"bundle_sold_individually_context":"","bundle_item_grouping":"","bundle_min_size":"","bundle_max_size":"","bundle_price":[],"bundled_items":[],"bundle_sell_ids":[],"group_of_quantity":0,"min_quantity":0,"max_quantity":"","exclude_order_quantity_value_rules":"no","exclude_category_quantity_rules":"no","combine_variations":"no","_links":{"self":[{"href":"https:\/\/2024.shoply.com\/tr\/wp-json\/wp\/v2\/product\/29633","targetHints":{"allow":["GET"]}}],"collection":[{"href":"https:\/\/2024.shoply.com\/tr\/wp-json\/wp\/v2\/product"}],"about":[{"href":"https:\/\/2024.shoply.com\/tr\/wp-json\/wp\/v2\/types\/product"}],"version-history":[{"count":2,"href":"https:\/\/2024.shoply.com\/tr\/wp-json\/wp\/v2\/product\/29633\/revisions"}],"predecessor-version":[{"id":139443,"href":"https:\/\/2024.shoply.com\/tr\/wp-json\/wp\/v2\/product\/29633\/revisions\/139443"}],"wp:featuredmedia":[{"embeddable":true,"href":"https:\/\/2024.shoply.com\/tr\/wp-json\/wp\/v2\/media\/29634"}],"wp:attachment":[{"href":"https:\/\/2024.shoply.com\/tr\/wp-json\/wp\/v2\/media?parent=29633"}],"wp:term":[{"taxonomy":"product_brand","embeddable":true,"href":"https:\/\/2024.shoply.com\/tr\/wp-json\/wp\/v2\/product_brand?post=29633"},{"taxonomy":"product_cat","embeddable":true,"href":"https:\/\/2024.shoply.com\/tr\/wp-json\/wp\/v2\/product_cat?post=29633"},{"taxonomy":"product_tag","embeddable":true,"href":"https:\/\/2024.shoply.com\/tr\/wp-json\/wp\/v2\/product_tag?post=29633"}],"curies":[{"name":"wp","href":"https:\/\/api.w.org\/{rel}","templated":true}]}}