{"id":60448,"date":"2024-09-17T15:59:21","date_gmt":"2024-09-17T20:59:21","guid":{"rendered":"https:\/\/shoply.com\/?post_type=product&#038;p=60448"},"modified":"2025-02-20T17:17:49","modified_gmt":"2025-02-20T22:17:49","slug":"step-1-cell-renewal-treatment","status":"publish","type":"product","link":"https:\/\/2024.shoply.com\/tr\/urun\/step-1-cell-renewal-treatment\/","title":{"rendered":"ADIM 1 | H\u00fccre Yenileme Tedavisi"},"content":{"rendered":"<p class=\"\">Cell Renewal Pre- Treatment is the 1st\u00a0 step in our trademarked Bo Stegall | The Collection\u2122 Cell Renewal Technology.<\/p>\n<p class=\"\"><strong>STEP 1<\/strong> is a Pre-Shampoo Treatment used on dry hair to invigorate and open the hair follicles in preparation of STEPS 2 \u2013 8.<\/p>\n<p class=\"\"><strong>DISPENSE<\/strong> 4 to 5 pumps of STEP 1 Cell Renewal Treatment into your palms and massage until warm to activate the organic ingredients.<\/p>\n<p class=\"\"><strong>APPLY<\/strong> the product to the hair ends working through mid-strands. Using what is left on your hands, massage your scalp thoroughly for 60 seconds.<\/p>\n<p id=\"yui_3_17_2_1_1726606681428_503\" class=\"\"><strong>CONTINUE <\/strong>with STEP 2 Cell Renewal Shampoo.<\/p>\n<p>&nbsp;<\/p>\n<p>&nbsp;<\/p>\n<p><strong>SA\u00c7LARIM KURU VE YIPRANMI\u015e!<\/strong><\/p>\n<p><iframe title=\"3) Sa\u00e7lar\u0131m Kuru ve Y\u0131pranm\u0131\u015f! Ne Yapmal\u0131y\u0131m?\" width=\"500\" height=\"281\" src=\"https:\/\/www.youtube.com\/embed\/-7EXsI1sX7Q?feature=oembed\" frameborder=\"0\" allow=\"accelerometer; autoplay; clipboard-write; encrypted-media; gyroscope; picture-in-picture; web-share\" referrerpolicy=\"strict-origin-when-cross-origin\" allowfullscreen><\/iframe><\/p>\n<p>&nbsp;<\/p>\n<p><strong>SA\u00c7LARIMDA HACIM YOK!<\/strong><\/p>\n<p><iframe title=\"5) Sa\u00e7lar\u0131mda Hacim Yok! Ne Yapmal\u0131y\u0131m?\" width=\"500\" height=\"281\" src=\"https:\/\/www.youtube.com\/embed\/Iax6R0fgGIA?feature=oembed\" frameborder=\"0\" allow=\"accelerometer; autoplay; clipboard-write; encrypted-media; gyroscope; picture-in-picture; web-share\" referrerpolicy=\"strict-origin-when-cross-origin\" allowfullscreen><\/iframe><\/p>\n<p>&nbsp;<\/p>\n<p><strong>U\u00c7LARIM KIRILDI!<\/strong><\/p>\n<p><iframe title=\"8) B\u00f6l\u00fcnm\u00fc\u015f U\u00e7lar\u0131m Var Ne Yapmal\u0131y\u0131m?\" width=\"500\" height=\"281\" src=\"https:\/\/www.youtube.com\/embed\/ZJk95Thr6p8?feature=oembed\" frameborder=\"0\" allow=\"accelerometer; autoplay; clipboard-write; encrypted-media; gyroscope; picture-in-picture; web-share\" referrerpolicy=\"strict-origin-when-cross-origin\" allowfullscreen><\/iframe><\/p>\n<p>&nbsp;<\/p>\n<p><strong>SA\u00c7LARIM VE SA\u00c7 DERIM YA\u011eLI!<\/strong><\/p>\n<p><iframe title=\"6) Ya\u011fl\u0131 Bir Sa\u00e7 Derisine Sahibim Ne Yapmal\u0131y\u0131m?\" width=\"500\" height=\"281\" src=\"https:\/\/www.youtube.com\/embed\/_z6gpZyDNRc?feature=oembed\" frameborder=\"0\" allow=\"accelerometer; autoplay; clipboard-write; encrypted-media; gyroscope; picture-in-picture; web-share\" referrerpolicy=\"strict-origin-when-cross-origin\" allowfullscreen><\/iframe><\/p>\n<p>&nbsp;<\/p>\n<p><strong>SA\u00c7LARIM KIVIRCIK YA DA DALGALI!<\/strong><\/p>\n<p><iframe title=\"4) Sa\u00e7lar\u0131m K\u0131v\u0131rc\u0131k Ne Yapmal\u0131y\u0131m?\" width=\"500\" height=\"281\" src=\"https:\/\/www.youtube.com\/embed\/_2RLR4ekVVE?feature=oembed\" frameborder=\"0\" allow=\"accelerometer; autoplay; clipboard-write; encrypted-media; gyroscope; picture-in-picture; web-share\" referrerpolicy=\"strict-origin-when-cross-origin\" allowfullscreen><\/iframe><\/p>","protected":false},"excerpt":{"rendered":"<p>Cell Renewal Pre- Treatment is the 1st\u00a0 step in our trademarked Bo Stegall | The Collection\u2122 Cell Renewal Technology.<\/p>\n<p><strong>BO STEGALL ILE NEREDEN BA\u015eLASAM?<\/strong><\/p>\n<p>https:\/\/youtu.be\/P4oB0ALtszw?si=uIDmd4gWvDVM7cmJ<\/p>\n<p><strong>SA\u00c7LARIM INCELIYOR VEYA D\u00d6K\u00dcL\u00dcYOR!<\/strong><\/p>\n<p>https:\/\/youtu.be\/z3gqRLaXzhs?si=OPSN3OVNTZsC7FDr<\/p>","protected":false},"featured_media":108340,"template":"","meta":{"footnotes":""},"product_brand":[],"product_cat":[80],"product_tag":[149,187,110,185,131],"class_list":{"0":"post-60448","1":"product","2":"type-product","3":"status-publish","4":"has-post-thumbnail","6":"product_cat-beauty-health-supplements","7":"product_tag-anti-aging","8":"product_tag-gluten-free","9":"product_tag-hair","10":"product_tag-organic","11":"product_tag-stem-cells","12":"product_shipping_class-shipping-class-1","14":"first","15":"instock","16":"taxable","17":"shipping-taxable","18":"purchasable","19":"product-type-simple"},"bundled_by":[],"bundle_stock_status":"instock","bundle_stock_quantity":null,"bundle_virtual":false,"bundle_layout":"","bundle_add_to_cart_form_location":"","bundle_editable_in_cart":false,"bundle_sold_individually_context":"","bundle_item_grouping":"","bundle_min_size":"","bundle_max_size":"","bundle_price":[],"bundled_items":[],"bundle_sell_ids":[],"group_of_quantity":0,"min_quantity":0,"max_quantity":"","exclude_order_quantity_value_rules":"no","exclude_category_quantity_rules":"no","combine_variations":"no","_links":{"self":[{"href":"https:\/\/2024.shoply.com\/tr\/wp-json\/wp\/v2\/product\/60448","targetHints":{"allow":["GET"]}}],"collection":[{"href":"https:\/\/2024.shoply.com\/tr\/wp-json\/wp\/v2\/product"}],"about":[{"href":"https:\/\/2024.shoply.com\/tr\/wp-json\/wp\/v2\/types\/product"}],"version-history":[{"count":2,"href":"https:\/\/2024.shoply.com\/tr\/wp-json\/wp\/v2\/product\/60448\/revisions"}],"predecessor-version":[{"id":144022,"href":"https:\/\/2024.shoply.com\/tr\/wp-json\/wp\/v2\/product\/60448\/revisions\/144022"}],"wp:featuredmedia":[{"embeddable":true,"href":"https:\/\/2024.shoply.com\/tr\/wp-json\/wp\/v2\/media\/108340"}],"wp:attachment":[{"href":"https:\/\/2024.shoply.com\/tr\/wp-json\/wp\/v2\/media?parent=60448"}],"wp:term":[{"taxonomy":"product_brand","embeddable":true,"href":"https:\/\/2024.shoply.com\/tr\/wp-json\/wp\/v2\/product_brand?post=60448"},{"taxonomy":"product_cat","embeddable":true,"href":"https:\/\/2024.shoply.com\/tr\/wp-json\/wp\/v2\/product_cat?post=60448"},{"taxonomy":"product_tag","embeddable":true,"href":"https:\/\/2024.shoply.com\/tr\/wp-json\/wp\/v2\/product_tag?post=60448"}],"curies":[{"name":"wp","href":"https:\/\/api.w.org\/{rel}","templated":true}]}}