{"id":61905,"date":"2024-09-19T14:41:31","date_gmt":"2024-09-19T19:41:31","guid":{"rendered":"https:\/\/shoply.com\/?post_type=product&#038;p=61905"},"modified":"2025-02-20T17:49:05","modified_gmt":"2025-02-20T22:49:05","slug":"step-8-finale-finishing-spray","status":"publish","type":"product","link":"https:\/\/2024.shoply.com\/tr\/urun\/step-8-finale-finishing-spray\/","title":{"rendered":"ADIM 8 | Finale Sonland\u0131rma Spreyi"},"content":{"rendered":"<p class=\"\">Finale Finishing Spray is the 8th step in our trademarked Bo Stegall | The Collection\u2122 Cell Renewal Technology.<\/p>\n<p class=\"\"><strong>BEFORE<\/strong> using Finale Finishing Spray, ensure you have applied STEP 7 Healing Clay.<\/p>\n<p class=\"\"><span class=\"s1\"><strong>Y\u00d6NLER:<\/strong> Spray 6-8 Inches away from hair on finished style. The first STRONG HOLD hair spray of its kind that allows you achieve a strong hold and still run your hands through your hair. Our 3D Technology allows you to build the level of hold you desire. The more layers you spray (combing hair between sprays) the stronger the hold you will achieve. <\/span><\/p>\n<p>&nbsp;<\/p>\n<p><strong>SA\u00c7LARIM INCELIYOR VEYA D\u00d6K\u00dcL\u00dcYOR!<\/strong><\/p>\n<p><iframe title=\"2) Sa\u00e7lar\u0131m Seyreliyor! Ne Yapmal\u0131y\u0131m?\" width=\"500\" height=\"281\" src=\"https:\/\/www.youtube.com\/embed\/z3gqRLaXzhs?feature=oembed\" frameborder=\"0\" allow=\"accelerometer; autoplay; clipboard-write; encrypted-media; gyroscope; picture-in-picture; web-share\" referrerpolicy=\"strict-origin-when-cross-origin\" allowfullscreen><\/iframe><\/p>\n<p>&nbsp;<\/p>\n<p><strong>SA\u00c7LARIM KURU VE YIPRANMI\u015e!<\/strong><\/p>\n<p><iframe title=\"3) Sa\u00e7lar\u0131m Kuru ve Y\u0131pranm\u0131\u015f! Ne Yapmal\u0131y\u0131m?\" width=\"500\" height=\"281\" src=\"https:\/\/www.youtube.com\/embed\/-7EXsI1sX7Q?feature=oembed\" frameborder=\"0\" allow=\"accelerometer; autoplay; clipboard-write; encrypted-media; gyroscope; picture-in-picture; web-share\" referrerpolicy=\"strict-origin-when-cross-origin\" allowfullscreen><\/iframe><\/p>\n<p>&nbsp;<\/p>\n<p><strong>SA\u00c7LARIMDA HACIM YOK!<\/strong><\/p>\n<p><iframe title=\"5) Sa\u00e7lar\u0131mda Hacim Yok! Ne Yapmal\u0131y\u0131m?\" width=\"500\" height=\"281\" src=\"https:\/\/www.youtube.com\/embed\/Iax6R0fgGIA?feature=oembed\" frameborder=\"0\" allow=\"accelerometer; autoplay; clipboard-write; encrypted-media; gyroscope; picture-in-picture; web-share\" referrerpolicy=\"strict-origin-when-cross-origin\" allowfullscreen><\/iframe><\/p>\n<p>&nbsp;<\/p>\n<p><strong>U\u00c7LARIM KIRILDI!<\/strong><\/p>\n<p><iframe title=\"8) B\u00f6l\u00fcnm\u00fc\u015f U\u00e7lar\u0131m Var Ne Yapmal\u0131y\u0131m?\" width=\"500\" height=\"281\" src=\"https:\/\/www.youtube.com\/embed\/ZJk95Thr6p8?feature=oembed\" frameborder=\"0\" allow=\"accelerometer; autoplay; clipboard-write; encrypted-media; gyroscope; picture-in-picture; web-share\" referrerpolicy=\"strict-origin-when-cross-origin\" allowfullscreen><\/iframe><\/p>\n<p>&nbsp;<\/p>\n<p><strong>SA\u00c7LARIM VE SA\u00c7 DERIM YA\u011eLI!<\/strong><\/p>\n<p><iframe title=\"6) Ya\u011fl\u0131 Bir Sa\u00e7 Derisine Sahibim Ne Yapmal\u0131y\u0131m?\" width=\"500\" height=\"281\" src=\"https:\/\/www.youtube.com\/embed\/_z6gpZyDNRc?feature=oembed\" frameborder=\"0\" allow=\"accelerometer; autoplay; clipboard-write; encrypted-media; gyroscope; picture-in-picture; web-share\" referrerpolicy=\"strict-origin-when-cross-origin\" allowfullscreen><\/iframe><\/p>\n<p>&nbsp;<\/p>\n<p><strong>SA\u00c7LARIM KIVIRCIK YA DA DALGALI!<\/strong><\/p>\n<p><iframe title=\"4) Sa\u00e7lar\u0131m K\u0131v\u0131rc\u0131k Ne Yapmal\u0131y\u0131m?\" width=\"500\" height=\"281\" src=\"https:\/\/www.youtube.com\/embed\/_2RLR4ekVVE?feature=oembed\" frameborder=\"0\" allow=\"accelerometer; autoplay; clipboard-write; encrypted-media; gyroscope; picture-in-picture; web-share\" referrerpolicy=\"strict-origin-when-cross-origin\" allowfullscreen><\/iframe><\/p>","protected":false},"excerpt":{"rendered":"<p>Finale Finishing Spray is the 8th step in our trademarked Bo Stegall | The Collection\u2122 Cell Renewal Technology.<\/p>\n<p><strong>BO STEGALL ILE NEREDEN BA\u015eLASAM?<\/strong><\/p>\n<p>https:\/\/youtu.be\/P4oB0ALtszw?si=uIDmd4gWvDVM7cm<\/p>","protected":false},"featured_media":67142,"template":"","meta":{"footnotes":""},"product_brand":[],"product_cat":[80],"product_tag":[149,174,112,141,110,185],"class_list":{"0":"post-61905","1":"product","2":"type-product","3":"status-publish","4":"has-post-thumbnail","6":"product_cat-beauty-health-supplements","7":"product_tag-anti-aging","8":"product_tag-anti-inflammatory","9":"product_tag-cell-renewal","10":"product_tag-collagen","11":"product_tag-hair","12":"product_tag-organic","13":"product_shipping_class-shipping-class-1","14":"has-subscription-plans","16":"first","17":"instock","18":"taxable","19":"shipping-taxable","20":"purchasable","21":"product-type-simple"},"bundled_by":[],"bundle_stock_status":"instock","bundle_stock_quantity":null,"bundle_virtual":false,"bundle_layout":"","bundle_add_to_cart_form_location":"","bundle_editable_in_cart":false,"bundle_sold_individually_context":"","bundle_item_grouping":"","bundle_min_size":"","bundle_max_size":"","bundle_price":[],"bundled_items":[],"bundle_sell_ids":[],"group_of_quantity":0,"min_quantity":0,"max_quantity":"","exclude_order_quantity_value_rules":"no","exclude_category_quantity_rules":"no","combine_variations":"no","_links":{"self":[{"href":"https:\/\/2024.shoply.com\/tr\/wp-json\/wp\/v2\/product\/61905","targetHints":{"allow":["GET"]}}],"collection":[{"href":"https:\/\/2024.shoply.com\/tr\/wp-json\/wp\/v2\/product"}],"about":[{"href":"https:\/\/2024.shoply.com\/tr\/wp-json\/wp\/v2\/types\/product"}],"version-history":[{"count":2,"href":"https:\/\/2024.shoply.com\/tr\/wp-json\/wp\/v2\/product\/61905\/revisions"}],"predecessor-version":[{"id":139473,"href":"https:\/\/2024.shoply.com\/tr\/wp-json\/wp\/v2\/product\/61905\/revisions\/139473"}],"wp:featuredmedia":[{"embeddable":true,"href":"https:\/\/2024.shoply.com\/tr\/wp-json\/wp\/v2\/media\/67142"}],"wp:attachment":[{"href":"https:\/\/2024.shoply.com\/tr\/wp-json\/wp\/v2\/media?parent=61905"}],"wp:term":[{"taxonomy":"product_brand","embeddable":true,"href":"https:\/\/2024.shoply.com\/tr\/wp-json\/wp\/v2\/product_brand?post=61905"},{"taxonomy":"product_cat","embeddable":true,"href":"https:\/\/2024.shoply.com\/tr\/wp-json\/wp\/v2\/product_cat?post=61905"},{"taxonomy":"product_tag","embeddable":true,"href":"https:\/\/2024.shoply.com\/tr\/wp-json\/wp\/v2\/product_tag?post=61905"}],"curies":[{"name":"wp","href":"https:\/\/api.w.org\/{rel}","templated":true}]}}