{"id":61959,"date":"2024-09-19T17:43:25","date_gmt":"2024-09-19T22:43:25","guid":{"rendered":"https:\/\/shoply.com\/?post_type=product&#038;p=61959"},"modified":"2025-02-20T18:23:55","modified_gmt":"2025-02-20T23:23:55","slug":"retouch-light-root-color-spray","status":"publish","type":"product","link":"https:\/\/2024.shoply.com\/tr\/urun\/retouch-light-root-color-spray\/","title":{"rendered":"RETOUCH LIGHT | K\u00f6k Renk Spreyi"},"content":{"rendered":"<p class=\"\"><strong>ROOT TOUCH UP SPRAY | Light Brown<\/strong><\/p>\n<p class=\"\">Blends with the following hair colors: (Very Dark Blonde, Light Brown, Medium to Dark Brown, Red Brown)<\/p>\n<p class=\"\">Instantly cover up your roots in the safest way possible with Bo Stegall | The Collection temporary Retouch Color Spray. The temporary Color will not fade until you wash your hair.<\/p>\n<p class=\"\"><strong>Y\u00d6NLER:<\/strong><\/p>\n<p class=\"\"><strong>SHAKE WELL<\/strong> before using each time. Make sure you wipe off any product from the spray nozzle before using.<\/p>\n<p class=\"\"><strong>SPREY<\/strong> small quick bursts 4 inches from dry hair directly into the sections you want to cover.<\/p>\n<p class=\"\"><strong>DO NOT<\/strong> touch the areas you spray for 10 minutes to allow the spray to dry. If you spray your face or the product drips on your face by accident, just simply wipe off quickly to avoid staining.<\/p>\n<p>&nbsp;<\/p>\n<p><strong>SA\u00c7LARIM INCELIYOR VEYA D\u00d6K\u00dcL\u00dcYOR!<\/strong><\/p>\n<p><iframe title=\"2) Sa\u00e7lar\u0131m Seyreliyor! Ne Yapmal\u0131y\u0131m?\" width=\"500\" height=\"281\" src=\"https:\/\/www.youtube.com\/embed\/z3gqRLaXzhs?feature=oembed\" frameborder=\"0\" allow=\"accelerometer; autoplay; clipboard-write; encrypted-media; gyroscope; picture-in-picture; web-share\" referrerpolicy=\"strict-origin-when-cross-origin\" allowfullscreen><\/iframe><\/p>\n<p>&nbsp;<\/p>\n<p><strong>SA\u00c7LARIM KURU VE YIPRANMI\u015e!<\/strong><\/p>\n<p><iframe title=\"3) Sa\u00e7lar\u0131m Kuru ve Y\u0131pranm\u0131\u015f! Ne Yapmal\u0131y\u0131m?\" width=\"500\" height=\"281\" src=\"https:\/\/www.youtube.com\/embed\/-7EXsI1sX7Q?feature=oembed\" frameborder=\"0\" allow=\"accelerometer; autoplay; clipboard-write; encrypted-media; gyroscope; picture-in-picture; web-share\" referrerpolicy=\"strict-origin-when-cross-origin\" allowfullscreen><\/iframe><\/p>\n<p>&nbsp;<\/p>\n<p><strong>SA\u00c7LARIMDA HACIM YOK!<\/strong><\/p>\n<p><iframe title=\"5) Sa\u00e7lar\u0131mda Hacim Yok! Ne Yapmal\u0131y\u0131m?\" width=\"500\" height=\"281\" src=\"https:\/\/www.youtube.com\/embed\/Iax6R0fgGIA?feature=oembed\" frameborder=\"0\" allow=\"accelerometer; autoplay; clipboard-write; encrypted-media; gyroscope; picture-in-picture; web-share\" referrerpolicy=\"strict-origin-when-cross-origin\" allowfullscreen><\/iframe><\/p>\n<p>&nbsp;<\/p>\n<p><strong>U\u00c7LARIM KIRILDI!<\/strong><\/p>\n<p><iframe title=\"8) B\u00f6l\u00fcnm\u00fc\u015f U\u00e7lar\u0131m Var Ne Yapmal\u0131y\u0131m?\" width=\"500\" height=\"281\" src=\"https:\/\/www.youtube.com\/embed\/ZJk95Thr6p8?feature=oembed\" frameborder=\"0\" allow=\"accelerometer; autoplay; clipboard-write; encrypted-media; gyroscope; picture-in-picture; web-share\" referrerpolicy=\"strict-origin-when-cross-origin\" allowfullscreen><\/iframe><\/p>\n<p>&nbsp;<\/p>\n<p><strong>SA\u00c7LARIM VE SA\u00c7 DERIM YA\u011eLI!<\/strong><\/p>\n<p><iframe title=\"6) Ya\u011fl\u0131 Bir Sa\u00e7 Derisine Sahibim Ne Yapmal\u0131y\u0131m?\" width=\"500\" height=\"281\" src=\"https:\/\/www.youtube.com\/embed\/_z6gpZyDNRc?feature=oembed\" frameborder=\"0\" allow=\"accelerometer; autoplay; clipboard-write; encrypted-media; gyroscope; picture-in-picture; web-share\" referrerpolicy=\"strict-origin-when-cross-origin\" allowfullscreen><\/iframe><\/p>\n<p>&nbsp;<\/p>\n<p><strong>SA\u00c7LARIM KIVIRCIK YA DA DALGALI!<\/strong><\/p>\n<p><iframe title=\"4) Sa\u00e7lar\u0131m K\u0131v\u0131rc\u0131k Ne Yapmal\u0131y\u0131m?\" width=\"500\" height=\"281\" src=\"https:\/\/www.youtube.com\/embed\/_2RLR4ekVVE?feature=oembed\" frameborder=\"0\" allow=\"accelerometer; autoplay; clipboard-write; encrypted-media; gyroscope; picture-in-picture; web-share\" referrerpolicy=\"strict-origin-when-cross-origin\" allowfullscreen><\/iframe><\/p>","protected":false},"excerpt":{"rendered":"<p class=\"\"><strong>ROOT TOUCH UP SPRAY<\/strong> <strong>| Light Brown<\/strong><\/p>\n<p class=\"\">Blends with the following hair colors: (Very Dark Blonde, Light Brown, Medium to Dark Brown, Red Brown)<\/p>\n<p class=\"\">Instantly cover up your roots in the safest way possible with Bo Stegall | The Collection temporary Retouch Color Spray. The temporary Color will not fade until you wash your hair.<\/p>\n<p>&nbsp;<\/p>\n<p><strong>BO STEGALL ILE NEREDEN BA\u015eLASAM?<\/strong><\/p>\n<p>https:\/\/youtu.be\/P4oB0ALtszw?si=uIDmd4gWvDVM7cmJ<\/p>","protected":false},"featured_media":61845,"template":"","meta":{"footnotes":""},"product_brand":[],"product_cat":[80],"product_tag":[149,112,141,110,185,131],"class_list":{"0":"post-61959","1":"product","2":"type-product","3":"status-publish","4":"has-post-thumbnail","6":"product_cat-beauty-health-supplements","7":"product_tag-anti-aging","8":"product_tag-cell-renewal","9":"product_tag-collagen","10":"product_tag-hair","11":"product_tag-organic","12":"product_tag-stem-cells","13":"product_shipping_class-shipping-class-1","14":"has-subscription-plans","16":"first","17":"instock","18":"taxable","19":"shipping-taxable","20":"purchasable","21":"product-type-simple"},"bundled_by":[],"bundle_stock_status":"instock","bundle_stock_quantity":null,"bundle_virtual":false,"bundle_layout":"","bundle_add_to_cart_form_location":"","bundle_editable_in_cart":false,"bundle_sold_individually_context":"","bundle_item_grouping":"","bundle_min_size":"","bundle_max_size":"","bundle_price":[],"bundled_items":[],"bundle_sell_ids":[],"group_of_quantity":0,"min_quantity":0,"max_quantity":"","exclude_order_quantity_value_rules":"no","exclude_category_quantity_rules":"no","combine_variations":"no","_links":{"self":[{"href":"https:\/\/2024.shoply.com\/tr\/wp-json\/wp\/v2\/product\/61959","targetHints":{"allow":["GET"]}}],"collection":[{"href":"https:\/\/2024.shoply.com\/tr\/wp-json\/wp\/v2\/product"}],"about":[{"href":"https:\/\/2024.shoply.com\/tr\/wp-json\/wp\/v2\/types\/product"}],"version-history":[{"count":4,"href":"https:\/\/2024.shoply.com\/tr\/wp-json\/wp\/v2\/product\/61959\/revisions"}],"predecessor-version":[{"id":139483,"href":"https:\/\/2024.shoply.com\/tr\/wp-json\/wp\/v2\/product\/61959\/revisions\/139483"}],"wp:featuredmedia":[{"embeddable":true,"href":"https:\/\/2024.shoply.com\/tr\/wp-json\/wp\/v2\/media\/61845"}],"wp:attachment":[{"href":"https:\/\/2024.shoply.com\/tr\/wp-json\/wp\/v2\/media?parent=61959"}],"wp:term":[{"taxonomy":"product_brand","embeddable":true,"href":"https:\/\/2024.shoply.com\/tr\/wp-json\/wp\/v2\/product_brand?post=61959"},{"taxonomy":"product_cat","embeddable":true,"href":"https:\/\/2024.shoply.com\/tr\/wp-json\/wp\/v2\/product_cat?post=61959"},{"taxonomy":"product_tag","embeddable":true,"href":"https:\/\/2024.shoply.com\/tr\/wp-json\/wp\/v2\/product_tag?post=61959"}],"curies":[{"name":"wp","href":"https:\/\/api.w.org\/{rel}","templated":true}]}}