{"id":63317,"date":"2024-09-22T14:17:53","date_gmt":"2024-09-22T19:17:53","guid":{"rendered":"https:\/\/shoply.com\/?post_type=product&#038;p=63317"},"modified":"2025-03-07T12:23:22","modified_gmt":"2025-03-07T17:23:22","slug":"curly-hair-bundle","status":"publish","type":"product","link":"https:\/\/2024.shoply.com\/tr\/urun\/curly-hair-bundle\/","title":{"rendered":"KIVIRCIK SA\u00c7 DEMETI"},"content":{"rendered":"<h1><strong><em>\u00c7\u00d6Z\u00dcM \u015eUNLARI I\u00c7ERIR:<\/em><\/strong><\/h1>\n<h1>ELEVATE ROOT AMPLIFIER<\/h1>\n<p class=\"\">\u2022(Creates defined curls with curl memory and lifts the hair at the roots)<\/p>\n<h1>IPEK AMINO PEPTIT TEDAVISI<\/h1>\n<p class=\"\">\u2022(Repairs broken bonds while adding shine and hold to your natural curls or waves)<\/p>\n<h1>\u0130Y\u0130LE\u015eT\u0130R\u0130C\u0130 K\u0130L<\/h1>\n<p class=\"\">\u2022(Removes FRIZZ and tames flyaways while protecting hair from humidity)<\/p>\n<p>&nbsp;<\/p>\n<p><strong>BO STEGALL ILE NEREDEN BA\u015eLASAM?<\/strong><\/p>\n<p><iframe title=\"1) Hangi \u00dcr\u00fcnlerle Ba\u015flamal\u0131y\u0131m? Ben yeniyim!\" width=\"500\" height=\"375\" src=\"https:\/\/www.youtube.com\/embed\/P4oB0ALtszw?feature=oembed\" frameborder=\"0\" allow=\"accelerometer; autoplay; clipboard-write; encrypted-media; gyroscope; picture-in-picture; web-share\" referrerpolicy=\"strict-origin-when-cross-origin\" allowfullscreen><\/iframe><\/p>\n<p>&nbsp;<\/p>\n<p><strong>SA\u00c7LARIM INCELIYOR VEYA D\u00d6K\u00dcL\u00dcYOR!<\/strong><\/p>\n<p><iframe title=\"2) Sa\u00e7lar\u0131m Seyreliyor! Ne Yapmal\u0131y\u0131m?\" width=\"500\" height=\"281\" src=\"https:\/\/www.youtube.com\/embed\/z3gqRLaXzhs?feature=oembed\" frameborder=\"0\" allow=\"accelerometer; autoplay; clipboard-write; encrypted-media; gyroscope; picture-in-picture; web-share\" referrerpolicy=\"strict-origin-when-cross-origin\" allowfullscreen><\/iframe><\/p>\n<p>&nbsp;<\/p>\n<p><strong>SA\u00c7LARIM KURU VE YIPRANMI\u015e!<\/strong><\/p>\n<p><iframe title=\"3) Sa\u00e7lar\u0131m Kuru ve Y\u0131pranm\u0131\u015f! Ne Yapmal\u0131y\u0131m?\" width=\"500\" height=\"281\" src=\"https:\/\/www.youtube.com\/embed\/-7EXsI1sX7Q?feature=oembed\" frameborder=\"0\" allow=\"accelerometer; autoplay; clipboard-write; encrypted-media; gyroscope; picture-in-picture; web-share\" referrerpolicy=\"strict-origin-when-cross-origin\" allowfullscreen><\/iframe><\/p>\n<p>&nbsp;<\/p>\n<p><strong>SA\u00c7LARIMDA HACIM YOK!<\/strong><\/p>\n<p><iframe title=\"5) Sa\u00e7lar\u0131mda Hacim Yok! Ne Yapmal\u0131y\u0131m?\" width=\"500\" height=\"281\" src=\"https:\/\/www.youtube.com\/embed\/Iax6R0fgGIA?feature=oembed\" frameborder=\"0\" allow=\"accelerometer; autoplay; clipboard-write; encrypted-media; gyroscope; picture-in-picture; web-share\" referrerpolicy=\"strict-origin-when-cross-origin\" allowfullscreen><\/iframe><\/p>\n<p>&nbsp;<\/p>\n<p><strong>U\u00c7LARIM KIRILDI!<\/strong><\/p>\n<p><iframe title=\"8) B\u00f6l\u00fcnm\u00fc\u015f U\u00e7lar\u0131m Var Ne Yapmal\u0131y\u0131m?\" width=\"500\" height=\"281\" src=\"https:\/\/www.youtube.com\/embed\/ZJk95Thr6p8?feature=oembed\" frameborder=\"0\" allow=\"accelerometer; autoplay; clipboard-write; encrypted-media; gyroscope; picture-in-picture; web-share\" referrerpolicy=\"strict-origin-when-cross-origin\" allowfullscreen><\/iframe><\/p>\n<p>&nbsp;<\/p>\n<p><strong>SA\u00c7LARIM VE SA\u00c7 DERIM YA\u011eLI!<\/strong><\/p>\n<p><iframe title=\"6) Ya\u011fl\u0131 Bir Sa\u00e7 Derisine Sahibim Ne Yapmal\u0131y\u0131m?\" width=\"500\" height=\"281\" src=\"https:\/\/www.youtube.com\/embed\/_z6gpZyDNRc?feature=oembed\" frameborder=\"0\" allow=\"accelerometer; autoplay; clipboard-write; encrypted-media; gyroscope; picture-in-picture; web-share\" referrerpolicy=\"strict-origin-when-cross-origin\" allowfullscreen><\/iframe><\/p>","protected":false},"excerpt":{"rendered":"<p>This CURL TRIO was formulated to work together with all \u201cCurly\u201d or \u201cWavy\u201d hair types! The CURLY HAIR BUNDLE removes frizz and flyaways from your curls and defines your curls. These products will create a long lasting style without causing product build up.<\/p>\n<p>https:\/\/youtu.be\/_2RLR4ekVVE?si=G1dpX72MgKTACzfZ<\/p>","protected":false},"featured_media":67126,"template":"","meta":{"footnotes":""},"product_brand":[],"product_cat":[1053,80],"product_tag":[149,112,110,185,131],"class_list":{"0":"post-63317","1":"product","2":"type-product","3":"status-publish","4":"has-post-thumbnail","6":"product_cat-affiliate-bundle","7":"product_cat-beauty-health-supplements","8":"product_tag-anti-aging","9":"product_tag-cell-renewal","10":"product_tag-hair","11":"product_tag-organic","12":"product_tag-stem-cells","13":"product_shipping_class-shipping-class-1","14":"has-subscription-plans","16":"first","17":"instock","18":"taxable","19":"shipping-taxable","20":"purchasable","21":"product-type-simple"},"bundled_by":[],"bundle_stock_status":"instock","bundle_stock_quantity":null,"bundle_virtual":false,"bundle_layout":"","bundle_add_to_cart_form_location":"","bundle_editable_in_cart":false,"bundle_sold_individually_context":"","bundle_item_grouping":"","bundle_min_size":"","bundle_max_size":"","bundle_price":[],"bundled_items":[],"bundle_sell_ids":[],"group_of_quantity":0,"min_quantity":0,"max_quantity":"","exclude_order_quantity_value_rules":"no","exclude_category_quantity_rules":"no","combine_variations":"no","_links":{"self":[{"href":"https:\/\/2024.shoply.com\/tr\/wp-json\/wp\/v2\/product\/63317","targetHints":{"allow":["GET"]}}],"collection":[{"href":"https:\/\/2024.shoply.com\/tr\/wp-json\/wp\/v2\/product"}],"about":[{"href":"https:\/\/2024.shoply.com\/tr\/wp-json\/wp\/v2\/types\/product"}],"version-history":[{"count":2,"href":"https:\/\/2024.shoply.com\/tr\/wp-json\/wp\/v2\/product\/63317\/revisions"}],"predecessor-version":[{"id":143882,"href":"https:\/\/2024.shoply.com\/tr\/wp-json\/wp\/v2\/product\/63317\/revisions\/143882"}],"wp:featuredmedia":[{"embeddable":true,"href":"https:\/\/2024.shoply.com\/tr\/wp-json\/wp\/v2\/media\/67126"}],"wp:attachment":[{"href":"https:\/\/2024.shoply.com\/tr\/wp-json\/wp\/v2\/media?parent=63317"}],"wp:term":[{"taxonomy":"product_brand","embeddable":true,"href":"https:\/\/2024.shoply.com\/tr\/wp-json\/wp\/v2\/product_brand?post=63317"},{"taxonomy":"product_cat","embeddable":true,"href":"https:\/\/2024.shoply.com\/tr\/wp-json\/wp\/v2\/product_cat?post=63317"},{"taxonomy":"product_tag","embeddable":true,"href":"https:\/\/2024.shoply.com\/tr\/wp-json\/wp\/v2\/product_tag?post=63317"}],"curies":[{"name":"wp","href":"https:\/\/api.w.org\/{rel}","templated":true}]}}