{"id":69417,"date":"2024-09-28T20:44:31","date_gmt":"2024-09-29T01:44:31","guid":{"rendered":"https:\/\/shoply.com\/?post_type=product&#038;p=69417"},"modified":"2025-02-08T01:43:21","modified_gmt":"2025-02-08T06:43:21","slug":"anti-aging-bundle","status":"publish","type":"product","link":"https:\/\/2024.shoply.com\/tr\/urun\/anti-aging-bundle\/","title":{"rendered":"Ya\u015flanma Kar\u015f\u0131t\u0131 Paket"},"content":{"rendered":"<p><img fetchpriority=\"high\" decoding=\"async\" class=\"alignnone size-full wp-image-73813\" src=\"https:\/\/shoply.com\/wp-content\/uploads\/2024\/10\/All_LavenderIcons-Edited.webp\" alt=\"\" width=\"1600\" height=\"201\" srcset=\"https:\/\/2024.shoply.com\/wp-content\/uploads\/2024\/10\/All_LavenderIcons-Edited.webp 1600w, https:\/\/2024.shoply.com\/wp-content\/uploads\/2024\/10\/All_LavenderIcons-Edited-400x50.webp 400w, https:\/\/2024.shoply.com\/wp-content\/uploads\/2024\/10\/All_LavenderIcons-Edited-1300x163.webp 1300w, https:\/\/2024.shoply.com\/wp-content\/uploads\/2024\/10\/All_LavenderIcons-Edited-768x96.webp 768w, https:\/\/2024.shoply.com\/wp-content\/uploads\/2024\/10\/All_LavenderIcons-Edited-1536x193.webp 1536w, https:\/\/2024.shoply.com\/wp-content\/uploads\/2024\/10\/All_LavenderIcons-Edited-18x2.webp 18w, https:\/\/2024.shoply.com\/wp-content\/uploads\/2024\/10\/All_LavenderIcons-Edited-700x88.webp 700w, https:\/\/2024.shoply.com\/wp-content\/uploads\/2024\/10\/All_LavenderIcons-Edited-150x19.webp 150w, https:\/\/2024.shoply.com\/wp-content\/uploads\/2024\/10\/All_LavenderIcons-Edited-220x28.webp 220w\" sizes=\"(max-width: 1600px) 100vw, 1600px\" \/><\/p>","protected":false},"excerpt":{"rendered":"<h3><strong>Bu teklifle 10% tasarruf edin!<\/strong><\/h3>\n<h5>Hepimiz ya\u015flan\u0131yoruz. Gen\u00e7, parlak ve \u0131\u015f\u0131lt\u0131l\u0131 bir cilt elde etmek i\u00e7in nihai \u00e7\u00f6z\u00fcm olan ya\u015flanmaya meydan okuyan \u00fcr\u00fcnlerimizden olu\u015fan bir paketle bunu zarif bir \u015fekilde yap\u0131n! Ya\u015fland\u0131k\u00e7a cildimiz g\u00fcne\u015fe maruz kalma, kirlilik ve stres gibi \u00e7evresel fakt\u00f6rlerin neden oldu\u011fu hasara kar\u015f\u0131 daha savunmas\u0131z hale gelir. Anti-Aging paketimiz bu fakt\u00f6rlerle m\u00fccadele etmek ve ya\u015flanma belirtilerini tersine \u00e7evirmeye yard\u0131mc\u0131 olmak i\u00e7in \u00f6zel olarak tasarlanm\u0131\u015ft\u0131r.<\/h5>\n<h5>Paketimiz cildinizi beslemek, nemlendirmek ve korumak i\u00e7in birlikte \u00e7al\u0131\u015fan bir dizi \u00fcr\u00fcn i\u00e7erir.<\/h5>\n<p>Bu paket, gelecekteki kendinize bug\u00fcnden bakman\u0131za yard\u0131mc\u0131 olur:<\/p>\n<ul>\n<li>Ya\u015flanmayan G\u00f6z Kremi<\/li>\n<li>K\u0131r\u0131\u015f\u0131kl\u0131k \u0130yile\u015ftirici Serum<\/li>\n<li>Hyaluronik Asit Onar\u0131c\u0131 Serum<\/li>\n<li>Geli\u015fmi\u015f Gece \u0130yile\u015ftirici Krem<\/li>\n<li>Perfect Moisture Hand &amp; Body Cream<\/li>\n<\/ul>","protected":false},"featured_media":69420,"template":"","meta":{"footnotes":""},"product_brand":[],"product_cat":[821,80,835,382,383,386],"product_tag":[149,109,111,137,187,155,152,150,140,113,157],"class_list":{"0":"post-69417","1":"product","2":"type-product","3":"status-publish","4":"has-post-thumbnail","6":"product_cat-beauty","7":"product_cat-beauty-health-supplements","8":"product_cat-bundles","9":"product_cat-health","10":"product_cat-personal-care","11":"product_cat-skin-care","12":"product_tag-anti-aging","13":"product_tag-body","14":"product_tag-care","15":"product_tag-essentials","16":"product_tag-gluten-free","17":"product_tag-hyaluronic","18":"product_tag-moisturizer","19":"product_tag-serum","20":"product_tag-skin-care","21":"product_tag-vegan","22":"product_tag-wrinkle","23":"product_shipping_class-shipping-class-2","24":"has-subscription-plans","26":"first","27":"instock","28":"sale","29":"taxable","30":"shipping-taxable","31":"purchasable","32":"product-type-simple"},"bundled_by":[],"bundle_stock_status":"instock","bundle_stock_quantity":null,"bundle_virtual":false,"bundle_layout":"","bundle_add_to_cart_form_location":"","bundle_editable_in_cart":false,"bundle_sold_individually_context":"","bundle_item_grouping":"","bundle_min_size":"","bundle_max_size":"","bundle_price":[],"bundled_items":[],"bundle_sell_ids":[],"group_of_quantity":0,"min_quantity":0,"max_quantity":"","exclude_order_quantity_value_rules":"no","exclude_category_quantity_rules":"no","combine_variations":"no","_links":{"self":[{"href":"https:\/\/2024.shoply.com\/tr\/wp-json\/wp\/v2\/product\/69417","targetHints":{"allow":["GET"]}}],"collection":[{"href":"https:\/\/2024.shoply.com\/tr\/wp-json\/wp\/v2\/product"}],"about":[{"href":"https:\/\/2024.shoply.com\/tr\/wp-json\/wp\/v2\/types\/product"}],"version-history":[{"count":2,"href":"https:\/\/2024.shoply.com\/tr\/wp-json\/wp\/v2\/product\/69417\/revisions"}],"predecessor-version":[{"id":139539,"href":"https:\/\/2024.shoply.com\/tr\/wp-json\/wp\/v2\/product\/69417\/revisions\/139539"}],"wp:featuredmedia":[{"embeddable":true,"href":"https:\/\/2024.shoply.com\/tr\/wp-json\/wp\/v2\/media\/69420"}],"wp:attachment":[{"href":"https:\/\/2024.shoply.com\/tr\/wp-json\/wp\/v2\/media?parent=69417"}],"wp:term":[{"taxonomy":"product_brand","embeddable":true,"href":"https:\/\/2024.shoply.com\/tr\/wp-json\/wp\/v2\/product_brand?post=69417"},{"taxonomy":"product_cat","embeddable":true,"href":"https:\/\/2024.shoply.com\/tr\/wp-json\/wp\/v2\/product_cat?post=69417"},{"taxonomy":"product_tag","embeddable":true,"href":"https:\/\/2024.shoply.com\/tr\/wp-json\/wp\/v2\/product_tag?post=69417"}],"curies":[{"name":"wp","href":"https:\/\/api.w.org\/{rel}","templated":true}]}}