{"id":69445,"date":"2024-09-29T08:15:31","date_gmt":"2024-09-29T13:15:31","guid":{"rendered":"https:\/\/shoply.com\/?post_type=product&#038;p=69445"},"modified":"2025-02-15T03:05:21","modified_gmt":"2025-02-15T08:05:21","slug":"spa-hair-care-package","status":"publish","type":"product","link":"https:\/\/2024.shoply.com\/tr\/urun\/spa-hair-care-package\/","title":{"rendered":"Spa Sa\u00e7 Bak\u0131m Paketi"},"content":{"rendered":"<h5>Belle &amp; Capri Spa Sa\u00e7 Bak\u0131m serisi sa\u00e7\u0131n\u0131z ve sa\u00e7 deriniz i\u00e7in bir cennettir. D\u00f6rt \u00fcr\u00fcnden olu\u015fan koleksiyon, spa benzeri bir deneyim ve ya\u015fama l\u00fcks bir yakla\u015f\u0131m sa\u011flar.<\/h5>\n<h5>- T\u00fcm sa\u00e7 tipleri i\u00e7in ideal<br \/>\n- Boyal\u0131 sa\u00e7lar i\u00e7in g\u00fcvenlidir<br \/>\n- Vegan ve zalimlik i\u00e7ermeyen form\u00fcller<br \/>\n- \u0130\u00e7ten gelen g\u00fc\u00e7 olu\u015fturmaya yard\u0131mc\u0131 olur<br \/>\n- Sa\u00e7\u0131 ve sa\u00e7 derisini nemlendirir<br \/>\n- Hafif, h\u0131zl\u0131 emilen form\u00fcller<br \/>\n- Sa\u00e7a uzun s\u00fcre kal\u0131c\u0131 ipeksi bir his b\u0131rak\u0131r<br \/>\n- S\u00fclfat, paraben, silikon ve boya i\u00e7ermez<br \/>\n- Daha kal\u0131n ve dolgun sa\u00e7 g\u00f6r\u00fcn\u00fcm\u00fcn\u00fc destekler<\/h5>","protected":false},"excerpt":{"rendered":"<p><img fetchpriority=\"high\" decoding=\"async\" class=\"aligncenter wp-image-4423 size-full\" src=\"https:\/\/belleandcapri.com\/wp-content\/uploads\/2024\/01\/5_SpaHairCare_WebsiteHeader2-scaled.jpg\" alt=\"\" width=\"2560\" height=\"2467\" \/><\/p>\n<p>&nbsp;<\/p>","protected":false},"featured_media":69754,"template":"","meta":{"footnotes":""},"product_brand":[],"product_cat":[385,821,80,835,298,383],"product_tag":[108,111,153,137,154,110,158,152,114,150,113],"class_list":{"0":"post-69445","1":"product","2":"type-product","3":"status-publish","4":"has-post-thumbnail","6":"product_cat-bath-body","7":"product_cat-beauty","8":"product_cat-beauty-health-supplements","9":"product_cat-bundles","10":"product_cat-christmas","11":"product_cat-personal-care","12":"product_tag-bath","13":"product_tag-care","14":"product_tag-cleanser","15":"product_tag-essentials","16":"product_tag-gel","17":"product_tag-hair","18":"product_tag-mask","19":"product_tag-moisturizer","20":"product_tag-protein","21":"product_tag-serum","22":"product_tag-vegan","23":"product_shipping_class-shipping-class-2","24":"has-subscription-plans","26":"first","27":"instock","28":"sale","29":"taxable","30":"shipping-taxable","31":"purchasable","32":"product-type-simple"},"bundled_by":[],"bundle_stock_status":"instock","bundle_stock_quantity":null,"bundle_virtual":false,"bundle_layout":"","bundle_add_to_cart_form_location":"","bundle_editable_in_cart":false,"bundle_sold_individually_context":"","bundle_item_grouping":"","bundle_min_size":"","bundle_max_size":"","bundle_price":[],"bundled_items":[],"bundle_sell_ids":[],"group_of_quantity":0,"min_quantity":0,"max_quantity":"","exclude_order_quantity_value_rules":"no","exclude_category_quantity_rules":"no","combine_variations":"no","_links":{"self":[{"href":"https:\/\/2024.shoply.com\/tr\/wp-json\/wp\/v2\/product\/69445","targetHints":{"allow":["GET"]}}],"collection":[{"href":"https:\/\/2024.shoply.com\/tr\/wp-json\/wp\/v2\/product"}],"about":[{"href":"https:\/\/2024.shoply.com\/tr\/wp-json\/wp\/v2\/types\/product"}],"version-history":[{"count":1,"href":"https:\/\/2024.shoply.com\/tr\/wp-json\/wp\/v2\/product\/69445\/revisions"}],"predecessor-version":[{"id":126147,"href":"https:\/\/2024.shoply.com\/tr\/wp-json\/wp\/v2\/product\/69445\/revisions\/126147"}],"wp:featuredmedia":[{"embeddable":true,"href":"https:\/\/2024.shoply.com\/tr\/wp-json\/wp\/v2\/media\/69754"}],"wp:attachment":[{"href":"https:\/\/2024.shoply.com\/tr\/wp-json\/wp\/v2\/media?parent=69445"}],"wp:term":[{"taxonomy":"product_brand","embeddable":true,"href":"https:\/\/2024.shoply.com\/tr\/wp-json\/wp\/v2\/product_brand?post=69445"},{"taxonomy":"product_cat","embeddable":true,"href":"https:\/\/2024.shoply.com\/tr\/wp-json\/wp\/v2\/product_cat?post=69445"},{"taxonomy":"product_tag","embeddable":true,"href":"https:\/\/2024.shoply.com\/tr\/wp-json\/wp\/v2\/product_tag?post=69445"}],"curies":[{"name":"wp","href":"https:\/\/api.w.org\/{rel}","templated":true}]}}