{"id":69759,"date":"2024-09-29T08:17:39","date_gmt":"2024-09-29T13:17:39","guid":{"rendered":"https:\/\/shoply.com\/?post_type=product&#038;p=69759"},"modified":"2025-03-16T16:19:43","modified_gmt":"2025-03-16T21:19:43","slug":"spa-hair-serum","status":"publish","type":"product","link":"https:\/\/2024.shoply.com\/tr\/urun\/spa-hair-serum\/","title":{"rendered":"Spa Sa\u00e7 Serumu"},"content":{"rendered":"<h5>\u0130\u00e7indekiler:<br \/>\nWater, Propanediol, Glycerin, Salvia Officinalis (Sage) Leaf Extract, Linum Usitatissimum (Linseed) Seed Extract, Biotin (Vitamin B7), Panthenol, Arginine, Lactic Acid, Glycine Soja (Soybean) Germ Extract, Triticum Vulgare (Wheat) Germ Extract, Scutellaria Baicalensis Root Extract, Wheat Amino Acids, Soy Amino Acids, Arginine HCl , Serine, Threonine, Pisum Sativum (Pea) Sprout Extract, Sodium Benzoate, Squalane, Tocopheryl Acetate (Vitamin E), Ubiquinone, Phenoxyethanol, Ethylhexylglycerin, Polysorbate 80, Melia Azadirachta Leaf Extract, Melia Azadirachta Flower Extract, Corallina Officinalis Extract, Curcuma Longa (Turmeric) Root Extract, Ocimum Basilicum (Basil) Flower\/Leaf Extract, Ocimum Sanctum Leaf Extract, Xanthan Gum, Potassium Sorbate, Citrus Junos (Yuzu) Oil, Phytic Acid.<\/h5>","protected":false},"excerpt":{"rendered":"<h5>Protein a\u00e7\u0131s\u0131ndan zengin, biotin destekli ve bitkisel i\u00e7erikli Belle &amp; Capri Spa Sa\u00e7 Serumu sa\u00e7lar\u0131n\u0131za yeni bir soluk getirir. \u0130\u00e7eri\u011findeki amino asitler sa\u00e7 derinizi nemlendirip besleyerek daha dolgun, daha kal\u0131n sa\u00e7lar\u0131n ortaya \u00e7\u0131kmas\u0131n\u0131 sa\u011flarken, do\u011fal antioksidanlar ve enzimler parlakl\u0131\u011f\u0131 art\u0131r\u0131r. Ayr\u0131ca, \u00f6zlemini duydu\u011funuz parlak, \u0131\u015f\u0131lt\u0131l\u0131 ve hacimli sa\u00e7lar\u0131n s\u0131rr\u0131 olan ada\u00e7ay\u0131, chinaberry, k\u0131rm\u0131z\u0131 deniz yosunu, zerde\u00e7al, fesle\u011fen, kutsal fesle\u011fen ve yuzudan olu\u015fan yedi bitki kar\u0131\u015f\u0131m\u0131 ile zenginle\u015ftirilmi\u015ftir.<br \/>\n<img fetchpriority=\"high\" decoding=\"async\" class=\"alignnone size-full wp-image-1790\" src=\"https:\/\/belleandcapri.com\/wp-content\/uploads\/2022\/10\/Features-pink-line.jpg\" alt=\"\" width=\"1600\" height=\"134\" \/><br \/>\n- Sa\u00e7a daha p\u00fcr\u00fczs\u00fcz ve g\u00fc\u00e7l\u00fc bir g\u00f6r\u00fcn\u00fcm kazand\u0131r\u0131r<br \/>\n- Daha iyi sa\u00e7 sa\u011fl\u0131\u011f\u0131 i\u00e7in sa\u00e7 derisini nemlendirir<br \/>\n- Daha parlak, daha kal\u0131n bir g\u00f6r\u00fcn\u00fcm i\u00e7in sa\u00e7\u0131 besler<br \/>\n- T\u00fcm sa\u00e7 tipleri i\u00e7in \u00fcretilmi\u015ftir<br \/>\n- Boyal\u0131 sa\u00e7larda kullan\u0131m i\u00e7in g\u00fcvenlidir<br \/>\n<img decoding=\"async\" class=\"alignnone size-full wp-image-1791\" src=\"https:\/\/belleandcapri.com\/wp-content\/uploads\/2022\/10\/How-to-benefit-pink-line.jpg\" alt=\"\" width=\"1600\" height=\"105\" \/><br \/>\nBelle &amp; Capri Spa \u00fcr\u00fcnleriyle \u015fampuanlay\u0131p bak\u0131m yapt\u0131ktan sonra sa\u00e7\u0131n\u0131z\u0131 nazik\u00e7e havluyla kurulay\u0131n. Serumu sa\u00e7 u\u00e7lar\u0131na odaklanarak kafa derisine ve sa\u00e7a masaj yaparak uygulay\u0131n. En iyi sonu\u00e7lar i\u00e7in g\u00fcnl\u00fck olarak kullan\u0131n. Du\u015f d\u0131\u015f\u0131nda serin ve kuru bir yerde saklay\u0131n.<\/h5>\n<p><img decoding=\"async\" class=\"alignnone size-full wp-image-3773\" src=\"https:\/\/belleandcapri.com\/wp-content\/uploads\/2023\/10\/SpaIcons.png\" alt=\"\" width=\"4298\" height=\"859\" \/><\/p>\n<p>17 QV \/ 6 DB \/ 5 CV<\/p>\n<p>14 QV \/ 5 DB \/ 4 CV<\/p>","protected":false},"featured_media":69760,"template":"","meta":{"footnotes":""},"product_brand":[],"product_cat":[385,821,80,382,383],"product_tag":[108,111,137,110,152,114,150,113],"class_list":{"0":"post-69759","1":"product","2":"type-product","3":"status-publish","4":"has-post-thumbnail","6":"product_cat-bath-body","7":"product_cat-beauty","8":"product_cat-beauty-health-supplements","9":"product_cat-health","10":"product_cat-personal-care","11":"product_tag-bath","12":"product_tag-care","13":"product_tag-essentials","14":"product_tag-hair","15":"product_tag-moisturizer","16":"product_tag-protein","17":"product_tag-serum","18":"product_tag-vegan","19":"product_shipping_class-shipping-class-2","20":"has-subscription-plans","22":"first","23":"instock","24":"sale","25":"taxable","26":"shipping-taxable","27":"purchasable","28":"product-type-simple"},"bundled_by":[],"bundle_stock_status":"instock","bundle_stock_quantity":null,"bundle_virtual":false,"bundle_layout":"","bundle_add_to_cart_form_location":"","bundle_editable_in_cart":false,"bundle_sold_individually_context":"","bundle_item_grouping":"","bundle_min_size":"","bundle_max_size":"","bundle_price":[],"bundled_items":[],"bundle_sell_ids":[],"group_of_quantity":0,"min_quantity":0,"max_quantity":"","exclude_order_quantity_value_rules":"no","exclude_category_quantity_rules":"no","combine_variations":"no","_links":{"self":[{"href":"https:\/\/2024.shoply.com\/tr\/wp-json\/wp\/v2\/product\/69759","targetHints":{"allow":["GET"]}}],"collection":[{"href":"https:\/\/2024.shoply.com\/tr\/wp-json\/wp\/v2\/product"}],"about":[{"href":"https:\/\/2024.shoply.com\/tr\/wp-json\/wp\/v2\/types\/product"}],"version-history":[{"count":1,"href":"https:\/\/2024.shoply.com\/tr\/wp-json\/wp\/v2\/product\/69759\/revisions"}],"predecessor-version":[{"id":126145,"href":"https:\/\/2024.shoply.com\/tr\/wp-json\/wp\/v2\/product\/69759\/revisions\/126145"}],"wp:featuredmedia":[{"embeddable":true,"href":"https:\/\/2024.shoply.com\/tr\/wp-json\/wp\/v2\/media\/69760"}],"wp:attachment":[{"href":"https:\/\/2024.shoply.com\/tr\/wp-json\/wp\/v2\/media?parent=69759"}],"wp:term":[{"taxonomy":"product_brand","embeddable":true,"href":"https:\/\/2024.shoply.com\/tr\/wp-json\/wp\/v2\/product_brand?post=69759"},{"taxonomy":"product_cat","embeddable":true,"href":"https:\/\/2024.shoply.com\/tr\/wp-json\/wp\/v2\/product_cat?post=69759"},{"taxonomy":"product_tag","embeddable":true,"href":"https:\/\/2024.shoply.com\/tr\/wp-json\/wp\/v2\/product_tag?post=69759"}],"curies":[{"name":"wp","href":"https:\/\/api.w.org\/{rel}","templated":true}]}}