{"id":69762,"date":"2024-09-29T08:19:25","date_gmt":"2024-09-29T13:19:25","guid":{"rendered":"https:\/\/shoply.com\/?post_type=product&#038;p=69762"},"modified":"2025-03-16T16:19:02","modified_gmt":"2025-03-16T21:19:02","slug":"spa-hair-mask","status":"publish","type":"product","link":"https:\/\/2024.shoply.com\/tr\/urun\/spa-hair-mask\/","title":{"rendered":"Spa Sa\u00e7 Maskesi"},"content":{"rendered":"<h5>\u0130\u00e7indekiler:<br \/>\nWater (Aqua), Persea Gratissima (Avocado) Oil, Glycerin, Cetearyl Alcohol, Cetyl Alcohol, Lauryl Laurate, Dimethicone, Polyglyceryl-2 Caprate, Behentrimonium Methosulfate, Stearyl Alcohol, Propanediol, Distearoylethyl Dimonium Chloride, Caprylyl Glycol, Guar Hydroxypropyltrimonium Chloride, Panthenol, 1,2-Hexanediol, Fragrance (Parfum), Glyceryl Laurate, Glyceryl Undecylenate, Xanthan Gum, Caprylhydroxamic Acid, Fumaric Acid, Citric Acid.<\/h5>","protected":false},"excerpt":{"rendered":"<h5>Belle &amp; Capri Spa Sa\u00e7 Maskesi ile sa\u00e7 bak\u0131m rit\u00fcelinizi bir sanat formuna y\u00fckseltin. Bu spa benzeri bak\u0131m, standart bak\u0131m\u0131n \u00f6tesine ge\u00e7erek derinlemesine nem, kabarmaya kar\u015f\u0131 diren\u00e7 ve asi sa\u00e7 telleri i\u00e7in yumu\u015fak bir dokunu\u015f sunar. Nem kilitleyici gliserin, k\u0131r\u0131k u\u00e7lar\u0131 yumu\u015fat\u0131c\u0131 pantenol ve parlakl\u0131k art\u0131r\u0131c\u0131 avokado ya\u011f\u0131 ile zenginle\u015ftirilmi\u015f bu bak\u0131m, en kuru, en mat sa\u00e7lar\u0131 bile ipeksi, y\u00f6netilebilir bir yeleye d\u00f6n\u00fc\u015ft\u00fcrme g\u00fcc\u00fcne sahiptir.<br \/>\n<img fetchpriority=\"high\" decoding=\"async\" class=\"alignnone size-full wp-image-1790\" src=\"https:\/\/belleandcapri.com\/wp-content\/uploads\/2022\/10\/Features-pink-line.jpg\" alt=\"\" width=\"1600\" height=\"134\" \/><br \/>\n- Sa\u00e7\u0131 nemlendirir ve yumu\u015fat\u0131r, kabarmay\u0131 en aza indirir<br \/>\n- Sa\u011fl\u0131kl\u0131 g\u00f6r\u00fcnen sa\u00e7lar i\u00e7in nemlendirme sa\u011flar<br \/>\n- Sa\u00e7\u0131 a\u00e7arak taranabilirli\u011fini ve y\u00f6netilebilirli\u011fini art\u0131r\u0131r<br \/>\n- T\u00fcm sa\u00e7 tipleri i\u00e7in \u00fcretilmi\u015ftir<br \/>\n- Boyal\u0131 sa\u00e7larda kullan\u0131m i\u00e7in g\u00fcvenlidir<\/h5>\n<h5><img decoding=\"async\" class=\"alignnone size-full wp-image-1791\" src=\"https:\/\/belleandcapri.com\/wp-content\/uploads\/2022\/10\/How-to-benefit-pink-line.jpg\" alt=\"\" width=\"1600\" height=\"105\" \/><br \/>\nNemli sa\u00e7a ve sa\u00e7 derisine bolca uygulay\u0131n. 10-15 dakika bekletin, ard\u0131ndan durulay\u0131n. En iyi sonucu elde etmek i\u00e7in maskeyi d\u00fczenli sa\u00e7 bak\u0131m rutininizin bir par\u00e7as\u0131 olarak haftada iki kez kullan\u0131n.<\/h5>\n<p><img decoding=\"async\" class=\"alignnone size-full wp-image-3773\" src=\"https:\/\/belleandcapri.com\/wp-content\/uploads\/2023\/10\/SpaIcons.png\" alt=\"\" width=\"4298\" height=\"859\" \/><\/p>\n<p>&nbsp;<\/p>","protected":false},"featured_media":69765,"template":"","meta":{"footnotes":""},"product_brand":[],"product_cat":[385,821,80,382,383],"product_tag":[108,111,137,110,158,152,113],"class_list":{"0":"post-69762","1":"product","2":"type-product","3":"status-publish","4":"has-post-thumbnail","6":"product_cat-bath-body","7":"product_cat-beauty","8":"product_cat-beauty-health-supplements","9":"product_cat-health","10":"product_cat-personal-care","11":"product_tag-bath","12":"product_tag-care","13":"product_tag-essentials","14":"product_tag-hair","15":"product_tag-mask","16":"product_tag-moisturizer","17":"product_tag-vegan","18":"product_shipping_class-shipping-class-2","19":"has-subscription-plans","21":"first","22":"instock","23":"sale","24":"taxable","25":"shipping-taxable","26":"purchasable","27":"product-type-simple"},"bundled_by":[],"bundle_stock_status":"instock","bundle_stock_quantity":null,"bundle_virtual":false,"bundle_layout":"","bundle_add_to_cart_form_location":"","bundle_editable_in_cart":false,"bundle_sold_individually_context":"","bundle_item_grouping":"","bundle_min_size":"","bundle_max_size":"","bundle_price":[],"bundled_items":[],"bundle_sell_ids":[],"group_of_quantity":0,"min_quantity":0,"max_quantity":"","exclude_order_quantity_value_rules":"no","exclude_category_quantity_rules":"no","combine_variations":"no","_links":{"self":[{"href":"https:\/\/2024.shoply.com\/tr\/wp-json\/wp\/v2\/product\/69762","targetHints":{"allow":["GET"]}}],"collection":[{"href":"https:\/\/2024.shoply.com\/tr\/wp-json\/wp\/v2\/product"}],"about":[{"href":"https:\/\/2024.shoply.com\/tr\/wp-json\/wp\/v2\/types\/product"}],"version-history":[{"count":1,"href":"https:\/\/2024.shoply.com\/tr\/wp-json\/wp\/v2\/product\/69762\/revisions"}],"predecessor-version":[{"id":126144,"href":"https:\/\/2024.shoply.com\/tr\/wp-json\/wp\/v2\/product\/69762\/revisions\/126144"}],"wp:featuredmedia":[{"embeddable":true,"href":"https:\/\/2024.shoply.com\/tr\/wp-json\/wp\/v2\/media\/69765"}],"wp:attachment":[{"href":"https:\/\/2024.shoply.com\/tr\/wp-json\/wp\/v2\/media?parent=69762"}],"wp:term":[{"taxonomy":"product_brand","embeddable":true,"href":"https:\/\/2024.shoply.com\/tr\/wp-json\/wp\/v2\/product_brand?post=69762"},{"taxonomy":"product_cat","embeddable":true,"href":"https:\/\/2024.shoply.com\/tr\/wp-json\/wp\/v2\/product_cat?post=69762"},{"taxonomy":"product_tag","embeddable":true,"href":"https:\/\/2024.shoply.com\/tr\/wp-json\/wp\/v2\/product_tag?post=69762"}],"curies":[{"name":"wp","href":"https:\/\/api.w.org\/{rel}","templated":true}]}}