{"id":69770,"date":"2024-09-29T08:24:40","date_gmt":"2024-09-29T13:24:40","guid":{"rendered":"https:\/\/shoply.com\/?post_type=product&#038;p=69770"},"modified":"2025-03-16T16:18:18","modified_gmt":"2025-03-16T21:18:18","slug":"spa-conditioner","status":"publish","type":"product","link":"https:\/\/2024.shoply.com\/tr\/urun\/spa-conditioner\/","title":{"rendered":"Spa Sa\u00e7 Kremi"},"content":{"rendered":"<h5>\u0130\u00e7indekiler:<br \/>\nWater (Aqua), Glycerin, Fragrance (Parfum), Cetyl Alcohol, Aloe Barbadensis Leaf Juice, Stearyl Alcohol, C15-19 Alkane, Simmondsia Chinensis (Jojoba) Seed Oil, Persea Gratissima (Avocado) Oil, Distearoylethyl Dimonium Chloride, Argania Spinosa Kernel Oil, Bis(C13-15 Alkoxy) PG-Amodimethicone, Bis-(Isostearoyl\/Oleoyl Isopropyl) Dimonium Methosulfate, Cetyl Esters, Dimethicone, Phenoxyethanol, Cocos Nucifera (Coconut) Oil, Mangifera Indica (Mango) Seed Butter, Cetearyl Alcohol, Guar Hydroxypropyltrimonium Chloride, Hydrolyzed Vegetable Protein, Polyquaternium-10, Benzyl Benzoate, Ethylhexylglycerin, Panthenol, Tilia Tomentosa Bud Extract, Tocopherol, Tetrasodium Glutamate Diacetate, Limonene, Citric Acid, Polyquaternium-7, Fumaric Acid, Sodium Benzoate, Potassium Sorbate, Sodium Acetate, Sodium Chloride, Isopropyl Alcohol, Sodium Hydroxide.<\/h5>","protected":false},"excerpt":{"rendered":"<h5>T\u00fcm sa\u00e7 tipleri i\u00e7in bir cennet olan Belle &amp; Capri Spa Sa\u00e7 Kremi ile her g\u00fcn\u00fc bir spa g\u00fcn\u00fcne d\u00f6n\u00fc\u015ft\u00fcr\u00fcn. Bu paraben i\u00e7ermeyen form\u00fcl, l\u00fcks bir sa\u00e7 bak\u0131m deneyimi sunmak i\u00e7in uyum i\u00e7inde \u00e7al\u0131\u015fan aloe vera, hidrolize bitkisel protein, botanik ya\u011flar ve mango ya\u011f\u0131 ile zenginle\u015ftirilmi\u015ftir. Bu onar\u0131c\u0131 bile\u015fenler hasar\u0131 k\u00f6k\u00fcnden giderir, t\u00fcm sa\u00e7 telini nemlendirir ve sa\u00e7\u0131n\u0131z\u0131n do\u011fal parlakl\u0131\u011f\u0131n\u0131 art\u0131r\u0131r - t\u00fcm bunlar\u0131 yaparken sa\u00e7\u0131 a\u00e7ar ve g\u00fcnl\u00fck streslere kar\u015f\u0131 korur.<br \/>\n<img fetchpriority=\"high\" decoding=\"async\" class=\"alignnone size-full wp-image-1790\" src=\"https:\/\/belleandcapri.com\/wp-content\/uploads\/2022\/10\/Features-pink-line.jpg\" alt=\"\" width=\"1600\" height=\"134\" \/><br \/>\n- Yo\u011fun nemlendirir ve nem tutma \u00f6zelli\u011fini art\u0131r\u0131r<br \/>\n- Is\u0131 korumas\u0131na yard\u0131mc\u0131 olur ve elektriklenmeyi azalt\u0131r<br \/>\n- Daha y\u00f6netilebilir sa\u00e7lar i\u00e7in antioksidanlar\u0131 yeniler<br \/>\n- T\u00fcm sa\u00e7 tipleri i\u00e7in \u00fcretilmi\u015ftir<br \/>\n- Boyal\u0131 sa\u00e7larda kullan\u0131m i\u00e7in g\u00fcvenlidir<\/h5>\n<p><img decoding=\"async\" class=\"alignnone size-full wp-image-1791\" src=\"https:\/\/belleandcapri.com\/wp-content\/uploads\/2022\/10\/How-to-benefit-pink-line.jpg\" alt=\"\" width=\"1600\" height=\"105\" \/><\/p>\n<h5>En iyi sonu\u00e7 i\u00e7in, Belle &amp; Capri Spa \u015eampuandan sonra g\u00fcnl\u00fck olarak uygulay\u0131n. \u0130stedi\u011finiz miktar\u0131 avu\u00e7 i\u00e7lerinize yay\u0131n, u\u00e7lardan k\u00f6klere do\u011fru uygulay\u0131n, durulay\u0131n, havluyla kurulay\u0131n ve m\u00fckemmel sa\u00e7 bak\u0131m rutini i\u00e7in Belle &amp; Capri Spa Serum ile devam edin.<\/h5>\n<p><img decoding=\"async\" class=\"alignnone size-full wp-image-3773\" src=\"https:\/\/belleandcapri.com\/wp-content\/uploads\/2023\/10\/SpaIcons.png\" alt=\"\" width=\"4298\" height=\"859\" \/><\/p>\n<p>&nbsp;<\/p>","protected":false},"featured_media":69771,"template":"","meta":{"footnotes":""},"product_brand":[],"product_cat":[385,821,80,382,383],"product_tag":[108,111,137,154,110,152,113],"class_list":{"0":"post-69770","1":"product","2":"type-product","3":"status-publish","4":"has-post-thumbnail","6":"product_cat-bath-body","7":"product_cat-beauty","8":"product_cat-beauty-health-supplements","9":"product_cat-health","10":"product_cat-personal-care","11":"product_tag-bath","12":"product_tag-care","13":"product_tag-essentials","14":"product_tag-gel","15":"product_tag-hair","16":"product_tag-moisturizer","17":"product_tag-vegan","18":"product_shipping_class-shipping-class-2","19":"has-subscription-plans","21":"first","22":"instock","23":"sale","24":"taxable","25":"shipping-taxable","26":"purchasable","27":"product-type-simple"},"bundled_by":[],"bundle_stock_status":"instock","bundle_stock_quantity":null,"bundle_virtual":false,"bundle_layout":"","bundle_add_to_cart_form_location":"","bundle_editable_in_cart":false,"bundle_sold_individually_context":"","bundle_item_grouping":"","bundle_min_size":"","bundle_max_size":"","bundle_price":[],"bundled_items":[],"bundle_sell_ids":[],"group_of_quantity":0,"min_quantity":0,"max_quantity":"","exclude_order_quantity_value_rules":"no","exclude_category_quantity_rules":"no","combine_variations":"no","_links":{"self":[{"href":"https:\/\/2024.shoply.com\/tr\/wp-json\/wp\/v2\/product\/69770","targetHints":{"allow":["GET"]}}],"collection":[{"href":"https:\/\/2024.shoply.com\/tr\/wp-json\/wp\/v2\/product"}],"about":[{"href":"https:\/\/2024.shoply.com\/tr\/wp-json\/wp\/v2\/types\/product"}],"version-history":[{"count":1,"href":"https:\/\/2024.shoply.com\/tr\/wp-json\/wp\/v2\/product\/69770\/revisions"}],"predecessor-version":[{"id":126143,"href":"https:\/\/2024.shoply.com\/tr\/wp-json\/wp\/v2\/product\/69770\/revisions\/126143"}],"wp:featuredmedia":[{"embeddable":true,"href":"https:\/\/2024.shoply.com\/tr\/wp-json\/wp\/v2\/media\/69771"}],"wp:attachment":[{"href":"https:\/\/2024.shoply.com\/tr\/wp-json\/wp\/v2\/media?parent=69770"}],"wp:term":[{"taxonomy":"product_brand","embeddable":true,"href":"https:\/\/2024.shoply.com\/tr\/wp-json\/wp\/v2\/product_brand?post=69770"},{"taxonomy":"product_cat","embeddable":true,"href":"https:\/\/2024.shoply.com\/tr\/wp-json\/wp\/v2\/product_cat?post=69770"},{"taxonomy":"product_tag","embeddable":true,"href":"https:\/\/2024.shoply.com\/tr\/wp-json\/wp\/v2\/product_tag?post=69770"}],"curies":[{"name":"wp","href":"https:\/\/api.w.org\/{rel}","templated":true}]}}