{"id":69773,"date":"2024-09-29T08:27:42","date_gmt":"2024-09-29T13:27:42","guid":{"rendered":"https:\/\/shoply.com\/?post_type=product&#038;p=69773"},"modified":"2025-03-16T16:17:26","modified_gmt":"2025-03-16T21:17:26","slug":"spa-shampoo","status":"publish","type":"product","link":"https:\/\/2024.shoply.com\/tr\/urun\/spa-shampoo\/","title":{"rendered":"Spa \u015eampuan\u0131"},"content":{"rendered":"<h5>\u0130\u00e7indekiler:<br \/>\nWater (Aqua), Sodium Cocoamphoacetate, Acrylates Crosspolymer-4, Lauryl Glucoside, Glycerin, Sodium Cocoyl Glutamate, Sodium Cocoyl Methyl Taurate, Polysorbate 20, Sodium Lauroyl Lactylate, Cocamidopropyl Betaine, Propanediol, Fragrance (Parfum), Guar Hydroxypropyltrimonium Chloride, Tilia Tomentosa Bud Extract, Cocos Nucifera (Coconut) Oil, Panthenol, Persea Gratissima (Avocado) Oil, Simmondsia Chinensis (Jojoba) Seed Oil, Fumaric Acid, PEG-8 PG-Coco-Glucoside Dimethicone, 1,2-Hexanediol, Glycol Distearate, Sodium Chloride, Sodium Hydroxide, Caprylhydroxamic Acid, Laureth-4, Citric Acid, Polyquaternium-10, Tetrasodium Glutamate Diacetate, Benzyl Benzoate, Limonene, Sodium Acetate, Isopropyl Alcohol, Sodium Benzoate, Potassium Sorbate.<\/h5>","protected":false},"excerpt":{"rendered":"<h5>T\u00fcm sa\u00e7 tipleri i\u00e7in gen\u00e7le\u015ftirici bir ka\u00e7\u0131\u015f olan Belle &amp; Capri Spa \u015eampuan ile g\u00fcnl\u00fck du\u015funuzu bir spa inzivas\u0131na d\u00f6n\u00fc\u015ft\u00fcr\u00fcn. S\u00fclfat i\u00e7ermeyen, paraben i\u00e7ermeyen form\u00fcl\u00fcm\u00fcz renklendirme, \u0131s\u0131yla \u015fekillendirme ve hayat\u0131n g\u00fcnl\u00fck talepleri ile ustal\u0131kla ilgilenirken, kendinizi botanik bile\u015fenlerin yemye\u015fil kokusuna b\u0131rak\u0131n. Hacim ve nem i\u00e7in s\u0131\u011f\u0131na\u011f\u0131n\u0131z olurken, sa\u00e7 derisi dinginli\u011fi, parlakl\u0131k canlanmas\u0131 ve sa\u00e7 onar\u0131m\u0131 i\u00e7in batar.<br \/>\n<img fetchpriority=\"high\" decoding=\"async\" class=\"alignnone size-full wp-image-1790\" src=\"https:\/\/belleandcapri.com\/wp-content\/uploads\/2022\/10\/Features-pink-line.jpg\" alt=\"\" width=\"1600\" height=\"134\" \/><\/h5>\n<h5>- \u00dcr\u00fcn birikimini giderir<br \/>\n- Hasara kar\u015f\u0131 korur<br \/>\n- Hacim verir ve p\u00fcr\u00fczs\u00fczle\u015ftirir<br \/>\n- T\u00fcm sa\u00e7 tipleri i\u00e7in \u00fcretilmi\u015ftir<br \/>\n- Boyal\u0131 sa\u00e7larda kullan\u0131m i\u00e7in g\u00fcvenlidir<\/h5>\n<h5><\/h5>\n<h5><img decoding=\"async\" class=\"alignnone size-full wp-image-1791\" src=\"https:\/\/belleandcapri.com\/wp-content\/uploads\/2022\/10\/How-to-benefit-pink-line.jpg\" alt=\"\" width=\"1600\" height=\"105\" \/><\/h5>\n<h5>En iyi sonu\u00e7 i\u00e7in her g\u00fcn istedi\u011finiz miktarda kullan\u0131n. Sa\u00e7 derinize masaj yaparak ba\u015flay\u0131n, ard\u0131ndan sa\u00e7 u\u00e7lar\u0131n\u0131za kadar da\u011f\u0131t\u0131n. Durulay\u0131n, ard\u0131ndan m\u00fckemmel sa\u00e7 bak\u0131m rutini i\u00e7in Belle &amp; Capri Spa Sa\u00e7 Kremi ve Serumu ile devam edin.<\/h5>\n<p><img decoding=\"async\" class=\"alignnone size-full wp-image-3773\" src=\"https:\/\/belleandcapri.com\/wp-content\/uploads\/2023\/10\/SpaIcons.png\" alt=\"\" width=\"4298\" height=\"859\" \/><\/p>\n<p>&nbsp;<\/p>","protected":false},"featured_media":69774,"template":"","meta":{"footnotes":""},"product_brand":[],"product_cat":[385,821,80,382,383],"product_tag":[108,111,153,137,154,110,113],"class_list":{"0":"post-69773","1":"product","2":"type-product","3":"status-publish","4":"has-post-thumbnail","6":"product_cat-bath-body","7":"product_cat-beauty","8":"product_cat-beauty-health-supplements","9":"product_cat-health","10":"product_cat-personal-care","11":"product_tag-bath","12":"product_tag-care","13":"product_tag-cleanser","14":"product_tag-essentials","15":"product_tag-gel","16":"product_tag-hair","17":"product_tag-vegan","18":"product_shipping_class-shipping-class-2","19":"has-subscription-plans","21":"first","22":"instock","23":"sale","24":"taxable","25":"shipping-taxable","26":"purchasable","27":"product-type-simple"},"bundled_by":[],"bundle_stock_status":"instock","bundle_stock_quantity":null,"bundle_virtual":false,"bundle_layout":"","bundle_add_to_cart_form_location":"","bundle_editable_in_cart":false,"bundle_sold_individually_context":"","bundle_item_grouping":"","bundle_min_size":"","bundle_max_size":"","bundle_price":[],"bundled_items":[],"bundle_sell_ids":[],"group_of_quantity":0,"min_quantity":0,"max_quantity":"","exclude_order_quantity_value_rules":"no","exclude_category_quantity_rules":"no","combine_variations":"no","_links":{"self":[{"href":"https:\/\/2024.shoply.com\/tr\/wp-json\/wp\/v2\/product\/69773","targetHints":{"allow":["GET"]}}],"collection":[{"href":"https:\/\/2024.shoply.com\/tr\/wp-json\/wp\/v2\/product"}],"about":[{"href":"https:\/\/2024.shoply.com\/tr\/wp-json\/wp\/v2\/types\/product"}],"version-history":[{"count":1,"href":"https:\/\/2024.shoply.com\/tr\/wp-json\/wp\/v2\/product\/69773\/revisions"}],"predecessor-version":[{"id":126142,"href":"https:\/\/2024.shoply.com\/tr\/wp-json\/wp\/v2\/product\/69773\/revisions\/126142"}],"wp:featuredmedia":[{"embeddable":true,"href":"https:\/\/2024.shoply.com\/tr\/wp-json\/wp\/v2\/media\/69774"}],"wp:attachment":[{"href":"https:\/\/2024.shoply.com\/tr\/wp-json\/wp\/v2\/media?parent=69773"}],"wp:term":[{"taxonomy":"product_brand","embeddable":true,"href":"https:\/\/2024.shoply.com\/tr\/wp-json\/wp\/v2\/product_brand?post=69773"},{"taxonomy":"product_cat","embeddable":true,"href":"https:\/\/2024.shoply.com\/tr\/wp-json\/wp\/v2\/product_cat?post=69773"},{"taxonomy":"product_tag","embeddable":true,"href":"https:\/\/2024.shoply.com\/tr\/wp-json\/wp\/v2\/product_tag?post=69773"}],"curies":[{"name":"wp","href":"https:\/\/api.w.org\/{rel}","templated":true}]}}