{"id":69776,"date":"2024-11-14T14:22:28","date_gmt":"2024-11-14T19:22:28","guid":{"rendered":"https:\/\/shoply.com\/?post_type=product&#038;p=69776"},"modified":"2025-03-16T15:05:12","modified_gmt":"2025-03-16T20:05:12","slug":"luxe-spa-headband-wrist-wrap-set","status":"publish","type":"product","link":"https:\/\/2024.shoply.com\/tr\/urun\/luxe-spa-headband-wrist-wrap-set\/","title":{"rendered":"Luxe Spa Kafa Band\u0131 ve Bilek Sarg\u0131s\u0131 Seti"},"content":{"rendered":"","protected":false},"excerpt":{"rendered":"<h4>Elevate your skin care and beauty routine with our Luxe Spa Headband &amp; Wrist Wrap Set. Made from ultra-soft, plush fabric, this set includes a cozy headband designed to keep your hair back while you cleanse, apply masks, or indulge in your skin care routine. The matching wrist wraps help prevent water from running down your arms, making your spa experience mess-free and more enjoyable. Perfect for a touch of luxury in your everyday routine. Suitable for all hair types and skin routines.<\/h4>","protected":false},"featured_media":91180,"template":"","meta":{"footnotes":""},"product_brand":[],"product_cat":[21,385,821,382,386],"product_tag":[108,111,241,137,110,397,394,140],"class_list":{"0":"post-69776","1":"product","2":"type-product","3":"status-publish","4":"has-post-thumbnail","6":"product_cat-accessories","7":"product_cat-bath-body","8":"product_cat-beauty","9":"product_cat-health","10":"product_cat-skin-care","11":"product_tag-bath","12":"product_tag-care","13":"product_tag-cosmetics","14":"product_tag-essentials","15":"product_tag-hair","16":"product_tag-luxury","17":"product_tag-skin","18":"product_tag-skin-care","19":"product_shipping_class-shipping-class-2","20":"has-subscription-plans","22":"first","23":"instock","24":"sale","25":"taxable","26":"shipping-taxable","27":"purchasable","28":"product-type-simple"},"bundled_by":[],"bundle_stock_status":"instock","bundle_stock_quantity":null,"bundle_virtual":false,"bundle_layout":"","bundle_add_to_cart_form_location":"","bundle_editable_in_cart":false,"bundle_sold_individually_context":"","bundle_item_grouping":"","bundle_min_size":"","bundle_max_size":"","bundle_price":[],"bundled_items":[],"bundle_sell_ids":[],"group_of_quantity":0,"min_quantity":0,"max_quantity":"","exclude_order_quantity_value_rules":"no","exclude_category_quantity_rules":"no","combine_variations":"no","_links":{"self":[{"href":"https:\/\/2024.shoply.com\/tr\/wp-json\/wp\/v2\/product\/69776","targetHints":{"allow":["GET"]}}],"collection":[{"href":"https:\/\/2024.shoply.com\/tr\/wp-json\/wp\/v2\/product"}],"about":[{"href":"https:\/\/2024.shoply.com\/tr\/wp-json\/wp\/v2\/types\/product"}],"version-history":[{"count":1,"href":"https:\/\/2024.shoply.com\/tr\/wp-json\/wp\/v2\/product\/69776\/revisions"}],"predecessor-version":[{"id":126141,"href":"https:\/\/2024.shoply.com\/tr\/wp-json\/wp\/v2\/product\/69776\/revisions\/126141"}],"wp:featuredmedia":[{"embeddable":true,"href":"https:\/\/2024.shoply.com\/tr\/wp-json\/wp\/v2\/media\/91180"}],"wp:attachment":[{"href":"https:\/\/2024.shoply.com\/tr\/wp-json\/wp\/v2\/media?parent=69776"}],"wp:term":[{"taxonomy":"product_brand","embeddable":true,"href":"https:\/\/2024.shoply.com\/tr\/wp-json\/wp\/v2\/product_brand?post=69776"},{"taxonomy":"product_cat","embeddable":true,"href":"https:\/\/2024.shoply.com\/tr\/wp-json\/wp\/v2\/product_cat?post=69776"},{"taxonomy":"product_tag","embeddable":true,"href":"https:\/\/2024.shoply.com\/tr\/wp-json\/wp\/v2\/product_tag?post=69776"}],"curies":[{"name":"wp","href":"https:\/\/api.w.org\/{rel}","templated":true}]}}