{"id":72190,"date":"2024-10-02T13:57:23","date_gmt":"2024-10-02T18:57:23","guid":{"rendered":"https:\/\/shoply.com\/?post_type=product&#038;p=72190"},"modified":"2025-01-28T13:10:57","modified_gmt":"2025-01-28T18:10:57","slug":"prescription-only-membership","status":"publish","type":"product","link":"https:\/\/2024.shoply.com\/tr\/urun\/prescription-only-membership\/","title":{"rendered":"Sadece Re\u00e7eteli \u00dcyelik"},"content":{"rendered":"<div class=\"et_pb_section et_pb_section_3 et_section_regular\">\n<div id=\"search-results-anchor\" class=\"et_pb_row et_pb_row_3\">\n<div class=\"et_pb_column et_pb_column_1_2 et_pb_column_4 et_pb_css_mix_blend_mode_passthrough\">\n<div class=\"et_pb_module et_pb_heading et_pb_heading_3 et_pb_bg_layout_\">\n<div class=\"et_pb_row et_pb_row_1\">\n<div class=\"et_pb_column et_pb_column_2_3 et_pb_column_2 et_pb_css_mix_blend_mode_passthrough\">\n<div class=\"et_pb_module et_pb_text et_pb_text_0 et_pb_text_align_left et_pb_bg_layout_dark\">\n<div class=\"et_pb_text_inner\">\n<div class=\"et_pb_module et_pb_text et_pb_text_0 et_pb_text_align_left et_pb_bg_layout_dark\">\n<div class=\"et_pb_text_inner\">\n<h1>NuWay Misyonu<\/h1>\n<\/div>\n<\/div>\n<div class=\"et_pb_module et_pb_text et_pb_text_1 et_pb_text_align_left et_pb_bg_layout_dark\">\n<div class=\"et_pb_text_inner\">\n<p>NuWay Health olarak misyonumuz, hem bireyler hem de i\u015fverenler i\u00e7in birinci s\u0131n\u0131f, eri\u015filebilir ve uygun fiyatl\u0131 sa\u011fl\u0131k \u00e7\u00f6z\u00fcmleri sunmakt\u0131r. Yenilik\u00e7i NuWay Sa\u011fl\u0131k \u00dcyeli\u011fimiz sayesinde, \u00fcyelerimize sanal acil ve birinci basamak sa\u011fl\u0131k hizmetlerine, ruh sa\u011fl\u0131\u011f\u0131 hizmetlerine, sa\u011fl\u0131kl\u0131 ya\u015fam programlar\u0131na, re\u00e7eteli ila\u00e7lara ve daha fazlas\u0131na eri\u015fim sunuyoruz - bunlar\u0131n t\u00fcm\u00fc ayl\u0131k \u00fcyelik \u00fccretiniz taraf\u0131ndan kar\u015f\u0131lan\u0131r ve herhangi bir ek \u00f6deme veya muafiyet yoktur.<\/p>\n<p>Yakla\u015f\u0131m\u0131m\u0131z, t\u00fcm t\u0131bbi randevular\u0131n yakla\u015f\u0131k 85%'sinin sanal olarak ger\u00e7ekle\u015ftirildi\u011fi COVID-19 salg\u0131n\u0131 s\u0131ras\u0131nda sanal bak\u0131m\u0131n y\u00fckseli\u015fi \u00fczerine in\u015fa edilmi\u015ftir. Hastalar uzaktan bak\u0131m alma konusunda kendilerine daha fazla g\u00fcvenmeye ba\u015flad\u0131lar ve bu de\u011fi\u015fimin bizi h\u0131zla b\u00fcy\u00fcyen bir sekt\u00f6r\u00fcn \u00f6n saflar\u0131na yerle\u015ftirdi\u011fine inan\u0131yoruz. \u00dcyelik platformumuz arac\u0131l\u0131\u011f\u0131yla sanal bak\u0131m\u0131n g\u00fcc\u00fcnden yararlanarak sa\u011fl\u0131k hizmetlerini daha kolay ve daha uygun fiyatl\u0131 hale getiriyoruz.<\/p>\n<p>NuWay Healthcare \u00fcyeleri, en son teknolojiye ve ulusal \u00e7apta mevcut doktor ve sa\u011flay\u0131c\u0131lardan olu\u015fan geni\u015f bir a\u011fa eri\u015fimden yararlanmakta ve daha \u00f6nce ula\u015f\u0131lamayan \u00f6nceden pazarl\u0131k edilmi\u015f fiyatlar sunmaktad\u0131r. T\u0131p alan\u0131nda y\u0131llar\u0131n deneyimini bir araya getiren ortakl\u0131klar\u0131m\u0131zla gurur duyuyoruz.<\/p>\n<p>Yenilik\u00e7i, eri\u015filebilir \u00e7\u00f6z\u00fcmlerle insanlar\u0131n sa\u011fl\u0131klar\u0131n\u0131 kontrol alt\u0131na almalar\u0131n\u0131 sa\u011flayarak deneyimi yeniden tan\u0131ml\u0131yoruz. Herkes kendi ihtiya\u00e7lar\u0131na uygun y\u00fcksek kaliteli sa\u011fl\u0131k hizmetini hak eder ve NuWay Health olarak bu vizyonu herkes i\u00e7in ger\u00e7e\u011fe d\u00f6n\u00fc\u015ft\u00fcrmeye kararl\u0131y\u0131z. NuWay Sa\u011fl\u0131k \u00dcyeli\u011finin bir sigorta olmad\u0131\u011f\u0131n\u0131, ancak uygun fiyatl\u0131, modern bir alternatif oldu\u011funu belirtmek \u00f6nemlidir.<\/p>\n<p><strong>Uygun Fiyatl\u0131 Sa\u011fl\u0131k \u00dcyeli\u011fi<\/strong><\/p>\n<p>NuWay Healthcare, herkesin geleneksel sigorta maliyetinin \u00e7ok alt\u0131nda uygun fiyatl\u0131 sa\u011fl\u0131k yard\u0131mlar\u0131ndan yararlanabildi\u011fi, sigorta d\u0131\u015f\u0131 bir \u00fcyelik sunmaktad\u0131r. \u00dcyeli\u011fimiz sigortas\u0131zlar, sigortas\u0131 olmayanlar veya g\u00fcnl\u00fck t\u0131bbi bak\u0131m\u0131n y\u00fcksek maliyetinden endi\u015fe duyan herkes i\u00e7in tasarlanm\u0131\u015ft\u0131r. NuWay aile veya bireysel \u00fcyeli\u011fi ile \u00fcyeler sanal bak\u0131m rezervasyonu yapabilir, re\u00e7eteli ila\u00e7lara eri\u015febilir ve di\u011fer bir\u00e7ok sa\u011fl\u0131k hizmetinden yararlanabilir - hepsi ev konforunda.<\/p>\n<p>Ve sigorta olmad\u0131\u011f\u0131m\u0131z i\u00e7in gizli \u00fccretler, ek \u00f6demeler ve muafiyetler yoktur - her \u015fey ayl\u0131k \u00fcyelik \u00fccretinize dahildir.<\/p>\n<p>Telefon g\u00f6r\u00fcnt\u00fcleri, se\u00e7ilen her plan i\u00e7in Nuway Health \u00dcyelerine sunulan faydalar\u0131 g\u00f6sterir.<\/p>\n<\/div>\n<\/div>\n<\/div>\n<\/div>\n<\/div>\n<\/div>\n<\/div>\n<\/div>\n<\/div>\n<\/div>\n<div id=\"accute\" class=\"et_pb_section et_pb_section_7 et_section_regular\">\n<div class=\"et_pb_row et_pb_row_78\">\n<div class=\"et_pb_column et_pb_column_4_4 et_pb_column_85 et_pb_css_mix_blend_mode_passthrough et-last-child\">\n<div class=\"et_pb_module et_pb_text et_pb_text_80 et_pb_text_align_left et_pb_bg_layout_light\"><\/div>\n<\/div>\n<\/div>\n<\/div>","protected":false},"excerpt":{"rendered":"<div>\n<p>Stratejik ortakl\u0131klar ve sat\u0131n alma g\u00fcc\u00fc sayesinde, \u00fcyelerimize doktorlar\u0131 taraf\u0131ndan re\u00e7ete edilen en yayg\u0131n kullan\u0131lan jenerik ila\u00e7lara ayl\u0131k \u00fcyelik \u00fccretinin \u00f6tesinde hi\u00e7bir \u00fccret \u00f6demeden eri\u015fim sa\u011flayabildi\u011fimiz bir sa\u011fl\u0131k \u00fcyeli\u011fi olu\u015fturduk.<\/p>\n<p>Nuway, \u00fc\u00e7\u00fcnc\u00fc taraf t\u0131bbi hizmet sa\u011flay\u0131c\u0131lar\u0131na indirimli \u00fcyelik sa\u011flar Nuway, do\u011frudan kons\u00fcltasyon, re\u00e7eteli ila\u00e7 veya herhangi bir telet\u0131p hizmeti sa\u011flamaz.<\/p>\n<p>Nuway \u00fcyeli\u011fi bir sigorta de\u011fildir, avantajlar\u0131n\u0131z ayl\u0131k \u00fcyelik \u00fccretinizi \u00f6demekten kaynaklan\u0131r.<\/p>\n<\/div>\n<div class=\"et_pb_main_blurb_image\">\n<div class=\"et_pb_module et_pb_text et_pb_text_36 et_pb_text_align_left et_pb_bg_layout_light\">\n<div class=\"et_pb_text_inner\">\n<p class=\"font_8 wixui-rich-text__text\"><span class=\"wixui-rich-text__text\"><span class=\"wixGuard wixui-rich-text__text\">\u200b<\/span><\/span><span class=\"wixui-rich-text__text\">Ailenizi beslemek ile ila\u00e7lar\u0131n\u0131z\u0131 almak aras\u0131nda se\u00e7im yapmak zorunda kalmamal\u0131s\u0131n\u0131z.\u00a0<\/span><\/p>\n<\/div>\n<\/div>\n<\/div>\n<div class=\"et_pb_blurb_container\">\n<h4 class=\"et_pb_module_header\">Mevcut Re\u00e7etelerinizi Aktar\u0131n<\/h4>\n<div class=\"et_pb_blurb_description\">\n<p>Doktorunuzun yazd\u0131\u011f\u0131 re\u00e7eteleriniz varsa, Nuway \u00fcyesi olarak re\u00e7etelerinizi ayl\u0131k \u00fcyelik \u00fccretinizin \u00f6tesinde hi\u00e7bir ek \u00fccret \u00f6demeden yerine getirilmesi i\u00e7in transfer edebilirsiniz. NuWay \u00fcyeli\u011finiz sayesinde ila\u00e7lar\u0131n\u0131z\u0131n do\u011frudan size teslim edilmesini se\u00e7ebilir ya da CVS, Walgreen's, Walmart ve daha bir\u00e7oklar\u0131 dahil olmak \u00fczere \u00fclke \u00e7ap\u0131nda 60.000'den fazla eczaneden birinden \u015fahsen alabilirsiniz. \"\u00c7o\u011fu re\u00e7etenin g\u00f6nderim \u00fccreti \u00fcyelik \u00fccretine dahildir.\"<\/p>\n<p><em>Ad\u0131m 1: <\/em><strong>\u00dcye Olun<\/strong><\/p>\n<p>Ayda sadece $49 kar\u015f\u0131l\u0131\u011f\u0131nda, FDA onayl\u0131 ila\u00e7lara eri\u015febilece\u011finiz bir \u00fcye olursunuz. Stratejik ortakl\u0131klar ve birle\u015fik sat\u0131n alma g\u00fcc\u00fcm\u00fcz sayesinde, ayl\u0131k \u00fcyelik \u00fccretinizin \u00f6tesinde hi\u00e7bir ek \u00fccret \u00f6demeden en \u00e7ok kullan\u0131lan jenerik ila\u00e7lara eri\u015fmenizi sa\u011flayabiliriz!<\/p>\n<p><em>Ad\u0131m 2: <\/em><strong>Re\u00e7etelerinizi Aktar\u0131n<\/strong><\/p>\n<p>Re\u00e7ete bilgilerinizi, mevcut eczaneniz veya doktorunuzla koordinasyonu sa\u011flayacak olan eczane orta\u011f\u0131yla payla\u015f\u0131n ve \u00fcyelik arac\u0131l\u0131\u011f\u0131yla ila\u00e7lar\u0131n\u0131zda tasarruf elde edin.<\/p>\n<p><em>Ad\u0131m 3: <\/em><strong>\u0130la\u00e7lar Do\u011frudan Kap\u0131n\u0131za Teslim Ediliyor<\/strong><\/p>\n<p>Re\u00e7eteleriniz transfer edildikten sonra, eczane bunlar\u0131 derhal do\u011frudan kap\u0131n\u0131za g\u00f6nderecektir. \u0130la\u00e7lar\u0131n\u0131z g\u00fcvenilir Amerikal\u0131 tedarik\u00e7ilerden temin edilir ve g\u00f6nderilir.<\/p>\n<p><em>Ad\u0131m 4: <\/em><strong>Yeniden doldurma zaman\u0131 m\u0131?<\/strong><\/p>\n<p>Yeniden doldurma zaman\u0131 geldi\u011finde eczane size basit bir metin hat\u0131rlat\u0131c\u0131s\u0131 g\u00f6nderecektir. Sadece \"Evet\" cevab\u0131n\u0131 verin ve gerisini eczane sizin i\u00e7in halledecektir. Bir Nuway \u00fcyesi olarak eczane orta\u011f\u0131n\u0131z, onlarca y\u0131ll\u0131k klinik deneyime sahip y\u00fcksek e\u011fitimli, iyi e\u011fitimli eczac\u0131lardan (RPh ve\/veya PharmD) olu\u015fan bir ekibe sahiptir. Bu eczac\u0131lar, Nuway \u00fcyelerinin ila\u00e7, dan\u0131\u015fmanl\u0131k, e\u011fitim ve en son farmakoloji standartlar\u0131na ba\u011fl\u0131l\u0131k yoluyla en y\u00fcksek ya\u015fam kalitesine ula\u015fmalar\u0131na yard\u0131mc\u0131 olmaya odaklanm\u0131\u015ft\u0131r.<\/p>\n<p>Nuway'de sigortas\u0131z, yetersiz sigortal\u0131 ve i\u015flevsel olarak sigortas\u0131z (bunlar sigortas\u0131 olan ancak muafiyetleri o kadar y\u00fcksek olan ki\u015filerdir ki bu muafiyetleri asla kar\u015f\u0131layamazlar, bu nedenle asl\u0131nda bak\u0131m i\u00e7in tam fiyat \u00f6d\u00fcyorlar) ki\u015filere yard\u0131m etmeyi misyon edindik. Onlarca y\u0131ll\u0131k ili\u015fkilerimiz, ortakl\u0131klar\u0131m\u0131z ve sat\u0131n alma g\u00fcc\u00fcm\u00fczle kaynaklar\u0131m\u0131z\u0131 bir araya getirdik ve size uygun fiyatl\u0131 bak\u0131m hizmeti alabilmeniz i\u00e7in tek \u00f6demenizin ayl\u0131k \u00fcyelik \u00fccretleriniz oldu\u011fu bir \u00fcyelik sunuyoruz. Nuway, \u00fc\u00e7\u00fcnc\u00fc taraf t\u0131bbi hizmet sa\u011flay\u0131c\u0131lar\u0131na indirimli \u00fcyelik sa\u011flar Nuway, do\u011frudan kons\u00fcltasyon, re\u00e7eteli ila\u00e7 veya herhangi bir telet\u0131p hizmeti sa\u011flamaz.<\/p>\n<div class=\"clearboth\">34 QV \/ 31 DB \/ 10 CV<\/div>\n<div class=\"clearboth\">34 QV \/ 31 DB \/ 10 CV<\/div>\n<\/div>\n<div class=\"et_pb_blurb_description\">\n<div class=\"et_pb_blurb_container\">\n<div class=\"et_pb_blurb_container\">\n<p>&nbsp;<\/p>\n<\/div>\n<\/div>\n<\/div>\n<\/div>","protected":false},"featured_media":72193,"template":"","meta":{"footnotes":""},"product_brand":[],"product_cat":[76],"product_tag":[],"class_list":{"0":"post-72190","1":"product","2":"type-product","3":"status-publish","4":"has-post-thumbnail","6":"product_cat-memberships","8":"first","9":"instock","10":"virtual","11":"purchasable","12":"product-type-subscription"},"bundled_by":[],"bundle_stock_status":"instock","bundle_stock_quantity":null,"bundle_virtual":false,"bundle_layout":"","bundle_add_to_cart_form_location":"","bundle_editable_in_cart":false,"bundle_sold_individually_context":"","bundle_item_grouping":"","bundle_min_size":"","bundle_max_size":"","bundle_price":[],"bundled_items":[],"bundle_sell_ids":[],"group_of_quantity":0,"min_quantity":0,"max_quantity":"","exclude_order_quantity_value_rules":"no","exclude_category_quantity_rules":"no","combine_variations":"no","_links":{"self":[{"href":"https:\/\/2024.shoply.com\/tr\/wp-json\/wp\/v2\/product\/72190","targetHints":{"allow":["GET"]}}],"collection":[{"href":"https:\/\/2024.shoply.com\/tr\/wp-json\/wp\/v2\/product"}],"about":[{"href":"https:\/\/2024.shoply.com\/tr\/wp-json\/wp\/v2\/types\/product"}],"version-history":[{"count":1,"href":"https:\/\/2024.shoply.com\/tr\/wp-json\/wp\/v2\/product\/72190\/revisions"}],"predecessor-version":[{"id":126022,"href":"https:\/\/2024.shoply.com\/tr\/wp-json\/wp\/v2\/product\/72190\/revisions\/126022"}],"wp:featuredmedia":[{"embeddable":true,"href":"https:\/\/2024.shoply.com\/tr\/wp-json\/wp\/v2\/media\/72193"}],"wp:attachment":[{"href":"https:\/\/2024.shoply.com\/tr\/wp-json\/wp\/v2\/media?parent=72190"}],"wp:term":[{"taxonomy":"product_brand","embeddable":true,"href":"https:\/\/2024.shoply.com\/tr\/wp-json\/wp\/v2\/product_brand?post=72190"},{"taxonomy":"product_cat","embeddable":true,"href":"https:\/\/2024.shoply.com\/tr\/wp-json\/wp\/v2\/product_cat?post=72190"},{"taxonomy":"product_tag","embeddable":true,"href":"https:\/\/2024.shoply.com\/tr\/wp-json\/wp\/v2\/product_tag?post=72190"}],"curies":[{"name":"wp","href":"https:\/\/api.w.org\/{rel}","templated":true}]}}