{"id":75318,"date":"2024-10-10T08:48:48","date_gmt":"2024-10-10T13:48:48","guid":{"rendered":"https:\/\/shoply.com\/?post_type=product&#038;p=75318"},"modified":"2025-01-28T14:42:10","modified_gmt":"2025-01-28T19:42:10","slug":"stain-remover-eco-degreaser-ready-to-use-7oz-concentrate-in-32oz-946ml-spray-bottle-just-add-water","status":"publish","type":"product","link":"https:\/\/2024.shoply.com\/tr\/urun\/stain-remover-eco-degreaser-ready-to-use-7oz-concentrate-in-32oz-946ml-spray-bottle-just-add-water\/","title":{"rendered":"Leke \u00c7\u0131kar\u0131c\u0131 ve Eko Ya\u011f \u00c7\u00f6z\u00fcc\u00fc - Kullan\u0131ma haz\u0131r, 32oz\/946ml sprey \u015fi\u015fesinde 7oz Konsantre - sadece su ekleyin"},"content":{"rendered":"<p><span style=\"color: #979797\"><strong>Stain Remover &amp; Eco Degreaser Spray Bottle Ready To Use<\/strong><\/span><\/p>\n<p>Has 7oz \/ 207 ml of concentrate, just top up with water and use.<\/p>\n<p>Makes 32oz \/ 946ml once diluted 4:1 with water.<\/p>\n<p>Note: Ounces are in US measurement<\/p>","protected":false},"excerpt":{"rendered":"<p><span style=\"color: #979797\"><strong>Stain Remover &amp; Eco Degreaser Spray Bottle Ready To Use<\/strong><\/span><\/p>\n<p>Has 7oz \/ 207 ml of concentrate, just top up with water and use.<\/p>\n<p>Makes 32oz \/ 946ml once diluted 4:1 with water.<\/p>\n<p>Note: Ounces are in US measurement<\/p>","protected":false},"featured_media":75326,"template":"","meta":{"footnotes":""},"product_brand":[],"product_cat":[191],"product_tag":[153,133],"class_list":{"0":"post-75318","1":"product","2":"type-product","3":"status-publish","4":"has-post-thumbnail","6":"product_cat-automotive","7":"product_tag-cleanser","8":"product_tag-enzymes","9":"product_shipping_class-shipping-class-1","11":"first","12":"instock","13":"sale","14":"taxable","15":"shipping-taxable","16":"purchasable","17":"product-type-simple"},"bundled_by":[],"bundle_stock_status":"instock","bundle_stock_quantity":null,"bundle_virtual":false,"bundle_layout":"","bundle_add_to_cart_form_location":"","bundle_editable_in_cart":false,"bundle_sold_individually_context":"","bundle_item_grouping":"","bundle_min_size":"","bundle_max_size":"","bundle_price":[],"bundled_items":[],"bundle_sell_ids":[],"group_of_quantity":0,"min_quantity":0,"max_quantity":"","exclude_order_quantity_value_rules":"no","exclude_category_quantity_rules":"no","combine_variations":"no","_links":{"self":[{"href":"https:\/\/2024.shoply.com\/tr\/wp-json\/wp\/v2\/product\/75318","targetHints":{"allow":["GET"]}}],"collection":[{"href":"https:\/\/2024.shoply.com\/tr\/wp-json\/wp\/v2\/product"}],"about":[{"href":"https:\/\/2024.shoply.com\/tr\/wp-json\/wp\/v2\/types\/product"}],"version-history":[{"count":1,"href":"https:\/\/2024.shoply.com\/tr\/wp-json\/wp\/v2\/product\/75318\/revisions"}],"predecessor-version":[{"id":126155,"href":"https:\/\/2024.shoply.com\/tr\/wp-json\/wp\/v2\/product\/75318\/revisions\/126155"}],"wp:featuredmedia":[{"embeddable":true,"href":"https:\/\/2024.shoply.com\/tr\/wp-json\/wp\/v2\/media\/75326"}],"wp:attachment":[{"href":"https:\/\/2024.shoply.com\/tr\/wp-json\/wp\/v2\/media?parent=75318"}],"wp:term":[{"taxonomy":"product_brand","embeddable":true,"href":"https:\/\/2024.shoply.com\/tr\/wp-json\/wp\/v2\/product_brand?post=75318"},{"taxonomy":"product_cat","embeddable":true,"href":"https:\/\/2024.shoply.com\/tr\/wp-json\/wp\/v2\/product_cat?post=75318"},{"taxonomy":"product_tag","embeddable":true,"href":"https:\/\/2024.shoply.com\/tr\/wp-json\/wp\/v2\/product_tag?post=75318"}],"curies":[{"name":"wp","href":"https:\/\/api.w.org\/{rel}","templated":true}]}}