{"id":76714,"date":"2024-10-12T10:57:17","date_gmt":"2024-10-12T15:57:17","guid":{"rendered":"https:\/\/shoply.com\/?post_type=product&#038;p=76714"},"modified":"2024-12-17T12:19:18","modified_gmt":"2024-12-17T17:19:18","slug":"inner-circle-annual-plan","status":"publish","type":"product","link":"https:\/\/2024.shoply.com\/tr\/urun\/inner-circle-annual-plan\/","title":{"rendered":"\u0130\u00e7 \u00c7ember Y\u0131ll\u0131k Plan\u0131"},"content":{"rendered":"<p><strong>\u0130\u00e7 \u00c7ember<\/strong> 3x D\u00fcnya Serisi \u015eampiyonu ve ba\u015far\u0131l\u0131 giri\u015fimci Todd Stottlemyre taraf\u0131ndan y\u00f6netilen \u00f6zel bir ko\u00e7luk toplulu\u011fudur. Bu program, ya\u015fam\u0131n her alan\u0131nda ba\u015far\u0131 ve tatmin arayan bireyler i\u00e7in tasarlanm\u0131\u015ft\u0131r. \u00d6z\u00fcnde \u015fu vard\u0131r <strong>\u015eampiyona Bildirisi<\/strong>-\u00dcyelerin hayallerindeki hayat\u0131 tan\u0131mlamalar\u0131na ve ona ula\u015fmak i\u00e7in eyleme ge\u00e7irilebilir ad\u0131mlar atmalar\u0131na yard\u0131mc\u0131 olan g\u00fc\u00e7l\u00fc bir ara\u00e7.<\/p>\n<p>Todd, iki ayda bir d\u00fczenlenen canl\u0131 ko\u00e7luk seanslar\u0131 arac\u0131l\u0131\u011f\u0131yla \u015eampiyonluk Bildirgesini hayata ge\u00e7irmek i\u00e7in gereken ara\u00e7lar\u0131, al\u0131\u015fkanl\u0131klar\u0131 ve zihniyet de\u011fi\u015fimlerini sa\u011fl\u0131yor. \u00dcyeler ayr\u0131ca uzman rehberli\u011fi, hesap verebilirlik ve yolda kalmak i\u00e7in uygulanabilir stratejiler kazan\u0131yor.<\/p>\n<p>Benzer d\u00fc\u015f\u00fcnen bireylerden olu\u015fan bir toplulu\u011fa eri\u015fim sayesinde kat\u0131l\u0131mc\u0131lar, kendilerinin en iyi versiyonu olmak i\u00e7in ayn\u0131 misyonda birlikte b\u00fcy\u00fcrler. Inner Circle, ki\u015fisel ve profesyonel d\u00f6n\u00fc\u015f\u00fcm\u00fc ger\u00e7ekle\u015ftirmek ve hayalleri ger\u00e7e\u011fe d\u00f6n\u00fc\u015ft\u00fcrmek i\u00e7in gereken deste\u011fi ve yap\u0131y\u0131 sunar.<\/p>","protected":false},"excerpt":{"rendered":"<p>The Inner Circle is an exclusive coaching community led by 3x World Series Champion and successful entrepreneur, Todd Stottlemyre. This<\/p>","protected":false},"featured_media":107975,"template":"","meta":{"footnotes":""},"product_brand":[],"product_cat":[76],"product_tag":[],"class_list":{"0":"post-76714","1":"product","2":"type-product","3":"status-publish","4":"has-post-thumbnail","6":"product_cat-memberships","8":"first","9":"instock","10":"sale","11":"virtual","12":"taxable","13":"purchasable","14":"product-type-simple"},"bundled_by":[],"bundle_stock_status":"instock","bundle_stock_quantity":null,"bundle_virtual":false,"bundle_layout":"","bundle_add_to_cart_form_location":"","bundle_editable_in_cart":false,"bundle_sold_individually_context":"","bundle_item_grouping":"","bundle_min_size":"","bundle_max_size":"","bundle_price":[],"bundled_items":[],"bundle_sell_ids":[],"group_of_quantity":0,"min_quantity":0,"max_quantity":"","exclude_order_quantity_value_rules":"no","exclude_category_quantity_rules":"no","combine_variations":"no","_links":{"self":[{"href":"https:\/\/2024.shoply.com\/tr\/wp-json\/wp\/v2\/product\/76714","targetHints":{"allow":["GET"]}}],"collection":[{"href":"https:\/\/2024.shoply.com\/tr\/wp-json\/wp\/v2\/product"}],"about":[{"href":"https:\/\/2024.shoply.com\/tr\/wp-json\/wp\/v2\/types\/product"}],"version-history":[{"count":0,"href":"https:\/\/2024.shoply.com\/tr\/wp-json\/wp\/v2\/product\/76714\/revisions"}],"wp:featuredmedia":[{"embeddable":true,"href":"https:\/\/2024.shoply.com\/tr\/wp-json\/wp\/v2\/media\/107975"}],"wp:attachment":[{"href":"https:\/\/2024.shoply.com\/tr\/wp-json\/wp\/v2\/media?parent=76714"}],"wp:term":[{"taxonomy":"product_brand","embeddable":true,"href":"https:\/\/2024.shoply.com\/tr\/wp-json\/wp\/v2\/product_brand?post=76714"},{"taxonomy":"product_cat","embeddable":true,"href":"https:\/\/2024.shoply.com\/tr\/wp-json\/wp\/v2\/product_cat?post=76714"},{"taxonomy":"product_tag","embeddable":true,"href":"https:\/\/2024.shoply.com\/tr\/wp-json\/wp\/v2\/product_tag?post=76714"}],"curies":[{"name":"wp","href":"https:\/\/api.w.org\/{rel}","templated":true}]}}