{"id":88572,"date":"2025-01-07T13:47:36","date_gmt":"2025-01-07T18:47:36","guid":{"rendered":"https:\/\/shoply.com\/?post_type=product&#038;p=88572"},"modified":"2025-02-07T14:24:02","modified_gmt":"2025-02-07T19:24:02","slug":"the-infinite-creator-calls","status":"publish","type":"product","link":"https:\/\/2024.shoply.com\/tr\/urun\/the-infinite-creator-calls\/","title":{"rendered":"The Infinite Creator Calls"},"content":{"rendered":"<h3><strong>WHAT ARE THE INFINITE CREATOR CALLS?<\/strong><\/h3>\n<p>The Infinite Creator Calls are transformative, live group activational sessions designed to transmute outdated energetic gridlines, activate cellular light, and bring that light into the world.<\/p>\n<p>These calls are to assist us individually and collectively in making the shifts between old world and New Earth gridlines*. They are for you if you are on the spiritual awakening journey, are mastering or have mastered the art of self-responsibility, and would like a bit of extra support to reclaim who you are and your alignment with infinite Source life streams.<\/p>\n<p>Through primordial sound\u2014a form of light language\u2014we dismantle false light narratives, clear imprints and genetic distortions, and reactivate the cell\u2019s eternal state, restoring its original blueprint of life.<\/p>\n<p>Conversation and Q&amp;A support the release of outdated emotional energies, while also adjusting the alignment of the conscious and subconscious mind so that you may function more easefully as a force of creation.<\/p>\n<p>These calls are not for the faint of heart. This work invites you to embody your eternal essence and true form. It may require releasing false beliefs, exercising the power of the mind, becoming the energy of forgiveness, and walking paths you may not have thought possible.<\/p>\n<p>The calls offer a high-frequency resonance to support your vibration as you navigate and shift within your own life. Through focused sessions in a short timeframe, the intention is to help you align with your highest potential and become the magnificent generator of miracles this world requires.<\/p>\n<p><em>\u201dThank you infinitely, Zhara. These calls are so incredibly supportive in keeping me aligned with my highest timeline, connected to the field of creation. I find it truly helps keep me in my heart centre and highest alignment, shifts density and feelings of uncertainty, and installs crystalline clarity, peace, love, abundance, and boosts the field with high-frequency energy.\u201d &#8211; A.S.<\/em><\/p>\n<p>These calls exist to change everything. It is the essence of who you are that will light the way home.<\/p>\n<hr \/>\n<h3><strong>WHEN?<\/strong><\/h3>\n<p>The Infinite Creator Calls are offered in 3-week series, with three 30-minute calls each week (a total of nine powerful sessions per series).<\/p>\n<p>Recordings are available for those who cannot attend live.<\/p>\n<p>We run three weeks on and three weeks off to allow time for integration.You can join just one call series, or as many as you wish.<\/p>\n<p><strong>2025 SERIES DATES:<\/strong><\/p>\n<ul>\n<li>Series 1: 27 January \u2013 14 February<\/li>\n<li>Series 2: 10 March \u2013 28 March<\/li>\n<li>Series 3: 28 April \u2013 16 May<\/li>\n<li>Series 4: 9 June \u2013 27 June<\/li>\n<li>Series 5: 21 July \u2013 8 August<\/li>\n<li>Series 6: 1 September \u2013 19 September<\/li>\n<li>Series 7: 13 October \u2013 31 October<\/li>\n<li>Series 8: 24 November \u2013 12 December<\/li>\n<\/ul>\n<p>(Note: There is a 3-week break between series, except between Series 2 and Series 3, which have a 4-week gap.)<\/p>\n<hr \/>\n<h3><strong>HOW TO JOIN<\/strong><\/h3>\n<p>We offer two groups per series, tailored to your current stage of evolution:<\/p>\n<p><strong>Ba\u015flang\u0131\u00e7<\/strong><\/p>\n<ul>\n<li>You sense there\u2019s something more. You\u2019re ready to step out of fight-or-flight mode, take full responsibility for your life, and move toward the life you deserve.<\/li>\n<li><strong>Call Time<\/strong>: <em>Mon, Wed, Fri at 9:30 am AEST\/Brisbane or via recording.<\/em><\/li>\n<\/ul>\n<p><strong>Intermediate\/Advanced<\/strong><\/p>\n<ul>\n<li>You\u2019ve done the hard work\u2014faced shadows, released emotional baggage, and become a blank slate for creation.<\/li>\n<li>OR your cells are already alive with light, your nervous system is clear, and you\u2019re ready for greater expansion.<\/li>\n<li><strong>Call Time<\/strong>: <em>Mon, Wed, Fri at 10:15 am AEST\/Brisbane or via recording.<\/em><\/li>\n<\/ul>\n<hr \/>\n<h3><strong>DETAILS<\/strong><\/h3>\n<p>We meet on Zoom for 30 minutes, three times per week, to deepen self-awareness and integrate the beauty of existence.<\/p>\n<p>Call formats will vary depending on the energy and group dynamics. While most calls are audio-only to ensure you are focused within your own field of energy, occasional video calls will be held.<\/p>\n<p>This space invites you to:<\/p>\n<ul>\n<li>Shift cellular constructs and residues of false light.<\/li>\n<li>Clear and\/or integrate emotional and mental patterns that hold you back.<\/li>\n<li>Expand your awareness of ascension timelines and frequency upgrades.<\/li>\n<li>Release denser energies in the etheric field.<\/li>\n<li>Access the center point of the heart.<\/li>\n<li>Re-weave genetic templates\/recalibrate DNA with missing links.<\/li>\n<li>Fully embody your eternal self.<\/li>\n<li>Fast-track your individual journey.<\/li>\n<li>Align with your highest aspect of self and use your power as infinite light.<\/li>\n<li>Shift between old world and New Earth gridlines*.Gridlines are finely tuned webs of energy that exist throughout and with all things. For the human form, gridlines connect neural networks, cellular grids, and layers of energy in and around the physical form. These gridlines can also interconnect between time and space to other dimensions as well as to other people, places, and things.<\/li>\n<\/ul>\n<hr \/>\n<h3><strong>ADDITIONAL SUPPORT<\/strong><\/h3>\n<p>Upon joining, you\u2019ll be added to a Telegram group where you can connect with current and past participants. This network provides ongoing support for your evolutionary journey.<\/p>\n<p>Within Telegram, Zhara will answer questions to assist your process. Her work carries a potent resonance, allowing old patterns to crumble and make way for the new, so it can be helpful to have the additional support.<\/p>\n<p>You\u2019ll also receive actionable suggestions to accelerate your progress with ease, grace, and joy.<\/p>\n<hr \/>\n<h3><strong>PREREQUISITES<\/strong><\/h3>\n<p><strong>1. Self-Responsibility<\/strong><\/p>\n<ul>\n<li>You take\u2014or are ready to take\u2014full responsibility for your manifest reality, recognizing it as a reflection of your thoughts, beliefs, traumas, ancestral patterns, and karmic cycles.<\/li>\n<li>You have released\u2014or are ready to release\u2014blame and judgment, embracing this journey and those you encounter on it.<\/li>\n<\/ul>\n<p><strong>2. Familiarity with Zhara\u2019s Work<\/strong><\/p>\n<ul>\n<li>You have engaged with Zhara\u2019s work through her book, previous courses, or client sessions. Alternatively, you\u2019ve thoroughly read her website and resonate with its frequency. zharajmahlstedt.com<\/li>\n<\/ul>\n<p><strong>Highly Recommended:<\/strong> Using LifeFX Living Water Droplets with your drinking water enhances cellular potency, supports physical cleansing, and facilitates dramatic shifts. In addition, shifting to spring water with added hydrogen is also recommended to facilitate expansion.<\/p>\n<hr \/>\n<h3><strong>TO REGISTER AND JOIN<\/strong><\/h3>\n<p>Within 24 hours of completed payment, you&#8217;ll receive a Zoom link to access all of the calls.<\/p>\n<p>For those starting off in a beginner series, it is recommended to commit to 3 back-to-back series for maximum results.<\/p>\n<ul>\n<li>If you start in Beginner sessions and feel ready, you are welcome to transition to Intermediate\/Advanced.<\/li>\n<\/ul>\n<hr \/>\n<p><strong>QUESTIONS?<\/strong><br \/>\nEmail: <a rel=\"noopener\">zhara@lifefxlivingwater.com\u00a0<\/a><\/p>","protected":false},"excerpt":{"rendered":"<p><strong>THE INFINITE CREATOR CALLS: 3-Week Intensive Call Series<\/strong><\/p>\n<ul>\n<li>Are you ready to reclaim or amplify the innate power of the living form and human heart?<\/li>\n<li>Do you know that miracles exist, know that you are that walking miracle, and want to fully embody who you are?<\/li>\n<li>Are you ready to shift outdated timelines for yourself, and as you do so, for the human race?<\/li>\n<\/ul>\n<p>There is tremendous power within sound waves for accelerating healing, rewriting genetic code, and shifting energy for people and planet alike.<\/p>\n<p>The Infinite Creator Calls are transformative, live group activational sessions designed to transmute outdated energetic gridlines, activate cellular light, and bring that light into the world.<\/p>\n<p>80 QV\/ 10 DB \/ 60 CV<\/p>","protected":false},"featured_media":117843,"template":"","meta":{"footnotes":""},"product_brand":[],"product_cat":[87],"product_tag":[],"class_list":{"0":"post-88572","1":"product","2":"type-product","3":"status-publish","4":"has-post-thumbnail","6":"product_cat-elearning","8":"first","9":"instock","10":"taxable","11":"shipping-taxable","12":"purchasable","13":"product-type-simple"},"bundled_by":[],"bundle_stock_status":"instock","bundle_stock_quantity":null,"bundle_virtual":false,"bundle_layout":"","bundle_add_to_cart_form_location":"","bundle_editable_in_cart":false,"bundle_sold_individually_context":"","bundle_item_grouping":"","bundle_min_size":"","bundle_max_size":"","bundle_price":[],"bundled_items":[],"bundle_sell_ids":[],"group_of_quantity":0,"min_quantity":0,"max_quantity":"","exclude_order_quantity_value_rules":"no","exclude_category_quantity_rules":"no","combine_variations":"no","_links":{"self":[{"href":"https:\/\/2024.shoply.com\/tr\/wp-json\/wp\/v2\/product\/88572","targetHints":{"allow":["GET"]}}],"collection":[{"href":"https:\/\/2024.shoply.com\/tr\/wp-json\/wp\/v2\/product"}],"about":[{"href":"https:\/\/2024.shoply.com\/tr\/wp-json\/wp\/v2\/types\/product"}],"version-history":[{"count":1,"href":"https:\/\/2024.shoply.com\/tr\/wp-json\/wp\/v2\/product\/88572\/revisions"}],"predecessor-version":[{"id":125535,"href":"https:\/\/2024.shoply.com\/tr\/wp-json\/wp\/v2\/product\/88572\/revisions\/125535"}],"wp:featuredmedia":[{"embeddable":true,"href":"https:\/\/2024.shoply.com\/tr\/wp-json\/wp\/v2\/media\/117843"}],"wp:attachment":[{"href":"https:\/\/2024.shoply.com\/tr\/wp-json\/wp\/v2\/media?parent=88572"}],"wp:term":[{"taxonomy":"product_brand","embeddable":true,"href":"https:\/\/2024.shoply.com\/tr\/wp-json\/wp\/v2\/product_brand?post=88572"},{"taxonomy":"product_cat","embeddable":true,"href":"https:\/\/2024.shoply.com\/tr\/wp-json\/wp\/v2\/product_cat?post=88572"},{"taxonomy":"product_tag","embeddable":true,"href":"https:\/\/2024.shoply.com\/tr\/wp-json\/wp\/v2\/product_tag?post=88572"}],"curies":[{"name":"wp","href":"https:\/\/api.w.org\/{rel}","templated":true}]}}