{"id":91755,"date":"2024-11-21T02:42:21","date_gmt":"2024-11-21T07:42:21","guid":{"rendered":"https:\/\/shoply.com\/?post_type=product&#038;p=91755"},"modified":"2025-02-06T13:49:41","modified_gmt":"2025-02-06T18:49:41","slug":"antibacterial-mould-cleaner-blitz-your-dirt-germs-mould-naturally-1-litre-refill","status":"publish","type":"product","link":"https:\/\/2024.shoply.com\/tr\/urun\/antibacterial-mould-cleaner-blitz-your-dirt-germs-mould-naturally-1-litre-refill\/","title":{"rendered":"Antibacterial &#038; Mould Cleaner &#8211; Blitz your dirt, germs &#038; mould naturally &#8211; 1 Litre Refill"},"content":{"rendered":"<p><strong>Save Money and help reduce plastic waste<\/strong><\/p>\n<p>To assist with that, we offer this 1 litre refill to encourage reuse by refilling your WOW empties.<\/p>\n<p>By refilling and reusing your empty Wild Organic Ways spray bottles, not only do you save money, you also reduce waste, therefore making a positive difference to our planet, as well as your pocket.<\/p>\n<p>Discover a revolutionary approach to antibacterial and antifungal cleaning with our surface-specific solution. Say goodbye to chemical-laden products and embrace the natural power of camphor hydrosol, which is both naturally antibacterial and antifungal.<\/p>\n<p>Wild Organic Ways Antibacterial Cleaner is a natural disinfectant.<\/p>\n<p><strong>HIGHLY EFFECTIVE ON MOULD &#8211; Gets rid of mould and spores.<\/strong><\/p>\n<p><strong>Temel \u00d6zellikler:<\/strong><\/p>\n<ul>\n<li><strong>Do\u011fal \u0130\u00e7erikler:<\/strong>\u00a0Sadece iki bile\u015fen i\u00e7eren temizleyicimiz olabildi\u011fince do\u011fal ve \u00e7evre dostudur.<\/li>\n<li><strong>Etkili Temizlik:<\/strong> Bakterilerin 99,9%'sini 20 saniye i\u00e7inde yok etti\u011fi klinik olarak kan\u0131tlanm\u0131\u015ft\u0131r.<\/li>\n<li><strong>Aile ve Evcil Hayvan G\u00fcvenli\u011fi:<\/strong>\u00a0Evcil hayvanlar da dahil olmak \u00fczere t\u00fcm aile \u00e7evresinde kullan\u0131m i\u00e7in g\u00fcvenlidir.<\/li>\n<li><strong>Durulamaya Gerek Yok:<\/strong>\u00a0Y\u00fczeye p\u00fcsk\u00fcrt\u00fcn, silin veya kendi kendine kurumaya b\u0131rak\u0131n.<\/li>\n<\/ul>\n<p><strong>A\u015fa\u011f\u0131dakiler dahil \u00e7o\u011fu y\u00fczey i\u00e7in uygundur:<\/strong><\/p>\n<ul>\n<li>Tezgah \u00fcstleri<\/li>\n<li>Zeminler<\/li>\n<li>Havzalar<\/li>\n<li>Tuvaletler<\/li>\n<li>Kutular<\/li>\n<li>Spor ekipmanlar\u0131<\/li>\n<li>Oyuncaklar<\/li>\n<li>Fayanslar<\/li>\n<li>Cam<\/li>\n<li>Ta\u015f<\/li>\n<li>Ah\u015fap<\/li>\n<li>Laminatlar<\/li>\n<li>Paslanmaz \u00e7elik<\/li>\n<li>Seramikler<\/li>\n<li>Emaye<\/li>\n<li>Gym equipment<\/li>\n<\/ul>\n<p>Safely &amp; effectively cleans almost any other surface<\/p>\n<p>WOW Antibacterial cleaner ensures a deep clean for all your dirty, grimy and mouldy\u00a0 surfaces. Enjoy a squeaky clean, germ-free result every time!<\/p>\n<p>- Fazla p\u00fcsk\u00fcrtme y\u00fczeylerinize veya cildinize zarar vermez;<\/p>\n<p>&#8211; Septic safe &#8211; only 2 natural and non-toxic ingredients.<\/p>\n<p><strong>\u0130\u00e7indekiler:<\/strong><\/p>\n<ul>\n<li>Kafur Hidrosol\u00fc<\/li>\n<li>Mineral Rich H2O sourced from the Byron Hinterland<\/li>\n<\/ul>\n<p><strong>100% Australian-made, owned and operated using local, raw ingredients<\/strong><\/p>","protected":false},"excerpt":{"rendered":"<p><strong>Refill your empty WOW bottles and save in more ways than one with Antibacterial Cleaner 1 litre refill<\/strong><\/p>\n<p>Wild Organic Ways have long advocated the refilling and reuse of our empty cleaning product spray bottles.<\/p>\n<p>It\u2019s one of the foundations of our business philosophies.<\/p>\n<p>To assist with that, we offer this 1 litre refill to encourage reuse by refilling your WOW empties.<\/p>\n<p>By refilling and reusing your empty Wild Organic Ways spray bottles, not only do you save money, you also reduce waste, therefore making a positive difference to our planet, as well as your pocket.<\/p>\n<p>And remember, all Wild Organic Ways cleaning products are 100% Natural, 100% Organic and 100% Australian made, including all the ingredients, the bottles and containers.<\/p>\n<p>Find more information below:<\/p>\n<p><img fetchpriority=\"high\" decoding=\"async\" class=\"aligncenter wp-image-121587 size-full\" src=\"https:\/\/shoply.com\/wp-content\/uploads\/2025\/01\/horiz-icons-white-out-of-black.webp\" alt=\"\" width=\"575\" height=\"89\" srcset=\"https:\/\/2024.shoply.com\/wp-content\/uploads\/2025\/01\/horiz-icons-white-out-of-black.webp 575w, https:\/\/2024.shoply.com\/wp-content\/uploads\/2025\/01\/horiz-icons-white-out-of-black-400x62.webp 400w, https:\/\/2024.shoply.com\/wp-content\/uploads\/2025\/01\/horiz-icons-white-out-of-black-18x3.webp 18w, https:\/\/2024.shoply.com\/wp-content\/uploads\/2025\/01\/horiz-icons-white-out-of-black-150x23.webp 150w, https:\/\/2024.shoply.com\/wp-content\/uploads\/2025\/01\/horiz-icons-white-out-of-black-220x34.webp 220w\" sizes=\"(max-width: 575px) 100vw, 575px\" \/><\/p>","protected":false},"featured_media":93357,"template":"","meta":{"footnotes":""},"product_brand":[],"product_cat":[100,310,204,470],"product_tag":[153,319,185,113],"class_list":{"0":"post-91755","1":"product","2":"type-product","3":"status-publish","4":"has-post-thumbnail","6":"product_cat-home","7":"product_cat-home-garden","8":"product_cat-home-and-kitchen","9":"product_cat-household-cleaning","10":"product_tag-cleanser","11":"product_tag-home","12":"product_tag-organic","13":"product_tag-vegan","14":"has-subscription-plans","16":"first","17":"instock","18":"purchasable","19":"product-type-simple"},"bundled_by":[],"bundle_stock_status":"instock","bundle_stock_quantity":null,"bundle_virtual":false,"bundle_layout":"","bundle_add_to_cart_form_location":"","bundle_editable_in_cart":false,"bundle_sold_individually_context":"","bundle_item_grouping":"","bundle_min_size":"","bundle_max_size":"","bundle_price":[],"bundled_items":[],"bundle_sell_ids":[],"group_of_quantity":0,"min_quantity":0,"max_quantity":"","exclude_order_quantity_value_rules":"no","exclude_category_quantity_rules":"no","combine_variations":"no","_links":{"self":[{"href":"https:\/\/2024.shoply.com\/tr\/wp-json\/wp\/v2\/product\/91755","targetHints":{"allow":["GET"]}}],"collection":[{"href":"https:\/\/2024.shoply.com\/tr\/wp-json\/wp\/v2\/product"}],"about":[{"href":"https:\/\/2024.shoply.com\/tr\/wp-json\/wp\/v2\/types\/product"}],"version-history":[{"count":4,"href":"https:\/\/2024.shoply.com\/tr\/wp-json\/wp\/v2\/product\/91755\/revisions"}],"predecessor-version":[{"id":129385,"href":"https:\/\/2024.shoply.com\/tr\/wp-json\/wp\/v2\/product\/91755\/revisions\/129385"}],"wp:featuredmedia":[{"embeddable":true,"href":"https:\/\/2024.shoply.com\/tr\/wp-json\/wp\/v2\/media\/93357"}],"wp:attachment":[{"href":"https:\/\/2024.shoply.com\/tr\/wp-json\/wp\/v2\/media?parent=91755"}],"wp:term":[{"taxonomy":"product_brand","embeddable":true,"href":"https:\/\/2024.shoply.com\/tr\/wp-json\/wp\/v2\/product_brand?post=91755"},{"taxonomy":"product_cat","embeddable":true,"href":"https:\/\/2024.shoply.com\/tr\/wp-json\/wp\/v2\/product_cat?post=91755"},{"taxonomy":"product_tag","embeddable":true,"href":"https:\/\/2024.shoply.com\/tr\/wp-json\/wp\/v2\/product_tag?post=91755"}],"curies":[{"name":"wp","href":"https:\/\/api.w.org\/{rel}","templated":true}]}}