{"id":94247,"date":"2024-11-22T16:31:39","date_gmt":"2024-11-22T21:31:39","guid":{"rendered":"https:\/\/shoply.com\/?post_type=product&#038;p=94247"},"modified":"2025-02-28T17:59:59","modified_gmt":"2025-02-28T22:59:59","slug":"facial-cleanser-crown-ridge-by-regimen","status":"publish","type":"product","link":"https:\/\/2024.shoply.com\/tr\/urun\/facial-cleanser-crown-ridge-by-regimen\/","title":{"rendered":"Facial Cleanser &#8211; Crown Ridge by REGIMEN\u00ae"},"content":{"rendered":"<p class=\"p1\">Vegan Form\u00fcl | Paraben \u0130\u00e7ermeyen | S\u00fclfat \u0130\u00e7ermeyen | Zalimlik \u0130\u00e7ermeyen | Sorumlu Kaynakl\u0131<\/p>","protected":false},"excerpt":{"rendered":"<p>Y\u00fcz Temizleyicimiz derin nemlendirme sa\u011flamak i\u00e7in Aloe Vera ve Gliserin i\u00e7erirken, Glikolik Asit ve Salisilik Asit kirleri temizlemek ve daha p\u00fcr\u00fczs\u00fcz bir cildi desteklemek i\u00e7in nazik\u00e7e pul pul d\u00f6k\u00fcl\u00fcr. Yat\u0131\u015ft\u0131r\u0131c\u0131 Pantenol ve ferahlat\u0131c\u0131 Mentol ile zenginle\u015ftirilen bu \u00fcr\u00fcn cildinizin temiz, dengeli ve canlanm\u0131\u015f hissetmesini sa\u011flar. G\u00fcnl\u00fck kullan\u0131m i\u00e7in uygun olan bu temizleyici cildin do\u011fal nemini kaybetmeden ar\u0131nd\u0131rmak i\u00e7in tasarlanm\u0131\u015ft\u0131r ve t\u00fcm cilt tipleri i\u00e7in idealdir.<\/p>\n<p>&nbsp;<\/p>\n<p>Nas\u0131l Kullan\u0131l\u0131r: Avu\u00e7 i\u00e7ine 3-4 pompa temizleyici ekleyin, dairesel hareketlerle y\u00fcz\u00fcn\u00fcze ve boynunuza uygulay\u0131n. Il\u0131k su ile iyice durulay\u0131n.<\/p>\n<p>Biti\u015f ve G\u00f6r\u00fcn\u00fcm: Bu temizleyici cildin do\u011fal nemini yok etmeden ar\u0131nd\u0131rmak i\u00e7in tasarlanm\u0131\u015ft\u0131r ve t\u00fcm cilt tipleri i\u00e7in idealdir.<\/p>","protected":false},"featured_media":96692,"template":"","meta":{"footnotes":""},"product_brand":[],"product_cat":[385,821,383],"product_tag":[110,592,638,394,140,542,543,113],"class_list":{"0":"post-94247","1":"product","2":"type-product","3":"status-publish","4":"has-post-thumbnail","6":"product_cat-bath-body","7":"product_cat-beauty","8":"product_cat-personal-care","9":"product_tag-hair","10":"product_tag-high-quality","11":"product_tag-lightweight-2","12":"product_tag-skin","13":"product_tag-skin-care","14":"product_tag-skin-friendly","15":"product_tag-soft","16":"product_tag-vegan","17":"product_shipping_class-shipping-class-1","18":"has-subscription-plans","20":"first","21":"instock","22":"sale","23":"taxable","24":"shipping-taxable","25":"purchasable","26":"product-type-simple"},"bundled_by":["119835","119859"],"bundle_stock_status":"instock","bundle_stock_quantity":null,"bundle_virtual":false,"bundle_layout":"","bundle_add_to_cart_form_location":"","bundle_editable_in_cart":false,"bundle_sold_individually_context":"","bundle_item_grouping":"","bundle_min_size":"","bundle_max_size":"","bundle_price":[],"bundled_items":[],"bundle_sell_ids":[],"group_of_quantity":0,"min_quantity":0,"max_quantity":"","exclude_order_quantity_value_rules":"no","exclude_category_quantity_rules":"no","combine_variations":"no","_links":{"self":[{"href":"https:\/\/2024.shoply.com\/tr\/wp-json\/wp\/v2\/product\/94247","targetHints":{"allow":["GET"]}}],"collection":[{"href":"https:\/\/2024.shoply.com\/tr\/wp-json\/wp\/v2\/product"}],"about":[{"href":"https:\/\/2024.shoply.com\/tr\/wp-json\/wp\/v2\/types\/product"}],"version-history":[{"count":3,"href":"https:\/\/2024.shoply.com\/tr\/wp-json\/wp\/v2\/product\/94247\/revisions"}],"predecessor-version":[{"id":148590,"href":"https:\/\/2024.shoply.com\/tr\/wp-json\/wp\/v2\/product\/94247\/revisions\/148590"}],"wp:featuredmedia":[{"embeddable":true,"href":"https:\/\/2024.shoply.com\/tr\/wp-json\/wp\/v2\/media\/96692"}],"wp:attachment":[{"href":"https:\/\/2024.shoply.com\/tr\/wp-json\/wp\/v2\/media?parent=94247"}],"wp:term":[{"taxonomy":"product_brand","embeddable":true,"href":"https:\/\/2024.shoply.com\/tr\/wp-json\/wp\/v2\/product_brand?post=94247"},{"taxonomy":"product_cat","embeddable":true,"href":"https:\/\/2024.shoply.com\/tr\/wp-json\/wp\/v2\/product_cat?post=94247"},{"taxonomy":"product_tag","embeddable":true,"href":"https:\/\/2024.shoply.com\/tr\/wp-json\/wp\/v2\/product_tag?post=94247"}],"curies":[{"name":"wp","href":"https:\/\/api.w.org\/{rel}","templated":true}]}}