{"id":97273,"date":"2024-11-26T05:33:05","date_gmt":"2024-11-26T10:33:05","guid":{"rendered":"https:\/\/shoply.com\/?post_type=product&#038;p=97273"},"modified":"2025-02-28T11:56:24","modified_gmt":"2025-02-28T16:56:24","slug":"farewell-wrinkles-retinol-24h-lifting-creme","status":"publish","type":"product","link":"https:\/\/2024.shoply.com\/tr\/urun\/farewell-wrinkles-retinol-24h-lifting-creme\/","title":{"rendered":"Farewell, wrinkles! Retinol 24h. Lifting Creme"},"content":{"rendered":"<div class=\"product-details__product-attributes\">\n<div class=\"details-product-attribute\">\n<p>Brand: Martina Otte Cosmetics\u00ae<\/p>\n<p>Say goodbye to expression lines with the Retinol 24h Lifting Cream from Martina Otte Cosmetics\u00ae. This highly effective cream provides your skin with moisture around the clock and promotes collagen production, thereby improving the elasticity and firmness of your skin. <span class=\"citation-0 recitation citation-end-0\">Ideal for impure skin and for reducing age spots, retinol contributes to skin renewal and refines the complexion.<sup class=\"superscript visible\"> 1 <\/sup><\/span> Not only does it provide intense care with ingredients such as vitamin E, shea butter, and ginger extract, but you also enjoy protection against UVA and UVB rays. Discover the feeling of revitalized, refreshed, and radiant skin day and night. Opt for a solution that takes your skincare to the next level. You want to remove your age and pigmentation spots. Then use the Retinol 24h cream from Martina Otte Cosmetics\u00ae. For impure and restless skin, you definitely need an active ingredient cosmetic that brings your skin back into balance. The Retinol 24h cream from Martina Otte Cosmetics\u00ae. You want to accelerate your skin renewal and also have effective anti-aging care with active ingredient complexes that conjure up immediately visible radiant and younger results on your skin. Then try the 24h Retinol cream from Martina Otte Cosmetics\u00ae. You are dissatisfied with your skin&#8217;s appearance because the skin is restless and also has numerous age and pigmentation spots. Then start your care revolution with the 24h Retinol cream from Martina Otte Cosmetics\u00ae. Dryness lines are a thing of the past. Improve your skin&#8217;s appearance today with the targeted active ingredient cosmetics from Martina Otte Cosmetics\u00ae<\/p>\n<p>Ingredients: Aqua, Cetearyl Alcohol, Butyrospermum Parkii Butter, Dicaprylyl Ether, Coco-Caprylate, Phenoxyethanol, Glycerin, Sodium Cetearyl Sulfate, Parfum, Panthenol, Carbomer, Tocopheryl Acetate, Disodium Edta, Ethylhexylglycerin, Helianthus Annuus Seed Oil, Zingiber Officinale Root Extract, Tocopherol, Sodium Hydroxide, Retinyl Acetate, Olivine Extract, Potassium Sorbate, Disodium Phosphate, Potassium Phosphate, Sodium Metabisulfite<\/p><\/div>\n<\/div>","protected":false},"excerpt":{"rendered":"<p>Martina Otte Cosmetics\u00ae Retinol 24h Lifting Cream - G\u00f6zle G\u00f6r\u00fcl\u00fcr \u015eekilde Daha Gen\u00e7 Bir Cilt \u0130\u00e7in<\/p>\n<p>Martina Otte Cosmetics\u00ae'in Retinol 24h Lifting Cream \u00fcr\u00fcn\u00fc cildiniz i\u00e7in ger\u00e7ek bir gen\u00e7lik \u00e7e\u015fmesidir. Y\u00fcksek konsantrasyonlu retinol form\u00fcl\u00fc ile do\u011fal h\u00fccre yenilenmesini destekler, g\u00f6r\u00fcn\u00fcr k\u0131r\u0131\u015f\u0131kl\u0131klar\u0131 azalt\u0131r ve daha s\u0131k\u0131 bir cilt sa\u011flar.<\/p>\n<p>Retinol 24h Lifting Cream'i bu kadar \u00f6zel yapan nedir?<\/p>\n<ul>\n<li><span class=\"citation-0 recitation citation-end-0\">Yo\u011fun Ya\u015flanma Kar\u015f\u0131t\u0131 Etki: Bir A vitamini asidi olan retinol, kolajen \u00fcretimini uyarma ve cildi s\u0131k\u0131la\u015ft\u0131rma \u00f6zelli\u011fi ile bilinir.<\/span><span class=\"button-container hide-from-message-actions ng-star-inserted\"> \u00a0 <button class=\"mat-mdc-tooltip-trigger button image-fade-on hide-from-message-actions\" aria-controls=\"sources\" aria-expanded=\"false\" aria-describedby=\"cdk-describedby-message-ng-1-54\"><\/button><\/span>\n<div class=\"container ng-tns-c393600654-129 hide\">\n<div class=\"carousel-container ng-tns-c393600654-129\">\n<div class=\"carousel-content ng-tns-c393600654-129\">\n<div class=\"sources-carousel-source ng-tns-c393600654-129 hide ng-star-inserted\"><\/div>\n<\/div>\n<\/div>\n<\/div>\n<\/li>\n<li>Nemlendirici Bak\u0131m: Retinol\u00fcn yan\u0131 s\u0131ra krem, cildinizi esnek tutan nemlendirici bile\u015fenler de i\u00e7erir.<\/li>\n<li>Cilt Ar\u0131nd\u0131rma: Krem cildi ar\u0131nd\u0131r\u0131r, g\u00f6zenekleri minimize eder ve e\u015fit bir cilt tonu sa\u011flar.<\/li>\n<li><span class=\"citation-1 recitation citation-end-1\">Serbest Radikallere Kar\u015f\u0131 Koruma: Antioksidanlar cildinizi zararl\u0131 \u00e7evresel etkilerden korur ve ya\u015flanma s\u00fcrecini yava\u015flat\u0131r.<\/span><span class=\"button-container hide-from-message-actions ng-star-inserted\"> \u00a0 <button class=\"mat-mdc-tooltip-trigger button image-fade-on hide-from-message-actions\" aria-controls=\"sources\" aria-expanded=\"false\" aria-describedby=\"cdk-describedby-message-ng-1-54\"><\/button><\/span>\n<div class=\"container ng-tns-c393600654-130 hide\">\n<div class=\"carousel-container ng-tns-c393600654-130\">\n<div class=\"carousel-content ng-tns-c393600654-130\">\n<div class=\"sources-carousel-source ng-tns-c393600654-130 hide ng-star-inserted\"><\/div>\n<\/div>\n<\/div>\n<\/div>\n<\/li>\n<\/ul>\n<p>Retinol 24 saat Lifting Krem nas\u0131l \u00e7al\u0131\u015f\u0131r?<\/p>\n<p><span class=\"citation-2 recitation citation-end-2\">Retinol cildin derinliklerine n\u00fcfuz eder ve h\u00fccre yenilenmesini uyar\u0131r.<\/span> Bu, ince \u00e7izgileri ve k\u0131r\u0131\u015f\u0131kl\u0131klar\u0131 azalt\u0131r, cildi s\u0131k\u0131la\u015ft\u0131r\u0131r ve daha gen\u00e7 bir g\u00f6r\u00fcn\u00fcm kazand\u0131r\u0131r. \u0130\u00e7eri\u011findeki nemlendiriciler cildinizin yenilenme s\u00fcreci boyunca yeterince nemlendirilmesini sa\u011flar.<span class=\"button-container hide-from-message-actions ng-star-inserted\"> \u00a0 <button class=\"mat-mdc-tooltip-trigger button image-fade-on hide-from-message-actions\" aria-controls=\"sources\" aria-expanded=\"false\" aria-describedby=\"cdk-describedby-message-ng-1-54\"><\/button><\/span><\/p>\n<div class=\"container ng-tns-c393600654-131 hide\">\n<div class=\"carousel-container ng-tns-c393600654-131\">\n<div class=\"carousel-content ng-tns-c393600654-131\">\n<div class=\"sources-carousel-source ng-tns-c393600654-131 hide ng-star-inserted\"><\/div>\n<\/div>\n<\/div>\n<\/div>\n<p>Uygulama<\/p>\n<p>Kremi ak\u015famlar\u0131 temizlenmi\u015f y\u00fcz ve boyun b\u00f6lgesine uygulay\u0131n. Cildinizin retinole al\u0131\u015fmas\u0131 i\u00e7in her iki g\u00fcnde bir uygulama ile ba\u015flay\u0131n. Daha sonra uygulamay\u0131 g\u00fcnl\u00fck kullan\u0131ma \u00e7\u0131karabilirsiniz.<\/p>\n<p>Retinol 24 saat Lifting Krem kimler i\u00e7in uygundur?<\/p>\n<p>Retinol 24h Lifting Cream, cilt de\u011fi\u015fiminin ilk belirtilerini fark eden veya bunlar\u0131 \u00f6nlemek isteyen herkes i\u00e7in idealdir. <span class=\"citation-3 recitation citation-end-3\">Retinol g\u00f6zenekleri ar\u0131nd\u0131rd\u0131\u011f\u0131 ve iltihaplanmay\u0131 azaltt\u0131\u011f\u0131 i\u00e7in saf olmayan ciltler i\u00e7in de uygundur.<\/span><span class=\"button-container hide-from-message-actions ng-star-inserted\"> \u00a0 <button class=\"mat-mdc-tooltip-trigger button image-fade-on hide-from-message-actions\" aria-controls=\"sources\" aria-expanded=\"false\" aria-describedby=\"cdk-describedby-message-ng-1-54\"><\/button><\/span><\/p>\n<div class=\"container ng-tns-c393600654-132 hide\">\n<div class=\"carousel-container ng-tns-c393600654-132\">\n<div class=\"carousel-content ng-tns-c393600654-132\">\n<div class=\"sources-carousel-source ng-tns-c393600654-132 hide ng-star-inserted\"><\/div>\n<\/div>\n<\/div>\n<\/div>\n<p>Sonu\u00e7<\/p>\n<p>Martina Otte Cosmetics\u00ae Retinol 24h Lifting Cream, cildinizi g\u00f6zle g\u00f6r\u00fcl\u00fcr \u015fekilde gen\u00e7le\u015ftiren son derece etkili bir ya\u015flanma kar\u015f\u0131t\u0131 bak\u0131m \u00fcr\u00fcn\u00fcd\u00fcr. E\u015fsiz form\u00fcl\u00fc ve y\u00fcksek kaliteli bile\u015fenleri ile sofistike cilt bak\u0131m\u0131na \u00f6nem veren herkesin sahip olmas\u0131 gereken bir \u00fcr\u00fcnd\u00fcr.<\/p>","protected":false},"featured_media":97275,"template":"","meta":{"footnotes":""},"product_brand":[],"product_cat":[821,80,384,820],"product_tag":[149,174,111,241,592,155,152,860,140,542,774,862,926,525,157],"class_list":{"0":"post-97273","1":"product","2":"type-product","3":"status-publish","4":"has-post-thumbnail","6":"product_cat-beauty","7":"product_cat-beauty-health-supplements","8":"product_cat-cosmetics","9":"product_cat-wellness","10":"product_tag-anti-aging","11":"product_tag-anti-inflammatory","12":"product_tag-care","13":"product_tag-cosmetics","14":"product_tag-high-quality","15":"product_tag-hyaluronic","16":"product_tag-moisturizer","17":"product_tag-sie-wollen-eine-24h-creme-ohne-duftstoffe","18":"product_tag-skin-care","19":"product_tag-skin-friendly","20":"product_tag-sustainable","21":"product_tag-trockene-und-sensible-haut","22":"product_tag-um-alle-hauttypen-zu-pflegen","23":"product_tag-womens","24":"product_tag-wrinkle","25":"product_shipping_class-shipping-class-7","26":"has-subscription-plans","28":"first","29":"instock","30":"sale","31":"taxable","32":"shipping-taxable","33":"purchasable","34":"product-type-simple"},"bundled_by":["149497","150516","150521"],"bundle_stock_status":"instock","bundle_stock_quantity":null,"bundle_virtual":false,"bundle_layout":"","bundle_add_to_cart_form_location":"","bundle_editable_in_cart":false,"bundle_sold_individually_context":"","bundle_item_grouping":"","bundle_min_size":"","bundle_max_size":"","bundle_price":[],"bundled_items":[],"bundle_sell_ids":[],"group_of_quantity":0,"min_quantity":0,"max_quantity":"","exclude_order_quantity_value_rules":"no","exclude_category_quantity_rules":"no","combine_variations":"no","_links":{"self":[{"href":"https:\/\/2024.shoply.com\/tr\/wp-json\/wp\/v2\/product\/97273","targetHints":{"allow":["GET"]}}],"collection":[{"href":"https:\/\/2024.shoply.com\/tr\/wp-json\/wp\/v2\/product"}],"about":[{"href":"https:\/\/2024.shoply.com\/tr\/wp-json\/wp\/v2\/types\/product"}],"version-history":[{"count":4,"href":"https:\/\/2024.shoply.com\/tr\/wp-json\/wp\/v2\/product\/97273\/revisions"}],"predecessor-version":[{"id":148219,"href":"https:\/\/2024.shoply.com\/tr\/wp-json\/wp\/v2\/product\/97273\/revisions\/148219"}],"wp:featuredmedia":[{"embeddable":true,"href":"https:\/\/2024.shoply.com\/tr\/wp-json\/wp\/v2\/media\/97275"}],"wp:attachment":[{"href":"https:\/\/2024.shoply.com\/tr\/wp-json\/wp\/v2\/media?parent=97273"}],"wp:term":[{"taxonomy":"product_brand","embeddable":true,"href":"https:\/\/2024.shoply.com\/tr\/wp-json\/wp\/v2\/product_brand?post=97273"},{"taxonomy":"product_cat","embeddable":true,"href":"https:\/\/2024.shoply.com\/tr\/wp-json\/wp\/v2\/product_cat?post=97273"},{"taxonomy":"product_tag","embeddable":true,"href":"https:\/\/2024.shoply.com\/tr\/wp-json\/wp\/v2\/product_tag?post=97273"}],"curies":[{"name":"wp","href":"https:\/\/api.w.org\/{rel}","templated":true}]}}