{"id":96308,"date":"2024-11-25T03:47:45","date_gmt":"2024-11-25T08:47:45","guid":{"rendered":"https:\/\/shoply.com\/?post_type=product&#038;p=96308"},"modified":"2025-02-26T12:47:34","modified_gmt":"2025-02-26T17:47:34","slug":"perfektes-make-up-in-einer-minute-no-3","status":"publish","type":"product","link":"https:\/\/2024.shoply.com\/zh_hk\/product\/perfektes-make-up-in-einer-minute-no-3\/","title":{"rendered":"\u4e00\u5206\u9418\u5b8c\u6210\u5b8c\u7f8e\u5316\u599d\uff01 3\u865f"},"content":{"rendered":"<div class=\"product-details__product-attributes\">\n<p>&nbsp;<\/p>\n<p>&nbsp;<\/p>\n<div class=\"details-product-attribute\"><span class=\"details-product-attribute__title\"><span style=\"vertical-align: inherit\"><span style=\"vertical-align: inherit\"><span style=\"vertical-align: inherit\"><span style=\"vertical-align: inherit\">\u5e02\u5834\uff1a\u00a0 <\/span><\/span><\/span><\/span><\/span><span class=\"details-product-attribute__value\"><span style=\"vertical-align: inherit\"><span style=\"vertical-align: inherit\"><span style=\"vertical-align: inherit\"><span style=\"vertical-align: inherit\">\u746a\u8482\u5a1c\u00b7\u5967\u7279\u5316\u599d\u54c1\u00ae<\/span><\/span><\/span><\/span><\/span><\/div>\n<\/div>\n<div id=\"productDescription\" class=\"product-details__product-description\">\n<div><span style=\"vertical-align: inherit\"><span style=\"vertical-align: inherit\"><span style=\"vertical-align: inherit\"><span style=\"vertical-align: inherit\">Verwandeln Sie Ihre Haut \u5728 Sekunden\uff01 Die All Cover up Foundation No.3 Sanddust von Martina Otte Cosmetics\u00ae \u662f\u4e00\u6b3e\u9769\u547d\u6027\u7684 Formel \u914d\u65b9\uff0c\u5177\u6709\u7368\u7279\u7684\u529f\u6548\u548c\u529f\u6548\uff0c\u53ef\u6709\u6548\u6539\u5584\u808c\u819a\u72c0\u6cc1\u3002 Diese wasserfeste Foundation mit hoher Deckkraft ben\u00f6tigt nur eine kleine Menge zur Anwendung \u548c ersetzt gleichzeitig Ihren Concealer und Puder\u3002 Unregelm\u00e4\u00dfigkeiten werden sanft ausgeglichen and leichte Linien sowie F\u00e4ltchen weichgezeichnet\u3002\u4f7f\u7528 SPF50 \u7684\u63d0\u62c9\u6548\u679c\uff0c\u4e26\u4f7f\u7528 SPF50 \u7684\u9632\u66ec\u4e73\u3002\u7406\u60f3\u7684 leicht gebr\u00e4unte Haut mit einem r\u00f6tlichen Unterton\u3002 \u00dcberzeugen Sie sich self von der pflegenden und samtenen Textur unserer Sanddust Foundation, die Ihre nat\u00fcrliche Sch\u00f6nheit perfekt zur Geltung Bringt.\u5f69\u599d\u548c\u599d\u5bb9\u5747\u4ee5\u7c89\u5e95\u548c\u7c89\u5e95\u5857\u62b9\u3002\u5316\u599d\u7bc0\u671f\u9593\uff0c\u5316\u599d\u7bc0\u5c07\u6301\u7e8c 24 \u5c0f\u6642\uff0c\u4e26\u4e14\u6301\u7e8c 24 \u5c0f\u6642\u3002\u6df7\u5408\u5316\u599d\u54c1\u3001\u5316\u599d\u548c\u57fa\u790e\u8b77\u7406\u3001\u906e\u7455\u818f\u548c\u906e\u7455\u818f\u7b49\u3002 Hohe Deckkraft \u548c Ergiebigkeit f\u00fcr ein Pflege- \u548c Make-up-Highlight der Extraklasse\u3002 Perfekt grundiert durch hohe Deckkraft\u3002 Die atmungsaktive Hybrid Foundation mit Pflege verleiht Ihnen ein junges und frisches Aussehen\u3002<\/span><\/span><\/span><\/span><\/div>\n<\/div>\n<div><\/div>\n<div>\n<p><span style=\"font-weight: 400\">\u539f\u6599\uff1a<\/span><\/p>\n<p><span style=\"font-weight: 400\">\u6c34(Aqua)\u3001\u74b0\u4e94\u77fd\u6c27\u70f7\u3001\u8702\u881f(Cera Alba)\u3001\u786c\u8102\u57fa\u805a\u4e8c\u7532\u57fa\u77fd\u6c27\u70f7\u3001\u7570\u5341\u4e8c\u70f7\u3001\u4e59\u57fa\u5df1\u9178\u9be8\u881f\u916f\u3001\u5fae\u6676\u881f(Crea Microcristal-lina) \u3001Ceryl PEG\/PPG-10\/1 \u805a\u4e8c\u7532\u57fa\u77fd\u6c27\u70f7\u3001\u6708\u6842\u9178\u7518\u6cb9\u916f\u3001\u96f2\u6bcd\u3001\u4e8c\u786c\u8102\u4e8c\u7532\u92a8\u3001\u92f0\u8499\u812b\u77f3\u3001\u5c0d\u7fa5\u57fa\u82ef\u7532\u9178\u7532\u916f\u3001\u5c0d\u7fa5\u57fa\u82ef\u7532\u9178\u4e59\u916f\u3001\u5c0d\u7fa5\u57fa\u82ef\u7532\u9178\u4e01\u916f\u3001\u751f\u80b2\u915a\u4e59\u9178\u916f\u3001\u6297\u58de\u8840\u9178\u68d5\u6ada\u9178\u916f\u3001\u6d0b\u7518\u83ca\u8403\u53d6\u7269\u3001\u900f\u660e\u8cea\u9178\u9209\uff0c\u53ef\u80fd\u542b\u6709\/peut Contenir\uff1a\u6c27\u5316\u9435\uff08CI 177491\u3001CI 177492\u3001CI 177499\uff09\u3001\u4e8c\u6c27\u5316\u9226\uff08CI 177891 \uff09\uff0c\u7121\u6b98\u5fcd<\/span><\/p>\n<\/div>","protected":false},"excerpt":{"rendered":"<ul>\n<li style=\"font-weight: 400\"><span style=\"font-weight: 400\"><span style=\"vertical-align: inherit\"><span style=\"vertical-align: inherit\"><span style=\"vertical-align: inherit\"><span style=\"vertical-align: inherit\">Erleben Sie die Symbiose aus Pflege \u548c Make-up mit Martina Otte Cosmetics\u00ae\u3002<\/span><\/span><\/span><\/span><\/span><\/li>\n<li style=\"font-weight: 400\"><span style=\"font-weight: 400\"><span style=\"vertical-align: inherit\"><span style=\"vertical-align: inherit\"><span style=\"vertical-align: inherit\"><span style=\"vertical-align: inherit\">Dein perfekter Begleiter f\u00fcr jeden Anlass\uff1aWasserfest\u3001langanhaltend \u548c mit Anti-Aging-Effekt\u3002<\/span><\/span><\/span><\/span><\/span><\/li>\n<li style=\"font-weight: 400\"><span style=\"font-weight: 400\"><span style=\"vertical-align: inherit\"><span style=\"vertical-align: inherit\"><span style=\"vertical-align: inherit\"><span style=\"vertical-align: inherit\">Martina Otte Cosmetics\u00ae \u662f\u4e00\u6b3e\u9ad8\u54c1\u8cea\u7c89\u5e95\u3001\u7c89\u5e95\u971c\u3001\u9ad8\u7d1a\u7c89\u5e95\u548c\u5316\u599d\u6c34\u3002<\/span><\/span><\/span><\/span><\/span><\/li>\n<li style=\"font-weight: 400\"><span style=\"font-weight: 400\"><span style=\"vertical-align: inherit\"><span style=\"vertical-align: inherit\"><span style=\"vertical-align: inherit\"><span style=\"vertical-align: inherit\">Zeit sparen und strahlen \u2013 mit unserem\u5275\u65b0\u6df7\u5408\u5316\u599d\uff0c\u7279\u5225\u9069\u5408\u73fe\u4ee3\u5973\u6027\u3002<\/span><\/span><\/span><\/span><\/span><\/li>\n<li>\n<h2><b><span style=\"vertical-align: inherit\"><span style=\"vertical-align: inherit\">Martina Otte Cosmetics\u00ae \u6df7\u5408\u5f69\u599d\uff1aPflege und Farbe \u7684\u5b8c\u7f8e\u7d44\u5408<\/span><\/span><\/b><\/h2>\n<p><b><span style=\"vertical-align: inherit\"><span style=\"vertical-align: inherit\">\u9019\u662f\u6df7\u5408\u5316\u599d\u55ce\uff1f<\/span><\/span><\/b><\/p>\n<p><span style=\"font-weight: 400\"><span style=\"vertical-align: inherit\"><span style=\"vertical-align: inherit\">\u9996\u5148\uff0c\u6211\u5011\u5c07\u4ecb\u7d39\u5316\u599d\u54c1\u7684\u4e3b\u8981\u7528\u9014\u548c\u5316\u599d\u54c1\u3002 Genau das ist \u6df7\u5408\u5f69\u599d\u3002 Es \u662f\u500b\u5275\u65b0\u8005\uff0c\u5b83\u8207\u5316\u599d\u54c1\u7684\u672c\u8cea\u76f8\u7d50\u5408\u3002 Das Ergebnis\uff1f Ein strahlender Teint, der gepflegt aussieht und gleichzeitig Unreinheiten abdeckt.<\/span><\/span><\/span><\/p>\n<p><b><span style=\"vertical-align: inherit\"><span style=\"vertical-align: inherit\">\u6df7\u5408\u5316\u599d\u662f Martina Otte Cosmetics\u00ae \u7684\u6df7\u5408\u5316\u599d\u54c1\u55ce\uff1f<\/span><\/span><\/b><\/p>\n<p><span style=\"font-weight: 400\"><span style=\"vertical-align: inherit\"><span style=\"vertical-align: inherit\"><span style=\"vertical-align: inherit\"><span style=\"vertical-align: inherit\">Martina Otte Cosmetics\u00ae \u7684 Hybrid-Produkte \u662f\u4e00\u7a2e\u975e\u5e38\u8907\u96dc\u7684\u6df7\u5408\u7522\u54c1\uff0c\u5b83\u662f\u4e00\u6b3e\u975e\u5e38\u9ad8\u7d1a\u7684\u7522\u54c1\uff0c\u662f\u4e00\u6b3e\u975e\u5e38\u9069\u5408\u65e5\u5e38\u8b77\u7406\u548c\u8b77\u7406\u7684\u7522\u54c1\u3002 Hier sind einige Vorteile, die du erwarten kannst:<\/span><\/span><\/span><\/span><\/span><\/p>\n<ul>\n<li style=\"font-weight: 400\"><b><span style=\"vertical-align: inherit\"><span style=\"vertical-align: inherit\"><span style=\"vertical-align: inherit\"><span style=\"vertical-align: inherit\"><span style=\"vertical-align: inherit\"><span style=\"vertical-align: inherit\">\u5b8c\u7f8e\u7532\u677f\u8239\uff1a <\/span><\/span><\/span><\/span><\/span><\/span><\/b><span style=\"font-weight: 400\"><span style=\"vertical-align: inherit\"><span style=\"vertical-align: inherit\"><span style=\"vertical-align: inherit\"><span style=\"vertical-align: inherit\"><span style=\"vertical-align: inherit\"><span style=\"vertical-align: inherit\">Ob leichte T\u00f6nung oder vollst\u00e4ndige Abdeckung \u2013 unsere Hybrid-Produkte passen sich deinen Bed\u00fcrfnissen and kaschieren Unreinheiten, R\u00f6tungen und Augenringe\u3002<\/span><\/span><\/span><\/span><\/span><\/span><\/span><\/li>\n<li style=\"font-weight: 400\"><b><span style=\"vertical-align: inherit\"><span style=\"vertical-align: inherit\"><span style=\"vertical-align: inherit\"><span style=\"vertical-align: inherit\"><span style=\"vertical-align: inherit\"><span style=\"vertical-align: inherit\">\u5f37\u5316\u8ab2\u7a0b\uff1a <\/span><\/span><\/span><\/span><\/span><\/span><\/b><span style=\"font-weight: 400\"><span style=\"vertical-align: inherit\"><span style=\"vertical-align: inherit\"><span style=\"vertical-align: inherit\"><span style=\"vertical-align: inherit\"><span style=\"vertical-align: inherit\"><span style=\"vertical-align: inherit\">Hochwertige Inhaltsstoffe wie Hyalurons\u00e4ure\u3001\u7dad\u751f\u7d20\u548c\u6297\u6c27\u5316\u5291 versorgen Ihre Haut mit Feuchtigkeit\u3001sch\u00fctzen sie vor Umwelteinfl\u00fcssen \u548c f\u00f6rdern ihre \u518d\u751f\u3002<\/span><\/span><\/span><\/span><\/span><\/span><\/span><\/li>\n<li style=\"font-weight: 400\"><b><span style=\"vertical-align: inherit\"><span style=\"vertical-align: inherit\"><span style=\"vertical-align: inherit\"><span style=\"vertical-align: inherit\"><span style=\"vertical-align: inherit\"><span style=\"vertical-align: inherit\"><span style=\"vertical-align: inherit\"><span style=\"vertical-align: inherit\">\u81ea\u7136\u5b8c\u6210\uff1a <\/span><\/span><\/span><\/span><\/span><\/span><\/span><\/span><\/b><span style=\"font-weight: 400\"><span style=\"vertical-align: inherit\"><span style=\"vertical-align: inherit\"><span style=\"vertical-align: inherit\"><span style=\"vertical-align: inherit\"><span style=\"vertical-align: inherit\"><span style=\"vertical-align: inherit\"><span style=\"vertical-align: inherit\"><span style=\"vertical-align: inherit\">Unsere Hybrid-Produktehinterlassen ein ebenm\u00e4\u00dfiges, nat\u00fcrliches Finish, als du kein Make-up aufgetragen hast.<\/span><\/span><\/span><\/span><\/span><\/span><\/span><\/span><\/span><\/li>\n<li style=\"font-weight: 400\"><b><span style=\"vertical-align: inherit\"><span style=\"vertical-align: inherit\"><span style=\"vertical-align: inherit\"><span style=\"vertical-align: inherit\"><span style=\"vertical-align: inherit\"><span style=\"vertical-align: inherit\"><span style=\"vertical-align: inherit\"><span style=\"vertical-align: inherit\">\u6717\u6839\u54c8\u723e\u6ed5\u5fb7\u5a01\u723e\u5b54\uff1a <\/span><\/span><\/span><\/span><\/span><\/span><\/span><\/span><\/b><span style=\"font-weight: 400\"><span style=\"vertical-align: inherit\"><span style=\"vertical-align: inherit\"><span style=\"vertical-align: inherit\"><span style=\"vertical-align: inherit\"><span style=\"vertical-align: inherit\"><span style=\"vertical-align: inherit\"><span style=\"vertical-align: inherit\"><span style=\"vertical-align: inherit\">Genie\u00dfen Sie den ganzen Tag \u00fcber einen frischen und strahlenden Teint\u3002<\/span><\/span><\/span><\/span><\/span><\/span><\/span><\/span><\/span><\/li>\n<li style=\"font-weight: 400\"><b><span style=\"vertical-align: inherit\"><span style=\"vertical-align: inherit\"><span style=\"vertical-align: inherit\"><span style=\"vertical-align: inherit\"><span style=\"vertical-align: inherit\"><span style=\"vertical-align: inherit\"><span style=\"vertical-align: inherit\"><span style=\"vertical-align: inherit\">\u591a\u529f\u80fd\u8aaa\u660e\uff1a <\/span><\/span><\/span><\/span><\/span><\/span><\/span><\/span><\/b><span style=\"font-weight: 400\"><span style=\"vertical-align: inherit\"><span style=\"vertical-align: inherit\"><span style=\"vertical-align: inherit\"><span style=\"vertical-align: inherit\"><span style=\"vertical-align: inherit\"><span style=\"vertical-align: inherit\"><span style=\"vertical-align: inherit\"><span style=\"vertical-align: inherit\">Viele unserer Hybrid-Produkte k\u00f6nnen sowohl als Foundation, Concealer als auch als leichte Tagescreme verwendet werden.<\/span><\/span><\/span><\/span><\/span><\/span><\/span><\/span><\/span><\/li>\n<\/ul>\n<p><b><span style=\"vertical-align: inherit\"><span style=\"vertical-align: inherit\"><span style=\"vertical-align: inherit\"><span style=\"vertical-align: inherit\"><span style=\"vertical-align: inherit\"><span style=\"vertical-align: inherit\"><span style=\"vertical-align: inherit\"><span style=\"vertical-align: inherit\">Martina Otte Cosmetics\u00ae \u7684 Warum \u6df7\u5408\u5f69\u599d\uff1f<\/span><\/span><\/span><\/span><\/span><\/span><\/span><\/span><\/b><\/p>\n<ul>\n<li style=\"font-weight: 400\"><b><span style=\"vertical-align: inherit\"><span style=\"vertical-align: inherit\"><span style=\"vertical-align: inherit\"><span style=\"vertical-align: inherit\"><span style=\"vertical-align: inherit\"><span style=\"vertical-align: inherit\"><span style=\"vertical-align: inherit\"><span style=\"vertical-align: inherit\">\u6d1b\u677e\u6839\u500b\u4eba\uff1a <\/span><\/span><\/span><\/span><\/span><\/span><\/span><\/span><\/b><span style=\"font-weight: 400\"><span style=\"vertical-align: inherit\"><span style=\"vertical-align: inherit\"><span style=\"vertical-align: inherit\"><span style=\"vertical-align: inherit\"><span style=\"vertical-align: inherit\"><span style=\"vertical-align: inherit\"><span style=\"vertical-align: inherit\"><span style=\"vertical-align: inherit\">Wir bieten eine Vielzahl von Hybrid-Produkten for jeden Hauttyp \u548c jed Anforderung\u3002<\/span><\/span><\/span><\/span><\/span><\/span><\/span><\/span><\/span><\/li>\n<li style=\"font-weight: 400\"><b><span style=\"vertical-align: inherit\"><span style=\"vertical-align: inherit\"><span style=\"vertical-align: inherit\"><span style=\"vertical-align: inherit\"><span style=\"vertical-align: inherit\"><span style=\"vertical-align: inherit\"><span style=\"vertical-align: inherit\"><span style=\"vertical-align: inherit\">H\u00f6chste \u54c1\u8cea\uff1a <\/span><\/span><\/span><\/span><\/span><\/span><\/span><\/span><\/b><span style=\"font-weight: 400\"><span style=\"vertical-align: inherit\"><span style=\"vertical-align: inherit\"><span style=\"vertical-align: inherit\"><span style=\"vertical-align: inherit\"><span style=\"vertical-align: inherit\"><span style=\"vertical-align: inherit\"><span style=\"vertical-align: inherit\"><span style=\"vertical-align: inherit\">Unsere Produkte werden aus hochwertigen\uff0csorgf\u00e4ltig ausgew\u00e4hlten Inhaltsstoffen hergestellt\u3002<\/span><\/span><\/span><\/span><\/span><\/span><\/span><\/span><\/span><\/li>\n<\/ul>\n<p><span style=\"font-weight: 400\"><span style=\"vertical-align: inherit\"><span style=\"vertical-align: inherit\"><span style=\"vertical-align: inherit\"><span style=\"vertical-align: inherit\"><span style=\"vertical-align: inherit\"><span style=\"vertical-align: inherit\"><span style=\"vertical-align: inherit\"><span style=\"vertical-align: inherit\">Martina Otte Cosmetics\u00ae \u7684\u6df7\u5408\u5316\u599d\u54c1\u5177\u6709\u7368\u7279\u7684\u81ea\u6211\u548c\u5b9a\u7fa9<\/span><\/span><\/span><\/span><\/span><\/span><\/span><\/span><\/span><\/li>\n<\/ul>\n<p>&nbsp;<\/p>","protected":false},"featured_media":147092,"template":"","meta":{"footnotes":""},"product_brand":[],"product_cat":[77],"product_tag":[889,149,174,529,111,592,155,397,480,862],"class_list":{"0":"post-96308","1":"product","2":"type-product","3":"status-publish","4":"has-post-thumbnail","6":"product_cat-uncategorized","7":"product_tag-all-cover-up-foundation-no-3-sanddust-created-by-martina-otte-cosmetics","8":"product_tag-anti-aging","9":"product_tag-anti-inflammatory","10":"product_tag-breathable","11":"product_tag-care","12":"product_tag-high-quality","13":"product_tag-hyaluronic","14":"product_tag-luxury","15":"product_tag-new-arrivals","16":"product_tag-trockene-und-sensible-haut","17":"product_shipping_class-shipping-class-2","18":"has-subscription-plans","20":"first","21":"instock","22":"sale","23":"taxable","24":"shipping-taxable","25":"purchasable","26":"product-type-simple"},"bundled_by":[],"bundle_stock_status":"instock","bundle_stock_quantity":null,"bundle_virtual":false,"bundle_layout":"","bundle_add_to_cart_form_location":"","bundle_editable_in_cart":false,"bundle_sold_individually_context":"","bundle_item_grouping":"","bundle_min_size":"","bundle_max_size":"","bundle_price":[],"bundled_items":[],"bundle_sell_ids":[],"group_of_quantity":0,"min_quantity":0,"max_quantity":"","exclude_order_quantity_value_rules":"no","exclude_category_quantity_rules":"no","combine_variations":"no","_links":{"self":[{"href":"https:\/\/2024.shoply.com\/zh_hk\/wp-json\/wp\/v2\/product\/96308","targetHints":{"allow":["GET"]}}],"collection":[{"href":"https:\/\/2024.shoply.com\/zh_hk\/wp-json\/wp\/v2\/product"}],"about":[{"href":"https:\/\/2024.shoply.com\/zh_hk\/wp-json\/wp\/v2\/types\/product"}],"version-history":[{"count":3,"href":"https:\/\/2024.shoply.com\/zh_hk\/wp-json\/wp\/v2\/product\/96308\/revisions"}],"predecessor-version":[{"id":147094,"href":"https:\/\/2024.shoply.com\/zh_hk\/wp-json\/wp\/v2\/product\/96308\/revisions\/147094"}],"wp:featuredmedia":[{"embeddable":true,"href":"https:\/\/2024.shoply.com\/zh_hk\/wp-json\/wp\/v2\/media\/147092"}],"wp:attachment":[{"href":"https:\/\/2024.shoply.com\/zh_hk\/wp-json\/wp\/v2\/media?parent=96308"}],"wp:term":[{"taxonomy":"product_brand","embeddable":true,"href":"https:\/\/2024.shoply.com\/zh_hk\/wp-json\/wp\/v2\/product_brand?post=96308"},{"taxonomy":"product_cat","embeddable":true,"href":"https:\/\/2024.shoply.com\/zh_hk\/wp-json\/wp\/v2\/product_cat?post=96308"},{"taxonomy":"product_tag","embeddable":true,"href":"https:\/\/2024.shoply.com\/zh_hk\/wp-json\/wp\/v2\/product_tag?post=96308"}],"curies":[{"name":"wp","href":"https:\/\/api.w.org\/{rel}","templated":true}]}}